{"id":827,"date":"2026-05-14T18:39:54","date_gmt":"2026-05-15T00:39:54","guid":{"rendered":"https:\/\/kemindustries.com\/?page_id=827"},"modified":"2026-05-15T13:36:34","modified_gmt":"2026-05-15T19:36:34","slug":"trietanolamina-al-85-tea","status":"publish","type":"page","link":"https:\/\/kemindustries.com\/en\/trietanolamina-al-85-tea\/","title":{"rendered":"Trietanolamina al 85% (TEA)"},"content":{"rendered":"<section class=\"l-section wpb_row height_medium\"><div class=\"l-section-h i-cf\"><div class=\"g-cols vc_row via_grid cols_1 laptops-cols_inherit tablets-cols_inherit mobiles-cols_1 valign_top type_default stacking_default\"><div class=\"wpb_column vc_column_container\"><div class=\"vc_column-inner\"><div class=\"g-cols wpb_row via_grid cols_2 laptops-cols_inherit tablets-cols_inherit mobiles-cols_1 valign_top type_default reversed stacking_default\" style=\"--columns-gap:3rem;\"><div class=\"wpb_column vc_column_container\"><div class=\"vc_column-inner\"><div class=\"wpb_text_column\"><div class=\"wpb_wrapper\"><h3>TRIETANOLAMINA AL 85% (TEA)<\/h3>\n<p>La trietanolamina es un compuesto qu\u00edmico org\u00e1nico utilizada en diversas industrias por sus propiedades como agente alcalinizante, neutralizante, surfactante auxiliar, acelerante qu\u00edmico, agente complejante y estabilizador de formulaciones.<\/p>\n<p><strong>Beneficios Principales<\/strong><\/p>\n<ul>\n<li>Optimizaci\u00f3n y estabilizaci\u00f3n de formulaciones qu\u00edmicas<\/li>\n<li>Mejora de dispersi\u00f3n y homogeneidad<\/li>\n<li>Incremento de eficiencia en procesos industriales<\/li>\n<li>Alta versatilidad y compatibilidad qu\u00edmica<\/li>\n<\/ul>\n<p><strong>Presentaciones disponibles:<\/strong><\/p>\n<ul>\n<li><strong>Tambo de 230 kg<\/strong><\/li>\n<\/ul>\n<p><strong>Aplicaciones<\/strong><\/p>\n<ul>\n<li><a href=\"https:\/\/kemindustries.com\/en\/lignosulfonato-de-calcio\/#aditivos\">Concrete Additives<\/a><\/li>\n<li><a href=\"#cosmetica\">Cosm\u00e9tica<\/a><\/li>\n<li><a href=\"#detergentes\">Detergentes y limpieza<\/a><\/li>\n<\/ul>\n<\/div><\/div><\/div><\/div><div class=\"wpb_column vc_column_container\"><div class=\"vc_column-inner\"><div class=\"w-image align_none\"><div class=\"w-image-h\"><img decoding=\"async\" width=\"800\" height=\"732\" src=\"https:\/\/kemindustries.com\/wp-content\/uploads\/2026\/05\/trietanolamina_1.jpg\" class=\"attachment-large size-large\" alt=\"\" loading=\"lazy\" srcset=\"https:\/\/kemindustries.com\/wp-content\/uploads\/2026\/05\/trietanolamina_1.jpg 800w, https:\/\/kemindustries.com\/wp-content\/uploads\/2026\/05\/trietanolamina_1-300x275.jpg 300w, https:\/\/kemindustries.com\/wp-content\/uploads\/2026\/05\/trietanolamina_1-13x12.jpg 13w\" sizes=\"auto, (max-width: 800px) 100vw, 800px\" \/><\/div><\/div><\/div><\/div><\/div><div class=\"w-separator size_medium\"><\/div><div class=\"g-cols wpb_row via_grid cols_2 laptops-cols_inherit tablets-cols_inherit mobiles-cols_1 valign_top type_default stacking_default\" style=\"--columns-gap:3rem;\" id=\"aditivos\"><div class=\"wpb_column vc_column_container\"><div class=\"vc_column-inner\"><div class=\"wpb_text_column\"><div class=\"wpb_wrapper\"><h2><strong>TRIETANOLAMINA COMO <\/strong><strong>ADITIVOS DE CONCRETO (CONCRETO PREMEZCLADO)<\/strong><\/h2>\n<ul>\n<li>Favorece la hidrataci\u00f3n inicial del cemento, contribuyendo al incremento de resistencias en edades tempranas<\/li>\n<li>Mejora la interacci\u00f3n entre distintos qu\u00edmicos en aditivos para concreto, favoreciendo una desempe\u00f1o m\u00e1s uniforme y estabilidad qu\u00edmica.<\/li>\n<li>Mejora la dispersi\u00f3n de las part\u00edculas del cemento.<\/li>\n<\/ul>\n<\/div><\/div><\/div><\/div><div class=\"wpb_column vc_column_container\"><div class=\"vc_column-inner\"><div class=\"w-image align_none\"><div class=\"w-image-h\"><img decoding=\"async\" width=\"1024\" height=\"683\" src=\"https:\/\/kemindustries.com\/wp-content\/uploads\/2020\/06\/aditamentos-para-concreto-industria-construccion-kem-industries-1024x683.jpg\" class=\"attachment-large size-large\" alt=\"Proveedor de Lignosulfonato de Sodio, utilizado como aditivo para concreto.\" loading=\"lazy\" srcset=\"https:\/\/kemindustries.com\/wp-content\/uploads\/2020\/06\/aditamentos-para-concreto-industria-construccion-kem-industries-1024x683.jpg 1024w, https:\/\/kemindustries.com\/wp-content\/uploads\/2020\/06\/aditamentos-para-concreto-industria-construccion-kem-industries-300x200.jpg 300w, https:\/\/kemindustries.com\/wp-content\/uploads\/2020\/06\/aditamentos-para-concreto-industria-construccion-kem-industries-1536x1025.jpg 1536w, https:\/\/kemindustries.com\/wp-content\/uploads\/2020\/06\/aditamentos-para-concreto-industria-construccion-kem-industries.jpg 1904w\" sizes=\"auto, (max-width: 1024px) 100vw, 1024px\" \/><\/div><\/div><\/div><\/div><\/div><div class=\"w-separator size_medium\"><\/div><div class=\"g-cols wpb_row via_grid cols_2 laptops-cols_inherit tablets-cols_inherit mobiles-cols_1 valign_top type_default stacking_default\" style=\"--columns-gap:3rem;\" id=\"cosmetica\"><div class=\"wpb_column vc_column_container\"><div class=\"vc_column-inner\"><div class=\"wpb_text_column\"><div class=\"wpb_wrapper\"><h2><strong>TRIETANOLAMINA <\/strong><strong>PARA LA <\/strong><strong>COSM\u00c9TICA<\/strong><\/h2>\n<ul>\n<li>Regulaci\u00f3n y estabilizaci\u00f3n de pH<\/li>\n<li>Formaci\u00f3n y estabilizaci\u00f3n de emulsiones, ayudando a mezclar fases acuosas y oleosas.<\/li>\n<li>Mejora de textura y consistencia<\/li>\n<\/ul>\n<\/div><\/div><\/div><\/div><div class=\"wpb_column vc_column_container\"><div class=\"vc_column-inner\"><div class=\"w-image align_none\"><div class=\"w-image-h\"><img decoding=\"async\" width=\"1024\" height=\"948\" src=\"https:\/\/kemindustries.com\/wp-content\/uploads\/2026\/05\/top-view-collection-beauty-products-with-copy-space-1024x948.webp\" class=\"attachment-large size-large\" alt=\"\" loading=\"lazy\" srcset=\"https:\/\/kemindustries.com\/wp-content\/uploads\/2026\/05\/top-view-collection-beauty-products-with-copy-space-1024x948.webp 1024w, https:\/\/kemindustries.com\/wp-content\/uploads\/2026\/05\/top-view-collection-beauty-products-with-copy-space-300x278.webp 300w, https:\/\/kemindustries.com\/wp-content\/uploads\/2026\/05\/top-view-collection-beauty-products-with-copy-space-13x12.webp 13w\" sizes=\"auto, (max-width: 1024px) 100vw, 1024px\" \/><\/div><\/div><\/div><\/div><\/div><div class=\"w-separator size_medium\"><\/div><div class=\"g-cols wpb_row via_grid cols_2 laptops-cols_inherit tablets-cols_inherit mobiles-cols_1 valign_top type_default stacking_default\" style=\"--columns-gap:3rem;\" id=\"detergentes\"><div class=\"wpb_column vc_column_container\"><div class=\"vc_column-inner\"><div class=\"wpb_text_column\"><div class=\"wpb_wrapper\"><h2><strong>TRIETANOLAMINA PARA <\/strong><strong>DETERGENTES Y LIMPIEZA<\/strong><\/h2>\n<ul>\n<li>Regulaci\u00f3n y estabilizaci\u00f3n de pH<\/li>\n<li>Puede potenciar el desempe\u00f1o de ciertos surfactantes y sistemas de limpieza<\/li>\n<li>Formaci\u00f3n y estabilizaci\u00f3n de espuma<\/li>\n<li>Estabilidad de formulaci\u00f3n<\/li>\n<\/ul>\n<\/div><\/div><\/div><\/div><div class=\"wpb_column vc_column_container\"><div class=\"vc_column-inner\"><div class=\"w-image align_none\"><div class=\"w-image-h\"><img decoding=\"async\" width=\"1000\" height=\"667\" src=\"https:\/\/kemindustries.com\/wp-content\/uploads\/2026\/05\/2148333869.webp\" class=\"attachment-large size-large\" alt=\"\" loading=\"lazy\" srcset=\"https:\/\/kemindustries.com\/wp-content\/uploads\/2026\/05\/2148333869.webp 1000w, https:\/\/kemindustries.com\/wp-content\/uploads\/2026\/05\/2148333869-300x200.webp 300w, https:\/\/kemindustries.com\/wp-content\/uploads\/2026\/05\/2148333869-18x12.webp 18w\" sizes=\"auto, (max-width: 1000px) 100vw, 1000px\" \/><\/div><\/div><\/div><\/div><\/div><\/div><\/div><\/div><\/div><\/section>","protected":false},"excerpt":{"rendered":"TRIETANOLAMINA AL 85% (TEA) La trietanolamina es un compuesto qu\u00edmico org\u00e1nico utilizada en diversas industrias por sus propiedades como agente alcalinizante, neutralizante, surfactante auxiliar, acelerante qu\u00edmico, agente complejante y estabilizador de formulaciones. Beneficios Principales Optimizaci\u00f3n y estabilizaci\u00f3n de formulaciones qu\u00edmicas Mejora de dispersi\u00f3n y homogeneidad Incremento de eficiencia en procesos industriales Alta versatilidad y compatibilidad...","protected":false},"author":1,"featured_media":852,"parent":0,"menu_order":0,"comment_status":"closed","ping_status":"closed","template":"","meta":{"footnotes":""},"class_list":["post-827","page","type-page","status-publish","has-post-thumbnail","hentry"],"yoast_head":"<!-- This site is optimized with the Yoast SEO plugin v25.6 - https:\/\/yoast.com\/wordpress\/plugins\/seo\/ -->\n<title>Trietanolamina al 85% (TEA) - kemindustries<\/title>\n<meta name=\"robots\" content=\"index, follow, max-snippet:-1, max-image-preview:large, max-video-preview:-1\" \/>\n<link rel=\"canonical\" href=\"https:\/\/kemindustries.com\/en\/trietanolamina-al-85-tea\/\" \/>\n<meta property=\"og:locale\" content=\"en_US\" \/>\n<meta property=\"og:type\" content=\"article\" \/>\n<meta property=\"og:title\" content=\"Trietanolamina al 85% (TEA) - kemindustries\" \/>\n<meta property=\"og:url\" content=\"https:\/\/kemindustries.com\/en\/trietanolamina-al-85-tea\/\" \/>\n<meta property=\"og:site_name\" content=\"kemindustries\" \/>\n<meta property=\"article:modified_time\" content=\"2026-05-15T19:36:34+00:00\" \/>\n<meta property=\"og:image\" content=\"https:\/\/kemindustries.com\/wp-content\/uploads\/2026\/05\/trietanolamina_1.jpg\" \/>\n\t<meta property=\"og:image:width\" content=\"800\" \/>\n\t<meta property=\"og:image:height\" content=\"732\" \/>\n\t<meta property=\"og:image:type\" content=\"image\/jpeg\" \/>\n<meta name=\"twitter:card\" content=\"summary_large_image\" \/>\n<meta name=\"twitter:label1\" content=\"Est. reading time\" \/>\n\t<meta name=\"twitter:data1\" content=\"1 minute\" \/>\n<script type=\"application\/ld+json\" class=\"yoast-schema-graph\">{\"@context\":\"https:\/\/schema.org\",\"@graph\":[{\"@type\":\"WebPage\",\"@id\":\"https:\/\/kemindustries.com\/trietanolamina-al-85-tea\/\",\"url\":\"https:\/\/kemindustries.com\/trietanolamina-al-85-tea\/\",\"name\":\"Trietanolamina al 85% (TEA) - kemindustries\",\"isPartOf\":{\"@id\":\"https:\/\/kemindustries.com\/#website\"},\"primaryImageOfPage\":{\"@id\":\"https:\/\/kemindustries.com\/trietanolamina-al-85-tea\/#primaryimage\"},\"image\":{\"@id\":\"https:\/\/kemindustries.com\/trietanolamina-al-85-tea\/#primaryimage\"},\"thumbnailUrl\":\"https:\/\/kemindustries.com\/wp-content\/uploads\/2026\/05\/trietanolamina_1.jpg\",\"datePublished\":\"2026-05-15T00:39:54+00:00\",\"dateModified\":\"2026-05-15T19:36:34+00:00\",\"breadcrumb\":{\"@id\":\"https:\/\/kemindustries.com\/trietanolamina-al-85-tea\/#breadcrumb\"},\"inLanguage\":\"en-US\",\"potentialAction\":[{\"@type\":\"ReadAction\",\"target\":[\"https:\/\/kemindustries.com\/trietanolamina-al-85-tea\/\"]}]},{\"@type\":\"ImageObject\",\"inLanguage\":\"en-US\",\"@id\":\"https:\/\/kemindustries.com\/trietanolamina-al-85-tea\/#primaryimage\",\"url\":\"https:\/\/kemindustries.com\/wp-content\/uploads\/2026\/05\/trietanolamina_1.jpg\",\"contentUrl\":\"https:\/\/kemindustries.com\/wp-content\/uploads\/2026\/05\/trietanolamina_1.jpg\",\"width\":800,\"height\":732},{\"@type\":\"BreadcrumbList\",\"@id\":\"https:\/\/kemindustries.com\/trietanolamina-al-85-tea\/#breadcrumb\",\"itemListElement\":[{\"@type\":\"ListItem\",\"position\":1,\"name\":\"Portada\",\"item\":\"https:\/\/kemindustries.com\/\"},{\"@type\":\"ListItem\",\"position\":2,\"name\":\"Trietanolamina al 85% (TEA)\"}]},{\"@type\":\"WebSite\",\"@id\":\"https:\/\/kemindustries.com\/#website\",\"url\":\"https:\/\/kemindustries.com\/\",\"name\":\"kemindustries\",\"description\":\"Otro sitio realizado con WordPress\",\"potentialAction\":[{\"@type\":\"SearchAction\",\"target\":{\"@type\":\"EntryPoint\",\"urlTemplate\":\"https:\/\/kemindustries.com\/?s={search_term_string}\"},\"query-input\":{\"@type\":\"PropertyValueSpecification\",\"valueRequired\":true,\"valueName\":\"search_term_string\"}}],\"inLanguage\":\"en-US\"}]}<\/script>\n<!-- \/ Yoast SEO plugin. -->","yoast_head_json":{"title":"Trietanolamina al 85% (TEA) - kemindustries","robots":{"index":"index","follow":"follow","max-snippet":"max-snippet:-1","max-image-preview":"max-image-preview:large","max-video-preview":"max-video-preview:-1"},"canonical":"https:\/\/kemindustries.com\/en\/trietanolamina-al-85-tea\/","og_locale":"en_US","og_type":"article","og_title":"Trietanolamina al 85% (TEA) - kemindustries","og_url":"https:\/\/kemindustries.com\/en\/trietanolamina-al-85-tea\/","og_site_name":"kemindustries","article_modified_time":"2026-05-15T19:36:34+00:00","og_image":[{"width":800,"height":732,"url":"https:\/\/kemindustries.com\/wp-content\/uploads\/2026\/05\/trietanolamina_1.jpg","type":"image\/jpeg"}],"twitter_card":"summary_large_image","twitter_misc":{"Est. reading time":"1 minute"},"schema":{"@context":"https:\/\/schema.org","@graph":[{"@type":"WebPage","@id":"https:\/\/kemindustries.com\/trietanolamina-al-85-tea\/","url":"https:\/\/kemindustries.com\/trietanolamina-al-85-tea\/","name":"Trietanolamina al 85% (TEA) - kemindustries","isPartOf":{"@id":"https:\/\/kemindustries.com\/#website"},"primaryImageOfPage":{"@id":"https:\/\/kemindustries.com\/trietanolamina-al-85-tea\/#primaryimage"},"image":{"@id":"https:\/\/kemindustries.com\/trietanolamina-al-85-tea\/#primaryimage"},"thumbnailUrl":"https:\/\/kemindustries.com\/wp-content\/uploads\/2026\/05\/trietanolamina_1.jpg","datePublished":"2026-05-15T00:39:54+00:00","dateModified":"2026-05-15T19:36:34+00:00","breadcrumb":{"@id":"https:\/\/kemindustries.com\/trietanolamina-al-85-tea\/#breadcrumb"},"inLanguage":"en-US","potentialAction":[{"@type":"ReadAction","target":["https:\/\/kemindustries.com\/trietanolamina-al-85-tea\/"]}]},{"@type":"ImageObject","inLanguage":"en-US","@id":"https:\/\/kemindustries.com\/trietanolamina-al-85-tea\/#primaryimage","url":"https:\/\/kemindustries.com\/wp-content\/uploads\/2026\/05\/trietanolamina_1.jpg","contentUrl":"https:\/\/kemindustries.com\/wp-content\/uploads\/2026\/05\/trietanolamina_1.jpg","width":800,"height":732},{"@type":"BreadcrumbList","@id":"https:\/\/kemindustries.com\/trietanolamina-al-85-tea\/#breadcrumb","itemListElement":[{"@type":"ListItem","position":1,"name":"Portada","item":"https:\/\/kemindustries.com\/"},{"@type":"ListItem","position":2,"name":"Trietanolamina al 85% (TEA)"}]},{"@type":"WebSite","@id":"https:\/\/kemindustries.com\/#website","url":"https:\/\/kemindustries.com\/","name":"kemindustries","description":"Otro sitio realizado con WordPress","potentialAction":[{"@type":"SearchAction","target":{"@type":"EntryPoint","urlTemplate":"https:\/\/kemindustries.com\/?s={search_term_string}"},"query-input":{"@type":"PropertyValueSpecification","valueRequired":true,"valueName":"search_term_string"}}],"inLanguage":"en-US"}]}},"_links":{"self":[{"href":"https:\/\/kemindustries.com\/en\/wp-json\/wp\/v2\/pages\/827","targetHints":{"allow":["GET"]}}],"collection":[{"href":"https:\/\/kemindustries.com\/en\/wp-json\/wp\/v2\/pages"}],"about":[{"href":"https:\/\/kemindustries.com\/en\/wp-json\/wp\/v2\/types\/page"}],"author":[{"embeddable":true,"href":"https:\/\/kemindustries.com\/en\/wp-json\/wp\/v2\/users\/1"}],"replies":[{"embeddable":true,"href":"https:\/\/kemindustries.com\/en\/wp-json\/wp\/v2\/comments?post=827"}],"version-history":[{"count":0,"href":"https:\/\/kemindustries.com\/en\/wp-json\/wp\/v2\/pages\/827\/revisions"}],"wp:featuredmedia":[{"embeddable":true,"href":"https:\/\/kemindustries.com\/en\/wp-json\/wp\/v2\/media\/852"}],"wp:attachment":[{"href":"https:\/\/kemindustries.com\/en\/wp-json\/wp\/v2\/media?parent=827"}],"curies":[{"name":"wp","href":"https:\/\/api.w.org\/{rel}","templated":true}]}}