{"id":825,"date":"2026-05-14T17:36:02","date_gmt":"2026-05-14T23:36:02","guid":{"rendered":"https:\/\/kemindustries.com\/?page_id=825"},"modified":"2026-05-15T13:34:43","modified_gmt":"2026-05-15T19:34:43","slug":"policarboxilato-liquido-slump-retention","status":"publish","type":"page","link":"https:\/\/kemindustries.com\/en\/policarboxilato-liquido-slump-retention\/","title":{"rendered":"Policarboxilato L\u00edquido \u201cSlump Retention\u201d"},"content":{"rendered":"<section class=\"l-section wpb_row height_medium\"><div class=\"l-section-h i-cf\"><div class=\"g-cols vc_row via_grid cols_2 laptops-cols_inherit tablets-cols_inherit mobiles-cols_1 valign_top type_default stacking_default\"><div class=\"wpb_column vc_column_container\"><div class=\"vc_column-inner\"><div class=\"wpb_text_column\"><div class=\"wpb_wrapper\"><h2><strong>POLICARBOXILATO L\u00cdQUIDO \u201cSLUMP RETENTION\u201d<\/strong><\/h2>\n<p>El policarboxilato l\u00edquido \u201cslump retention\u201d es una materia prima de nueva generaci\u00f3n que adem\u00e1s de funcionar como superplastificante, se encuentra dise\u00f1ado espec\u00edficamente para mantener la trabajabilidad y revenimiento del concreto durante largos periodos de tiempo.<\/p>\n<p><strong>Beneficios Principales<\/strong><\/p>\n<ul>\n<li>Mayor tiempo de permanencia de trabajabilidad, conservado su fluidez y revenimiento<\/li>\n<li>Reduce la p\u00e9rdida de trabajabilidad \u201cslump loss\u201d<\/li>\n<li>Mejor desempe\u00f1o en tiempos largos de transporte<\/li>\n<li>Mejora colocaci\u00f3n del concreto en colados complejos<\/li>\n<li>Mantiene la lubricaci\u00f3n interna del concreto por m\u00e1s tiempo<\/li>\n<\/ul>\n<p><strong>\u00a0<\/strong><\/p>\n<p><strong>Presentaciones disponibles:<\/strong><\/p>\n<ul>\n<li><strong>IBC Tote de 1,100 kg<\/strong><\/li>\n<li><strong>Tambo de 200 kg<\/strong><\/li>\n<li style=\"list-style-type: none;\"><\/li>\n<\/ul>\n<\/div><\/div><\/div><\/div><div class=\"wpb_column vc_column_container\"><div class=\"vc_column-inner\"><div class=\"w-image align_none\"><div class=\"w-image-h\"><img decoding=\"async\" width=\"750\" height=\"750\" src=\"https:\/\/kemindustries.com\/wp-content\/uploads\/2026\/05\/policarboxilato-liquido.webp\" class=\"attachment-large size-large\" alt=\"\" loading=\"lazy\" srcset=\"https:\/\/kemindustries.com\/wp-content\/uploads\/2026\/05\/policarboxilato-liquido.webp 750w, https:\/\/kemindustries.com\/wp-content\/uploads\/2026\/05\/policarboxilato-liquido-300x300.webp 300w, https:\/\/kemindustries.com\/wp-content\/uploads\/2026\/05\/policarboxilato-liquido-150x150.webp 150w, https:\/\/kemindustries.com\/wp-content\/uploads\/2026\/05\/policarboxilato-liquido-12x12.webp 12w, https:\/\/kemindustries.com\/wp-content\/uploads\/2026\/05\/policarboxilato-liquido-350x350.webp 350w, https:\/\/kemindustries.com\/wp-content\/uploads\/2026\/05\/policarboxilato-liquido-600x600.webp 600w\" sizes=\"auto, (max-width: 750px) 100vw, 750px\" \/><\/div><\/div><\/div><\/div><\/div><\/div><\/section>","protected":false},"excerpt":{"rendered":"POLICARBOXILATO L\u00cdQUIDO \u201cSLUMP RETENTION\u201d El policarboxilato l\u00edquido \u201cslump retention\u201d es una materia prima de nueva generaci\u00f3n que adem\u00e1s de funcionar como superplastificante, se encuentra dise\u00f1ado espec\u00edficamente para mantener la trabajabilidad y revenimiento del concreto durante largos periodos de tiempo. Beneficios Principales Mayor tiempo de permanencia de trabajabilidad, conservado su fluidez y revenimiento Reduce la p\u00e9rdida...","protected":false},"author":1,"featured_media":849,"parent":0,"menu_order":0,"comment_status":"closed","ping_status":"closed","template":"","meta":{"footnotes":""},"class_list":["post-825","page","type-page","status-publish","has-post-thumbnail","hentry"],"yoast_head":"<!-- This site is optimized with the Yoast SEO plugin v25.6 - https:\/\/yoast.com\/wordpress\/plugins\/seo\/ -->\n<title>Policarboxilato L\u00edquido \u201cSlump Retention\u201d - kemindustries<\/title>\n<meta name=\"robots\" content=\"index, follow, max-snippet:-1, max-image-preview:large, max-video-preview:-1\" \/>\n<link rel=\"canonical\" href=\"https:\/\/kemindustries.com\/en\/policarboxilato-liquido-slump-retention\/\" \/>\n<meta property=\"og:locale\" content=\"en_US\" \/>\n<meta property=\"og:type\" content=\"article\" \/>\n<meta property=\"og:title\" content=\"Policarboxilato L\u00edquido \u201cSlump Retention\u201d - kemindustries\" \/>\n<meta property=\"og:url\" content=\"https:\/\/kemindustries.com\/en\/policarboxilato-liquido-slump-retention\/\" \/>\n<meta property=\"og:site_name\" content=\"kemindustries\" \/>\n<meta property=\"article:modified_time\" content=\"2026-05-15T19:34:43+00:00\" \/>\n<meta property=\"og:image\" content=\"https:\/\/kemindustries.com\/wp-content\/uploads\/2026\/05\/policarboxilato-liquido.webp\" \/>\n\t<meta property=\"og:image:width\" content=\"750\" \/>\n\t<meta property=\"og:image:height\" content=\"750\" \/>\n\t<meta property=\"og:image:type\" content=\"image\/webp\" \/>\n<meta name=\"twitter:card\" content=\"summary_large_image\" \/>\n<meta name=\"twitter:label1\" content=\"Est. reading time\" \/>\n\t<meta name=\"twitter:data1\" content=\"1 minute\" \/>\n<script type=\"application\/ld+json\" class=\"yoast-schema-graph\">{\"@context\":\"https:\/\/schema.org\",\"@graph\":[{\"@type\":\"WebPage\",\"@id\":\"https:\/\/kemindustries.com\/policarboxilato-liquido-slump-retention\/\",\"url\":\"https:\/\/kemindustries.com\/policarboxilato-liquido-slump-retention\/\",\"name\":\"Policarboxilato L\u00edquido \u201cSlump Retention\u201d - kemindustries\",\"isPartOf\":{\"@id\":\"https:\/\/kemindustries.com\/#website\"},\"primaryImageOfPage\":{\"@id\":\"https:\/\/kemindustries.com\/policarboxilato-liquido-slump-retention\/#primaryimage\"},\"image\":{\"@id\":\"https:\/\/kemindustries.com\/policarboxilato-liquido-slump-retention\/#primaryimage\"},\"thumbnailUrl\":\"https:\/\/kemindustries.com\/wp-content\/uploads\/2026\/05\/policarboxilato-liquido.webp\",\"datePublished\":\"2026-05-14T23:36:02+00:00\",\"dateModified\":\"2026-05-15T19:34:43+00:00\",\"breadcrumb\":{\"@id\":\"https:\/\/kemindustries.com\/policarboxilato-liquido-slump-retention\/#breadcrumb\"},\"inLanguage\":\"en-US\",\"potentialAction\":[{\"@type\":\"ReadAction\",\"target\":[\"https:\/\/kemindustries.com\/policarboxilato-liquido-slump-retention\/\"]}]},{\"@type\":\"ImageObject\",\"inLanguage\":\"en-US\",\"@id\":\"https:\/\/kemindustries.com\/policarboxilato-liquido-slump-retention\/#primaryimage\",\"url\":\"https:\/\/kemindustries.com\/wp-content\/uploads\/2026\/05\/policarboxilato-liquido.webp\",\"contentUrl\":\"https:\/\/kemindustries.com\/wp-content\/uploads\/2026\/05\/policarboxilato-liquido.webp\",\"width\":750,\"height\":750},{\"@type\":\"BreadcrumbList\",\"@id\":\"https:\/\/kemindustries.com\/policarboxilato-liquido-slump-retention\/#breadcrumb\",\"itemListElement\":[{\"@type\":\"ListItem\",\"position\":1,\"name\":\"Portada\",\"item\":\"https:\/\/kemindustries.com\/\"},{\"@type\":\"ListItem\",\"position\":2,\"name\":\"Policarboxilato L\u00edquido \u201cSlump Retention\u201d\"}]},{\"@type\":\"WebSite\",\"@id\":\"https:\/\/kemindustries.com\/#website\",\"url\":\"https:\/\/kemindustries.com\/\",\"name\":\"kemindustries\",\"description\":\"Otro sitio realizado con WordPress\",\"potentialAction\":[{\"@type\":\"SearchAction\",\"target\":{\"@type\":\"EntryPoint\",\"urlTemplate\":\"https:\/\/kemindustries.com\/?s={search_term_string}\"},\"query-input\":{\"@type\":\"PropertyValueSpecification\",\"valueRequired\":true,\"valueName\":\"search_term_string\"}}],\"inLanguage\":\"en-US\"}]}<\/script>\n<!-- \/ Yoast SEO plugin. -->","yoast_head_json":{"title":"Policarboxilato L\u00edquido \u201cSlump Retention\u201d - kemindustries","robots":{"index":"index","follow":"follow","max-snippet":"max-snippet:-1","max-image-preview":"max-image-preview:large","max-video-preview":"max-video-preview:-1"},"canonical":"https:\/\/kemindustries.com\/en\/policarboxilato-liquido-slump-retention\/","og_locale":"en_US","og_type":"article","og_title":"Policarboxilato L\u00edquido \u201cSlump Retention\u201d - kemindustries","og_url":"https:\/\/kemindustries.com\/en\/policarboxilato-liquido-slump-retention\/","og_site_name":"kemindustries","article_modified_time":"2026-05-15T19:34:43+00:00","og_image":[{"width":750,"height":750,"url":"https:\/\/kemindustries.com\/wp-content\/uploads\/2026\/05\/policarboxilato-liquido.webp","type":"image\/webp"}],"twitter_card":"summary_large_image","twitter_misc":{"Est. reading time":"1 minute"},"schema":{"@context":"https:\/\/schema.org","@graph":[{"@type":"WebPage","@id":"https:\/\/kemindustries.com\/policarboxilato-liquido-slump-retention\/","url":"https:\/\/kemindustries.com\/policarboxilato-liquido-slump-retention\/","name":"Policarboxilato L\u00edquido \u201cSlump Retention\u201d - kemindustries","isPartOf":{"@id":"https:\/\/kemindustries.com\/#website"},"primaryImageOfPage":{"@id":"https:\/\/kemindustries.com\/policarboxilato-liquido-slump-retention\/#primaryimage"},"image":{"@id":"https:\/\/kemindustries.com\/policarboxilato-liquido-slump-retention\/#primaryimage"},"thumbnailUrl":"https:\/\/kemindustries.com\/wp-content\/uploads\/2026\/05\/policarboxilato-liquido.webp","datePublished":"2026-05-14T23:36:02+00:00","dateModified":"2026-05-15T19:34:43+00:00","breadcrumb":{"@id":"https:\/\/kemindustries.com\/policarboxilato-liquido-slump-retention\/#breadcrumb"},"inLanguage":"en-US","potentialAction":[{"@type":"ReadAction","target":["https:\/\/kemindustries.com\/policarboxilato-liquido-slump-retention\/"]}]},{"@type":"ImageObject","inLanguage":"en-US","@id":"https:\/\/kemindustries.com\/policarboxilato-liquido-slump-retention\/#primaryimage","url":"https:\/\/kemindustries.com\/wp-content\/uploads\/2026\/05\/policarboxilato-liquido.webp","contentUrl":"https:\/\/kemindustries.com\/wp-content\/uploads\/2026\/05\/policarboxilato-liquido.webp","width":750,"height":750},{"@type":"BreadcrumbList","@id":"https:\/\/kemindustries.com\/policarboxilato-liquido-slump-retention\/#breadcrumb","itemListElement":[{"@type":"ListItem","position":1,"name":"Portada","item":"https:\/\/kemindustries.com\/"},{"@type":"ListItem","position":2,"name":"Policarboxilato L\u00edquido \u201cSlump Retention\u201d"}]},{"@type":"WebSite","@id":"https:\/\/kemindustries.com\/#website","url":"https:\/\/kemindustries.com\/","name":"kemindustries","description":"Otro sitio realizado con WordPress","potentialAction":[{"@type":"SearchAction","target":{"@type":"EntryPoint","urlTemplate":"https:\/\/kemindustries.com\/?s={search_term_string}"},"query-input":{"@type":"PropertyValueSpecification","valueRequired":true,"valueName":"search_term_string"}}],"inLanguage":"en-US"}]}},"_links":{"self":[{"href":"https:\/\/kemindustries.com\/en\/wp-json\/wp\/v2\/pages\/825","targetHints":{"allow":["GET"]}}],"collection":[{"href":"https:\/\/kemindustries.com\/en\/wp-json\/wp\/v2\/pages"}],"about":[{"href":"https:\/\/kemindustries.com\/en\/wp-json\/wp\/v2\/types\/page"}],"author":[{"embeddable":true,"href":"https:\/\/kemindustries.com\/en\/wp-json\/wp\/v2\/users\/1"}],"replies":[{"embeddable":true,"href":"https:\/\/kemindustries.com\/en\/wp-json\/wp\/v2\/comments?post=825"}],"version-history":[{"count":0,"href":"https:\/\/kemindustries.com\/en\/wp-json\/wp\/v2\/pages\/825\/revisions"}],"wp:featuredmedia":[{"embeddable":true,"href":"https:\/\/kemindustries.com\/en\/wp-json\/wp\/v2\/media\/849"}],"wp:attachment":[{"href":"https:\/\/kemindustries.com\/en\/wp-json\/wp\/v2\/media?parent=825"}],"curies":[{"name":"wp","href":"https:\/\/api.w.org\/{rel}","templated":true}]}}