{"id":824,"date":"2026-05-15T12:53:23","date_gmt":"2026-05-15T18:53:23","guid":{"rendered":"https:\/\/kemindustries.com\/?page_id=824"},"modified":"2026-05-15T13:37:18","modified_gmt":"2026-05-15T19:37:18","slug":"policarboxilato-liquido","status":"publish","type":"page","link":"https:\/\/kemindustries.com\/en\/policarboxilato-liquido\/","title":{"rendered":"Policarboxilato l\u00edquido"},"content":{"rendered":"<section class=\"l-section wpb_row height_medium\"><div class=\"l-section-h i-cf\"><div class=\"g-cols vc_row via_grid cols_1 laptops-cols_inherit tablets-cols_inherit mobiles-cols_1 valign_top type_default stacking_default\"><div class=\"wpb_column vc_column_container\"><div class=\"vc_column-inner\"><div class=\"g-cols wpb_row via_grid cols_2 laptops-cols_inherit tablets-cols_inherit mobiles-cols_1 valign_top type_default stacking_default\" style=\"--columns-gap:3rem;\"><div class=\"wpb_column vc_column_container\"><div class=\"vc_column-inner\"><div class=\"wpb_text_column\"><div class=\"wpb_wrapper\"><h2><strong>POLICARBOXILATO L\u00cdQUIDO<\/strong><\/h2>\n<p>El policarboxilato es una materia prima de nueva generaci\u00f3n empleada para formular aditivos superplastificantes basado en tecnolog\u00eda de policarboxilatos, dise\u00f1ado para mejorar la fluidez del concreto con baja relaci\u00f3n agua\/cemento.<\/p>\n<p><strong>Beneficios Principales<\/strong><\/p>\n<ul>\n<li>Alta reducci\u00f3n de agua<\/li>\n<li>Excelente trabajabilidad<\/li>\n<li>Mayor resistencia mec\u00e1nica<\/li>\n<li>Mejor bombeabilidad<\/li>\n<li>Incrementa fluidez sin segregaci\u00f3n<\/li>\n<\/ul>\n<p><strong>Presentaciones disponibles:<\/strong><\/p>\n<ul>\n<li><strong>IBC Tote de 1,100 kg<\/strong><\/li>\n<li><strong>Tambo de 200 kg<\/strong><\/li>\n<\/ul>\n<p><strong>Aplicaciones<\/strong><\/p>\n<ul>\n<li><a href=\"#construccion\">Construcci\u00f3n (Concreto Premezclado)<\/a><\/li>\n<li><a href=\"#prefabricados\">Prefabricados<\/a><\/li>\n<li><a href=\"#altaresistencia\">Concreto de alta resistencia<\/a><\/li>\n<li>Concreto bombeable<\/li>\n<\/ul>\n<\/div><\/div><\/div><\/div><div class=\"wpb_column vc_column_container\"><div class=\"vc_column-inner\"><div class=\"w-image align_none\"><div class=\"w-image-h\"><img decoding=\"async\" width=\"750\" height=\"750\" src=\"https:\/\/kemindustries.com\/wp-content\/uploads\/2026\/05\/policarboxilato-liquido.webp\" class=\"attachment-large size-large\" alt=\"\" loading=\"lazy\" srcset=\"https:\/\/kemindustries.com\/wp-content\/uploads\/2026\/05\/policarboxilato-liquido.webp 750w, https:\/\/kemindustries.com\/wp-content\/uploads\/2026\/05\/policarboxilato-liquido-300x300.webp 300w, https:\/\/kemindustries.com\/wp-content\/uploads\/2026\/05\/policarboxilato-liquido-150x150.webp 150w, https:\/\/kemindustries.com\/wp-content\/uploads\/2026\/05\/policarboxilato-liquido-12x12.webp 12w, https:\/\/kemindustries.com\/wp-content\/uploads\/2026\/05\/policarboxilato-liquido-350x350.webp 350w, https:\/\/kemindustries.com\/wp-content\/uploads\/2026\/05\/policarboxilato-liquido-600x600.webp 600w\" sizes=\"auto, (max-width: 750px) 100vw, 750px\" \/><\/div><\/div><\/div><\/div><\/div><div class=\"w-separator size_medium\"><\/div><div class=\"g-cols wpb_row via_grid cols_2 laptops-cols_inherit tablets-cols_inherit mobiles-cols_1 valign_top type_default stacking_default\" style=\"--columns-gap:3rem;\" id=\"construccion\"><div class=\"wpb_column vc_column_container\"><div class=\"vc_column-inner\"><div class=\"wpb_text_column\"><div class=\"wpb_wrapper\"><h2><strong>POLICARBOXILATO <\/strong><strong>COMO <\/strong><strong>ADITIVOS DE <\/strong><strong>CONCRETO (CONCRETO PREMEZCLADO)<\/strong><\/h2>\n<ul>\n<li>Incrementa resistencias<\/li>\n<li>Mejor acabado<\/li>\n<li>Mejor bombeabilidad<\/li>\n<\/ul>\n<\/div><\/div><\/div><\/div><div class=\"wpb_column vc_column_container\"><div class=\"vc_column-inner\"><div class=\"w-image align_none\"><div class=\"w-image-h\"><img decoding=\"async\" width=\"1024\" height=\"683\" src=\"https:\/\/kemindustries.com\/wp-content\/uploads\/2020\/06\/aditamentos-para-concreto-industria-construccion-kem-industries-1024x683.jpg\" class=\"attachment-large size-large\" alt=\"Proveedor de Lignosulfonato de Sodio, utilizado como aditivo para concreto.\" loading=\"lazy\" srcset=\"https:\/\/kemindustries.com\/wp-content\/uploads\/2020\/06\/aditamentos-para-concreto-industria-construccion-kem-industries-1024x683.jpg 1024w, https:\/\/kemindustries.com\/wp-content\/uploads\/2020\/06\/aditamentos-para-concreto-industria-construccion-kem-industries-300x200.jpg 300w, https:\/\/kemindustries.com\/wp-content\/uploads\/2020\/06\/aditamentos-para-concreto-industria-construccion-kem-industries-1536x1025.jpg 1536w, https:\/\/kemindustries.com\/wp-content\/uploads\/2020\/06\/aditamentos-para-concreto-industria-construccion-kem-industries.jpg 1904w\" sizes=\"auto, (max-width: 1024px) 100vw, 1024px\" \/><\/div><\/div><\/div><\/div><\/div><div class=\"w-separator size_medium\"><\/div><div class=\"g-cols wpb_row via_grid cols_2 laptops-cols_inherit tablets-cols_inherit mobiles-cols_1 valign_top type_default stacking_default\" style=\"--columns-gap:3rem;\" id=\"prefabricados\"><div class=\"wpb_column vc_column_container\"><div class=\"vc_column-inner\"><div class=\"wpb_text_column\"><div class=\"wpb_wrapper\"><h2><strong>POLICARBOXILATO<\/strong><strong> PARA PREFABRICADOS<\/strong><\/h2>\n<ul>\n<li>Mayor resistencia mec\u00e1nica<\/li>\n<li>Curado m\u00e1s eficiente<\/li>\n<li>Optimizaci\u00f3n de ciclos de producci\u00f3n<\/li>\n<\/ul>\n<\/div><\/div><\/div><\/div><div class=\"wpb_column vc_column_container\"><div class=\"vc_column-inner\"><div class=\"w-image align_none\"><div class=\"w-image-h\"><img decoding=\"async\" width=\"444\" height=\"266\" src=\"https:\/\/kemindustries.com\/wp-content\/uploads\/2020\/06\/CERAMICAS-Y-REFRACTARIOS@2x.png\" class=\"attachment-large size-large\" alt=\"\" loading=\"lazy\" srcset=\"https:\/\/kemindustries.com\/wp-content\/uploads\/2020\/06\/CERAMICAS-Y-REFRACTARIOS@2x.png 444w, https:\/\/kemindustries.com\/wp-content\/uploads\/2020\/06\/CERAMICAS-Y-REFRACTARIOS@2x-300x180.png 300w\" sizes=\"auto, (max-width: 444px) 100vw, 444px\" \/><\/div><\/div><\/div><\/div><\/div><div class=\"g-cols wpb_row via_grid cols_2 laptops-cols_inherit tablets-cols_inherit mobiles-cols_1 valign_top type_default stacking_default\" style=\"--columns-gap:3rem;\" id=\"altaresistencia\"><div class=\"wpb_column vc_column_container\"><div class=\"vc_column-inner\"><div class=\"wpb_text_column\"><div class=\"wpb_wrapper\"><h2><strong>POLICARBOXILATO L\u00cdQUIDO <\/strong><strong>COMO <\/strong><strong>ADITIVOS PARA <\/strong><strong>CONCRETO DE ALTA RESISTENCIA<\/strong><\/h2>\n<p>Lignosulfonates are used as lubricant additive for water and clay based muds. They improve the rheological properties, lubricating the drills and avoiding the exhaust of gas, crude oil or water due to the hydrostatic pressure.<\/p>\n<p>Lignosulfonates perform as dispersants for clay particles and other solids, preventing the formation of lumps and helping to preserve fluid homogeneity, thus reducing losses by lateral filtration.<\/p>\n<\/div><\/div><\/div><\/div><div class=\"wpb_column vc_column_container\"><div class=\"vc_column-inner\"><div class=\"w-image align_none\"><div class=\"w-image-h\"><img decoding=\"async\" width=\"670\" height=\"380\" src=\"https:\/\/kemindustries.com\/wp-content\/uploads\/2020\/06\/kem-industries-industra-del-gas-y-petroleo.jpg\" class=\"attachment-large size-large\" alt=\"\" loading=\"lazy\" srcset=\"https:\/\/kemindustries.com\/wp-content\/uploads\/2020\/06\/kem-industries-industra-del-gas-y-petroleo.jpg 670w, https:\/\/kemindustries.com\/wp-content\/uploads\/2020\/06\/kem-industries-industra-del-gas-y-petroleo-300x170.jpg 300w\" sizes=\"auto, (max-width: 670px) 100vw, 670px\" \/><\/div><\/div><\/div><\/div><\/div><div class=\"w-separator size_medium\"><\/div><div class=\"g-cols wpb_row via_grid cols_2 laptops-cols_inherit tablets-cols_inherit mobiles-cols_1 valign_top type_default stacking_default\" style=\"--columns-gap:3rem;\" id=\"bombeable\"><div class=\"wpb_column vc_column_container\"><div class=\"vc_column-inner\"><div class=\"wpb_text_column\"><div class=\"wpb_wrapper\"><h2><strong>POLICARBOXILATO L\u00cdQUIDO <\/strong><strong>COMO <\/strong><strong>ADITIVOS PARA <\/strong><strong>CONCRETO BOMBEABLE<\/strong><\/h2>\n<ul>\n<li>Menor fricci\u00f3n<\/li>\n<li>Menos presi\u00f3n de bombeo<\/li>\n<li>Flujo m\u00e1s estable<\/li>\n<\/ul>\n<\/div><\/div><\/div><\/div><div class=\"wpb_column vc_column_container\"><div class=\"vc_column-inner\"><div class=\"w-image align_none\"><div class=\"w-image-h\"><img decoding=\"async\" width=\"670\" height=\"380\" src=\"https:\/\/kemindustries.com\/wp-content\/uploads\/2020\/06\/kem-industries-industra-del-gas-y-petroleo.jpg\" class=\"attachment-large size-large\" alt=\"\" loading=\"lazy\" srcset=\"https:\/\/kemindustries.com\/wp-content\/uploads\/2020\/06\/kem-industries-industra-del-gas-y-petroleo.jpg 670w, https:\/\/kemindustries.com\/wp-content\/uploads\/2020\/06\/kem-industries-industra-del-gas-y-petroleo-300x170.jpg 300w\" sizes=\"auto, (max-width: 670px) 100vw, 670px\" \/><\/div><\/div><\/div><\/div><\/div><div class=\"w-separator size_medium\"><\/div><\/div><\/div><\/div><\/div><\/section>","protected":false},"excerpt":{"rendered":"POLICARBOXILATO L\u00cdQUIDO El policarboxilato es una materia prima de nueva generaci\u00f3n empleada para formular aditivos superplastificantes basado en tecnolog\u00eda de policarboxilatos, dise\u00f1ado para mejorar la fluidez del concreto con baja relaci\u00f3n agua\/cemento. Beneficios Principales Alta reducci\u00f3n de agua Excelente trabajabilidad Mayor resistencia mec\u00e1nica Mejor bombeabilidad Incrementa fluidez sin segregaci\u00f3n Presentaciones disponibles: IBC Tote de 1,100...","protected":false},"author":1,"featured_media":0,"parent":0,"menu_order":0,"comment_status":"closed","ping_status":"closed","template":"","meta":{"footnotes":""},"class_list":["post-824","page","type-page","status-publish","hentry"],"yoast_head":"<!-- This site is optimized with the Yoast SEO plugin v25.6 - https:\/\/yoast.com\/wordpress\/plugins\/seo\/ -->\n<title>Policarboxilato l\u00edquido - kemindustries<\/title>\n<meta name=\"robots\" content=\"index, follow, max-snippet:-1, max-image-preview:large, max-video-preview:-1\" \/>\n<link rel=\"canonical\" href=\"https:\/\/kemindustries.com\/en\/policarboxilato-liquido\/\" \/>\n<meta property=\"og:locale\" content=\"en_US\" \/>\n<meta property=\"og:type\" content=\"article\" \/>\n<meta property=\"og:title\" content=\"Policarboxilato l\u00edquido - kemindustries\" \/>\n<meta property=\"og:url\" content=\"https:\/\/kemindustries.com\/en\/policarboxilato-liquido\/\" \/>\n<meta property=\"og:site_name\" content=\"kemindustries\" \/>\n<meta property=\"article:modified_time\" content=\"2026-05-15T19:37:18+00:00\" \/>\n<meta name=\"twitter:card\" content=\"summary_large_image\" \/>\n<meta name=\"twitter:label1\" content=\"Est. reading time\" \/>\n\t<meta name=\"twitter:data1\" content=\"2 minutes\" \/>\n<script type=\"application\/ld+json\" class=\"yoast-schema-graph\">{\"@context\":\"https:\/\/schema.org\",\"@graph\":[{\"@type\":\"WebPage\",\"@id\":\"https:\/\/kemindustries.com\/policarboxilato-liquido\/\",\"url\":\"https:\/\/kemindustries.com\/policarboxilato-liquido\/\",\"name\":\"Policarboxilato l\u00edquido - kemindustries\",\"isPartOf\":{\"@id\":\"https:\/\/kemindustries.com\/#website\"},\"datePublished\":\"2026-05-15T18:53:23+00:00\",\"dateModified\":\"2026-05-15T19:37:18+00:00\",\"breadcrumb\":{\"@id\":\"https:\/\/kemindustries.com\/policarboxilato-liquido\/#breadcrumb\"},\"inLanguage\":\"en-US\",\"potentialAction\":[{\"@type\":\"ReadAction\",\"target\":[\"https:\/\/kemindustries.com\/policarboxilato-liquido\/\"]}]},{\"@type\":\"BreadcrumbList\",\"@id\":\"https:\/\/kemindustries.com\/policarboxilato-liquido\/#breadcrumb\",\"itemListElement\":[{\"@type\":\"ListItem\",\"position\":1,\"name\":\"Portada\",\"item\":\"https:\/\/kemindustries.com\/\"},{\"@type\":\"ListItem\",\"position\":2,\"name\":\"Policarboxilato l\u00edquido\"}]},{\"@type\":\"WebSite\",\"@id\":\"https:\/\/kemindustries.com\/#website\",\"url\":\"https:\/\/kemindustries.com\/\",\"name\":\"kemindustries\",\"description\":\"Otro sitio realizado con WordPress\",\"potentialAction\":[{\"@type\":\"SearchAction\",\"target\":{\"@type\":\"EntryPoint\",\"urlTemplate\":\"https:\/\/kemindustries.com\/?s={search_term_string}\"},\"query-input\":{\"@type\":\"PropertyValueSpecification\",\"valueRequired\":true,\"valueName\":\"search_term_string\"}}],\"inLanguage\":\"en-US\"}]}<\/script>\n<!-- \/ Yoast SEO plugin. -->","yoast_head_json":{"title":"Policarboxilato l\u00edquido - kemindustries","robots":{"index":"index","follow":"follow","max-snippet":"max-snippet:-1","max-image-preview":"max-image-preview:large","max-video-preview":"max-video-preview:-1"},"canonical":"https:\/\/kemindustries.com\/en\/policarboxilato-liquido\/","og_locale":"en_US","og_type":"article","og_title":"Policarboxilato l\u00edquido - kemindustries","og_url":"https:\/\/kemindustries.com\/en\/policarboxilato-liquido\/","og_site_name":"kemindustries","article_modified_time":"2026-05-15T19:37:18+00:00","twitter_card":"summary_large_image","twitter_misc":{"Est. reading time":"2 minutes"},"schema":{"@context":"https:\/\/schema.org","@graph":[{"@type":"WebPage","@id":"https:\/\/kemindustries.com\/policarboxilato-liquido\/","url":"https:\/\/kemindustries.com\/policarboxilato-liquido\/","name":"Policarboxilato l\u00edquido - kemindustries","isPartOf":{"@id":"https:\/\/kemindustries.com\/#website"},"datePublished":"2026-05-15T18:53:23+00:00","dateModified":"2026-05-15T19:37:18+00:00","breadcrumb":{"@id":"https:\/\/kemindustries.com\/policarboxilato-liquido\/#breadcrumb"},"inLanguage":"en-US","potentialAction":[{"@type":"ReadAction","target":["https:\/\/kemindustries.com\/policarboxilato-liquido\/"]}]},{"@type":"BreadcrumbList","@id":"https:\/\/kemindustries.com\/policarboxilato-liquido\/#breadcrumb","itemListElement":[{"@type":"ListItem","position":1,"name":"Portada","item":"https:\/\/kemindustries.com\/"},{"@type":"ListItem","position":2,"name":"Policarboxilato l\u00edquido"}]},{"@type":"WebSite","@id":"https:\/\/kemindustries.com\/#website","url":"https:\/\/kemindustries.com\/","name":"kemindustries","description":"Otro sitio realizado con WordPress","potentialAction":[{"@type":"SearchAction","target":{"@type":"EntryPoint","urlTemplate":"https:\/\/kemindustries.com\/?s={search_term_string}"},"query-input":{"@type":"PropertyValueSpecification","valueRequired":true,"valueName":"search_term_string"}}],"inLanguage":"en-US"}]}},"_links":{"self":[{"href":"https:\/\/kemindustries.com\/en\/wp-json\/wp\/v2\/pages\/824","targetHints":{"allow":["GET"]}}],"collection":[{"href":"https:\/\/kemindustries.com\/en\/wp-json\/wp\/v2\/pages"}],"about":[{"href":"https:\/\/kemindustries.com\/en\/wp-json\/wp\/v2\/types\/page"}],"author":[{"embeddable":true,"href":"https:\/\/kemindustries.com\/en\/wp-json\/wp\/v2\/users\/1"}],"replies":[{"embeddable":true,"href":"https:\/\/kemindustries.com\/en\/wp-json\/wp\/v2\/comments?post=824"}],"version-history":[{"count":0,"href":"https:\/\/kemindustries.com\/en\/wp-json\/wp\/v2\/pages\/824\/revisions"}],"wp:attachment":[{"href":"https:\/\/kemindustries.com\/en\/wp-json\/wp\/v2\/media?parent=824"}],"curies":[{"name":"wp","href":"https:\/\/api.w.org\/{rel}","templated":true}]}}