{"id":823,"date":"2026-05-14T18:46:35","date_gmt":"2026-05-15T00:46:35","guid":{"rendered":"https:\/\/kemindustries.com\/?page_id=823"},"modified":"2026-05-15T13:36:45","modified_gmt":"2026-05-15T19:36:45","slug":"nitrato-de-calcio","status":"publish","type":"page","link":"https:\/\/kemindustries.com\/en\/nitrato-de-calcio\/","title":{"rendered":"Nitrato de calcio"},"content":{"rendered":"<section class=\"l-section wpb_row height_medium\"><div class=\"l-section-h i-cf\"><div class=\"g-cols vc_row via_grid cols_1 laptops-cols_inherit tablets-cols_inherit mobiles-cols_1 valign_top type_default stacking_default\"><div class=\"wpb_column vc_column_container\"><div class=\"vc_column-inner\"><div class=\"g-cols wpb_row via_grid cols_2 laptops-cols_inherit tablets-cols_inherit mobiles-cols_1 valign_top type_default stacking_default\" style=\"--columns-gap:3rem;\"><div class=\"wpb_column vc_column_container\"><div class=\"vc_column-inner\"><div class=\"wpb_text_column\"><div class=\"wpb_wrapper\"><h2><strong>PROVEEDORES DE <\/strong><strong>NITRATO DE CALCIO<\/strong><\/h2>\n<p>El nitrato de calcio es una sal inorg\u00e1nica altamente soluble en agua, utilizada principalmente como acelerante, fuente de calcio y nitr\u00f3geno, y aditivo industrial.<\/p>\n<p><strong>Beneficios Principales<\/strong><\/p>\n<ul>\n<li>Excelente solubilidad<\/li>\n<li>Compatible con m\u00faltiples formulaciones<\/li>\n<\/ul>\n<p><strong>Presentaciones disponibles:<\/strong><\/p>\n<ul>\n<li><strong>Saco de 25 kg<\/strong><\/li>\n<\/ul>\n<p><strong>Aplicaciones<\/strong><\/p>\n<ul>\n<li><a href=\"#construccion\">Construction<\/a><\/li>\n<li><a href=\"#agricultura\">Agriculture<\/a><\/li>\n<li><a href=\"#tratamiento\">Water Treatment<\/a><\/li>\n<\/ul>\n<\/div><\/div><\/div><\/div><div class=\"wpb_column vc_column_container\"><div class=\"vc_column-inner\"><div class=\"w-image align_none\"><div class=\"w-image-h\"><img decoding=\"async\" width=\"1024\" height=\"906\" src=\"https:\/\/kemindustries.com\/wp-content\/uploads\/2026\/05\/nitrato-de-calcio-sal-1024x906.jpg\" class=\"attachment-large size-large\" alt=\"\" loading=\"lazy\" srcset=\"https:\/\/kemindustries.com\/wp-content\/uploads\/2026\/05\/nitrato-de-calcio-sal-1024x906.jpg 1024w, https:\/\/kemindustries.com\/wp-content\/uploads\/2026\/05\/nitrato-de-calcio-sal-300x266.jpg 300w, https:\/\/kemindustries.com\/wp-content\/uploads\/2026\/05\/nitrato-de-calcio-sal-14x12.jpg 14w, https:\/\/kemindustries.com\/wp-content\/uploads\/2026\/05\/nitrato-de-calcio-sal.jpg 1333w\" sizes=\"auto, (max-width: 1024px) 100vw, 1024px\" \/><\/div><\/div><\/div><\/div><\/div><div class=\"w-separator size_medium\"><\/div><div class=\"g-cols wpb_row via_grid cols_2 laptops-cols_inherit tablets-cols_inherit mobiles-cols_1 valign_top type_default stacking_default\" style=\"--columns-gap:3rem;\" id=\"construccion\"><div class=\"wpb_column vc_column_container\"><div class=\"vc_column-inner\"><div class=\"wpb_text_column\"><div class=\"wpb_wrapper\"><h2><strong>NITRATO DE CALCIO<\/strong><strong> EN LA CONSTRUCCI\u00d3N<\/strong><\/h2>\n<ul>\n<li>Acelerante para concretos y morteros<\/li>\n<li>Mayor ganancia de resistencia en edades tempranas<\/li>\n<li>Reducci\u00f3n del tiempo de fraguado<\/li>\n<li>Reduce el riesgo de retrasos severos de fraguado en temperaturas bajas<\/li>\n<\/ul>\n<\/div><\/div><\/div><\/div><div class=\"wpb_column vc_column_container\"><div class=\"vc_column-inner\"><div class=\"w-image align_none\"><div class=\"w-image-h\"><img decoding=\"async\" width=\"1024\" height=\"683\" src=\"https:\/\/kemindustries.com\/wp-content\/uploads\/2020\/06\/aditamentos-para-concreto-industria-construccion-kem-industries-1024x683.jpg\" class=\"attachment-large size-large\" alt=\"Proveedor de Lignosulfonato de Sodio, utilizado como aditivo para concreto.\" loading=\"lazy\" srcset=\"https:\/\/kemindustries.com\/wp-content\/uploads\/2020\/06\/aditamentos-para-concreto-industria-construccion-kem-industries-1024x683.jpg 1024w, https:\/\/kemindustries.com\/wp-content\/uploads\/2020\/06\/aditamentos-para-concreto-industria-construccion-kem-industries-300x200.jpg 300w, https:\/\/kemindustries.com\/wp-content\/uploads\/2020\/06\/aditamentos-para-concreto-industria-construccion-kem-industries-1536x1025.jpg 1536w, https:\/\/kemindustries.com\/wp-content\/uploads\/2020\/06\/aditamentos-para-concreto-industria-construccion-kem-industries.jpg 1904w\" sizes=\"auto, (max-width: 1024px) 100vw, 1024px\" \/><\/div><\/div><\/div><\/div><\/div><div class=\"g-cols wpb_row via_grid cols_2 laptops-cols_inherit tablets-cols_inherit mobiles-cols_1 valign_top type_default stacking_default\" style=\"--columns-gap:3rem;\" id=\"agricultura\"><div class=\"wpb_column vc_column_container\"><div class=\"vc_column-inner\"><div class=\"wpb_text_column\"><div class=\"wpb_wrapper\"><h2><strong>NITRATO DE CALCIO <\/strong><strong style=\"font-family: inherit;\">EN LA AGRICULTURA<\/strong><\/h2>\n<ul>\n<li>Aporta nutrientes esenciales como el calcio y nitr\u00f3geno n\u00edtrico<\/li>\n<li>Es una fuente de nitr\u00f3geno de r\u00e1pida absorci\u00f3n<\/li>\n<li>Mejora del desarrollo radicular<\/li>\n<li>Beneficios en suelos<\/li>\n<\/ul>\n<\/div><\/div><\/div><\/div><div class=\"wpb_column vc_column_container\"><div class=\"vc_column-inner\"><div class=\"w-image align_none\"><div class=\"w-image-h\"><img decoding=\"async\" width=\"1024\" height=\"683\" src=\"https:\/\/kemindustries.com\/wp-content\/uploads\/2020\/06\/aditamentos-para-la-agricultura-kem-industries-1024x683.jpg\" class=\"attachment-large size-large\" alt=\"Una de las aplicaciones de los lignosulfonatos en la agricultura es su funci\u00f3n como dispersante en pesticidas.\" loading=\"lazy\" srcset=\"https:\/\/kemindustries.com\/wp-content\/uploads\/2020\/06\/aditamentos-para-la-agricultura-kem-industries-1024x683.jpg 1024w, https:\/\/kemindustries.com\/wp-content\/uploads\/2020\/06\/aditamentos-para-la-agricultura-kem-industries-300x200.jpg 300w, https:\/\/kemindustries.com\/wp-content\/uploads\/2020\/06\/aditamentos-para-la-agricultura-kem-industries.jpg 1200w\" sizes=\"auto, (max-width: 1024px) 100vw, 1024px\" \/><\/div><\/div><\/div><\/div><\/div><div class=\"w-separator size_medium\"><\/div><div class=\"g-cols wpb_row via_grid cols_2 laptops-cols_inherit tablets-cols_inherit mobiles-cols_1 valign_top type_default stacking_default\" style=\"--columns-gap:3rem;\" id=\"tratamiento\"><div class=\"wpb_column vc_column_container\"><div class=\"vc_column-inner\"><div class=\"wpb_text_column\"><div class=\"wpb_wrapper\"><h2><strong>NITRATO DE CALCIO<\/strong> <strong>FOR WATER TREATMENT<\/strong><\/h2>\n<ul>\n<li>Control de sulfuro de hidr\u00f3geno, ayudando a evitar su formaci\u00f3n.<\/li>\n<li>Reducci\u00f3n de olores<\/li>\n<li>Protecci\u00f3n contra corrosi\u00f3n<\/li>\n<li>Reducci\u00f3n de sulfuros<\/li>\n<\/ul>\n<\/div><\/div><\/div><\/div><div class=\"wpb_column vc_column_container\"><div class=\"vc_column-inner\"><div class=\"w-image align_none\"><div class=\"w-image-h\"><img decoding=\"async\" width=\"1024\" height=\"683\" src=\"https:\/\/kemindustries.com\/wp-content\/uploads\/2020\/07\/dims-2-1024x683.jpg\" class=\"attachment-large size-large\" alt=\"\" loading=\"lazy\" srcset=\"https:\/\/kemindustries.com\/wp-content\/uploads\/2020\/07\/dims-2-1024x683.jpg 1024w, https:\/\/kemindustries.com\/wp-content\/uploads\/2020\/07\/dims-2-300x200.jpg 300w, https:\/\/kemindustries.com\/wp-content\/uploads\/2020\/07\/dims-2-1536x1024.jpg 1536w, https:\/\/kemindustries.com\/wp-content\/uploads\/2020\/07\/dims-2.jpg 1800w\" sizes=\"auto, (max-width: 1024px) 100vw, 1024px\" \/><\/div><\/div><\/div><\/div><\/div><\/div><\/div><\/div><\/div><\/section>","protected":false},"excerpt":{"rendered":"PROVEEDORES DE NITRATO DE CALCIO El nitrato de calcio es una sal inorg\u00e1nica altamente soluble en agua, utilizada principalmente como acelerante, fuente de calcio y nitr\u00f3geno, y aditivo industrial. Beneficios Principales Excelente solubilidad Compatible con m\u00faltiples formulaciones Presentaciones disponibles: Saco de 25 kg Aplicaciones Construcci\u00f3n Agricultura Tratamiento de Aguas NITRATO DE CALCIO EN LA CONSTRUCCI\u00d3N...","protected":false},"author":1,"featured_media":857,"parent":0,"menu_order":0,"comment_status":"closed","ping_status":"closed","template":"","meta":{"footnotes":""},"class_list":["post-823","page","type-page","status-publish","has-post-thumbnail","hentry"],"yoast_head":"<!-- This site is optimized with the Yoast SEO plugin v25.6 - https:\/\/yoast.com\/wordpress\/plugins\/seo\/ -->\n<title>Nitrato de calcio - kemindustries<\/title>\n<meta name=\"robots\" content=\"index, follow, max-snippet:-1, max-image-preview:large, max-video-preview:-1\" \/>\n<link rel=\"canonical\" href=\"https:\/\/kemindustries.com\/en\/nitrato-de-calcio\/\" \/>\n<meta property=\"og:locale\" content=\"en_US\" \/>\n<meta property=\"og:type\" content=\"article\" \/>\n<meta property=\"og:title\" content=\"Nitrato de calcio - kemindustries\" \/>\n<meta property=\"og:url\" content=\"https:\/\/kemindustries.com\/en\/nitrato-de-calcio\/\" \/>\n<meta property=\"og:site_name\" content=\"kemindustries\" \/>\n<meta property=\"article:modified_time\" content=\"2026-05-15T19:36:45+00:00\" \/>\n<meta property=\"og:image\" content=\"https:\/\/kemindustries.com\/wp-content\/uploads\/2026\/05\/nitrato-de-calcio-sal.jpg\" \/>\n\t<meta property=\"og:image:width\" content=\"1333\" \/>\n\t<meta property=\"og:image:height\" content=\"1180\" \/>\n\t<meta property=\"og:image:type\" content=\"image\/jpeg\" \/>\n<meta name=\"twitter:card\" content=\"summary_large_image\" \/>\n<meta name=\"twitter:label1\" content=\"Est. reading time\" \/>\n\t<meta name=\"twitter:data1\" content=\"1 minute\" \/>\n<script type=\"application\/ld+json\" class=\"yoast-schema-graph\">{\"@context\":\"https:\/\/schema.org\",\"@graph\":[{\"@type\":\"WebPage\",\"@id\":\"https:\/\/kemindustries.com\/nitrato-de-calcio\/\",\"url\":\"https:\/\/kemindustries.com\/nitrato-de-calcio\/\",\"name\":\"Nitrato de calcio - kemindustries\",\"isPartOf\":{\"@id\":\"https:\/\/kemindustries.com\/#website\"},\"primaryImageOfPage\":{\"@id\":\"https:\/\/kemindustries.com\/nitrato-de-calcio\/#primaryimage\"},\"image\":{\"@id\":\"https:\/\/kemindustries.com\/nitrato-de-calcio\/#primaryimage\"},\"thumbnailUrl\":\"https:\/\/kemindustries.com\/wp-content\/uploads\/2026\/05\/nitrato-de-calcio-sal.jpg\",\"datePublished\":\"2026-05-15T00:46:35+00:00\",\"dateModified\":\"2026-05-15T19:36:45+00:00\",\"breadcrumb\":{\"@id\":\"https:\/\/kemindustries.com\/nitrato-de-calcio\/#breadcrumb\"},\"inLanguage\":\"en-US\",\"potentialAction\":[{\"@type\":\"ReadAction\",\"target\":[\"https:\/\/kemindustries.com\/nitrato-de-calcio\/\"]}]},{\"@type\":\"ImageObject\",\"inLanguage\":\"en-US\",\"@id\":\"https:\/\/kemindustries.com\/nitrato-de-calcio\/#primaryimage\",\"url\":\"https:\/\/kemindustries.com\/wp-content\/uploads\/2026\/05\/nitrato-de-calcio-sal.jpg\",\"contentUrl\":\"https:\/\/kemindustries.com\/wp-content\/uploads\/2026\/05\/nitrato-de-calcio-sal.jpg\",\"width\":1333,\"height\":1180},{\"@type\":\"BreadcrumbList\",\"@id\":\"https:\/\/kemindustries.com\/nitrato-de-calcio\/#breadcrumb\",\"itemListElement\":[{\"@type\":\"ListItem\",\"position\":1,\"name\":\"Portada\",\"item\":\"https:\/\/kemindustries.com\/\"},{\"@type\":\"ListItem\",\"position\":2,\"name\":\"Nitrato de calcio\"}]},{\"@type\":\"WebSite\",\"@id\":\"https:\/\/kemindustries.com\/#website\",\"url\":\"https:\/\/kemindustries.com\/\",\"name\":\"kemindustries\",\"description\":\"Otro sitio realizado con WordPress\",\"potentialAction\":[{\"@type\":\"SearchAction\",\"target\":{\"@type\":\"EntryPoint\",\"urlTemplate\":\"https:\/\/kemindustries.com\/?s={search_term_string}\"},\"query-input\":{\"@type\":\"PropertyValueSpecification\",\"valueRequired\":true,\"valueName\":\"search_term_string\"}}],\"inLanguage\":\"en-US\"}]}<\/script>\n<!-- \/ Yoast SEO plugin. -->","yoast_head_json":{"title":"Nitrato de calcio - kemindustries","robots":{"index":"index","follow":"follow","max-snippet":"max-snippet:-1","max-image-preview":"max-image-preview:large","max-video-preview":"max-video-preview:-1"},"canonical":"https:\/\/kemindustries.com\/en\/nitrato-de-calcio\/","og_locale":"en_US","og_type":"article","og_title":"Nitrato de calcio - kemindustries","og_url":"https:\/\/kemindustries.com\/en\/nitrato-de-calcio\/","og_site_name":"kemindustries","article_modified_time":"2026-05-15T19:36:45+00:00","og_image":[{"width":1333,"height":1180,"url":"https:\/\/kemindustries.com\/wp-content\/uploads\/2026\/05\/nitrato-de-calcio-sal.jpg","type":"image\/jpeg"}],"twitter_card":"summary_large_image","twitter_misc":{"Est. reading time":"1 minute"},"schema":{"@context":"https:\/\/schema.org","@graph":[{"@type":"WebPage","@id":"https:\/\/kemindustries.com\/nitrato-de-calcio\/","url":"https:\/\/kemindustries.com\/nitrato-de-calcio\/","name":"Nitrato de calcio - kemindustries","isPartOf":{"@id":"https:\/\/kemindustries.com\/#website"},"primaryImageOfPage":{"@id":"https:\/\/kemindustries.com\/nitrato-de-calcio\/#primaryimage"},"image":{"@id":"https:\/\/kemindustries.com\/nitrato-de-calcio\/#primaryimage"},"thumbnailUrl":"https:\/\/kemindustries.com\/wp-content\/uploads\/2026\/05\/nitrato-de-calcio-sal.jpg","datePublished":"2026-05-15T00:46:35+00:00","dateModified":"2026-05-15T19:36:45+00:00","breadcrumb":{"@id":"https:\/\/kemindustries.com\/nitrato-de-calcio\/#breadcrumb"},"inLanguage":"en-US","potentialAction":[{"@type":"ReadAction","target":["https:\/\/kemindustries.com\/nitrato-de-calcio\/"]}]},{"@type":"ImageObject","inLanguage":"en-US","@id":"https:\/\/kemindustries.com\/nitrato-de-calcio\/#primaryimage","url":"https:\/\/kemindustries.com\/wp-content\/uploads\/2026\/05\/nitrato-de-calcio-sal.jpg","contentUrl":"https:\/\/kemindustries.com\/wp-content\/uploads\/2026\/05\/nitrato-de-calcio-sal.jpg","width":1333,"height":1180},{"@type":"BreadcrumbList","@id":"https:\/\/kemindustries.com\/nitrato-de-calcio\/#breadcrumb","itemListElement":[{"@type":"ListItem","position":1,"name":"Portada","item":"https:\/\/kemindustries.com\/"},{"@type":"ListItem","position":2,"name":"Nitrato de calcio"}]},{"@type":"WebSite","@id":"https:\/\/kemindustries.com\/#website","url":"https:\/\/kemindustries.com\/","name":"kemindustries","description":"Otro sitio realizado con WordPress","potentialAction":[{"@type":"SearchAction","target":{"@type":"EntryPoint","urlTemplate":"https:\/\/kemindustries.com\/?s={search_term_string}"},"query-input":{"@type":"PropertyValueSpecification","valueRequired":true,"valueName":"search_term_string"}}],"inLanguage":"en-US"}]}},"_links":{"self":[{"href":"https:\/\/kemindustries.com\/en\/wp-json\/wp\/v2\/pages\/823","targetHints":{"allow":["GET"]}}],"collection":[{"href":"https:\/\/kemindustries.com\/en\/wp-json\/wp\/v2\/pages"}],"about":[{"href":"https:\/\/kemindustries.com\/en\/wp-json\/wp\/v2\/types\/page"}],"author":[{"embeddable":true,"href":"https:\/\/kemindustries.com\/en\/wp-json\/wp\/v2\/users\/1"}],"replies":[{"embeddable":true,"href":"https:\/\/kemindustries.com\/en\/wp-json\/wp\/v2\/comments?post=823"}],"version-history":[{"count":0,"href":"https:\/\/kemindustries.com\/en\/wp-json\/wp\/v2\/pages\/823\/revisions"}],"wp:featuredmedia":[{"embeddable":true,"href":"https:\/\/kemindustries.com\/en\/wp-json\/wp\/v2\/media\/857"}],"wp:attachment":[{"href":"https:\/\/kemindustries.com\/en\/wp-json\/wp\/v2\/media?parent=823"}],"curies":[{"name":"wp","href":"https:\/\/api.w.org\/{rel}","templated":true}]}}