{"id":817,"date":"2026-05-11T16:43:48","date_gmt":"2026-05-11T22:43:48","guid":{"rendered":"https:\/\/kemindustries.com\/?page_id=817"},"modified":"2026-05-15T13:36:15","modified_gmt":"2026-05-15T19:36:15","slug":"lignosulfonato-de-sodio-liquido","status":"publish","type":"page","link":"https:\/\/kemindustries.com\/en\/lignosulfonato-de-sodio-liquido\/","title":{"rendered":"Lignosulfonato de Sodio L\u00edquido"},"content":{"rendered":"<section class=\"l-section wpb_row height_medium\"><div class=\"l-section-h i-cf\"><div class=\"g-cols vc_row via_grid cols_1 laptops-cols_inherit tablets-cols_inherit mobiles-cols_1 valign_top type_default stacking_default\"><div class=\"wpb_column vc_column_container\"><div class=\"vc_column-inner\"><div class=\"g-cols wpb_row via_grid cols_2 laptops-cols_inherit tablets-cols_inherit mobiles-cols_1 valign_top type_default reversed stacking_default\" style=\"--columns-gap:3rem;\"><div class=\"wpb_column vc_column_container\"><div class=\"vc_column-inner\"><div class=\"wpb_text_column\"><div class=\"wpb_wrapper\"><h2><strong>PROVEEDORES DE <\/strong><strong>LIGNOSULFONATO DE SODIO L\u00cdQUIDO<\/strong><\/h2>\n<p>Soluci\u00f3n eficiente, vers\u00e1til y adaptable para m\u00faltiples industrias.<\/p>\n<p>El lignosulfonato de sodio l\u00edquido es un aditivo de origen natural derivado de la industria de la madera, presentado en forma l\u00edquida para facilitar su manejo, dosificaci\u00f3n y desempe\u00f1o en aplicaciones industriales.<\/p>\n<p><strong>Presentaciones disponibles:<\/strong><\/p>\n<ul>\n<li>IBC Tote de 1,000 litros<\/li>\n<li>Tambo de 200 litros<\/li>\n<li>Bid\u00f3n de 20 litros<\/li>\n<\/ul>\n<p><strong>Beneficios:<\/strong><\/p>\n<ul>\n<li>Producto listo para usar<\/li>\n<li>Disponible en diferentes concentraciones seg\u00fan las necesidades de cada proceso industrial<\/li>\n<li>Optimiza procesos de producci\u00f3n<\/li>\n<li>Reduce costos y tiempos operativos<\/li>\n<li>Dosificaci\u00f3n mas precisa<\/li>\n<\/ul>\n<p><strong>Aplicaciones:<\/strong><\/p>\n<ul>\n<li><a href=\"#construccion\">Construction<\/a><\/li>\n<li><a href=\"#agricultura\">Agriculture<\/a><\/li>\n<li><a href=\"#mineria\">Mining<\/a><\/li>\n<li><a href=\"#ceramica\">Ceramics and Refractories<\/a><\/li>\n<\/ul>\n<\/div><\/div><\/div><\/div><div class=\"wpb_column vc_column_container\"><div class=\"vc_column-inner\"><div class=\"w-image align_none\"><div class=\"w-image-h\"><img decoding=\"async\" width=\"1024\" height=\"1024\" src=\"https:\/\/kemindustries.com\/wp-content\/uploads\/2026\/05\/lignosulfonate-1024x1024.webp\" class=\"attachment-large size-large\" alt=\"\" loading=\"lazy\" srcset=\"https:\/\/kemindustries.com\/wp-content\/uploads\/2026\/05\/lignosulfonate-1024x1024.webp 1024w, https:\/\/kemindustries.com\/wp-content\/uploads\/2026\/05\/lignosulfonate-300x300.webp 300w, https:\/\/kemindustries.com\/wp-content\/uploads\/2026\/05\/lignosulfonate-150x150.webp 150w, https:\/\/kemindustries.com\/wp-content\/uploads\/2026\/05\/lignosulfonate-12x12.webp 12w, https:\/\/kemindustries.com\/wp-content\/uploads\/2026\/05\/lignosulfonate-350x350.webp 350w, https:\/\/kemindustries.com\/wp-content\/uploads\/2026\/05\/lignosulfonate-600x600.webp 600w, https:\/\/kemindustries.com\/wp-content\/uploads\/2026\/05\/lignosulfonate.webp 1254w\" sizes=\"auto, (max-width: 1024px) 100vw, 1024px\" \/><\/div><\/div><\/div><\/div><\/div><div class=\"w-separator size_medium\"><\/div><div class=\"g-cols wpb_row via_grid cols_2 laptops-cols_inherit tablets-cols_inherit mobiles-cols_1 valign_top type_default stacking_default\" style=\"--columns-gap:3rem;\" id=\"construccion\"><div class=\"wpb_column vc_column_container\"><div class=\"vc_column-inner\"><div class=\"wpb_text_column\"><div class=\"wpb_wrapper\"><h3><strong>LIGNOSULFONATES <\/strong><strong>DE SODIO L\u00cdQUIDO <\/strong><strong>EN LA CONSTRUCCI\u00d3N<\/strong><\/h3>\n<p>Materia prima para la elaboraci\u00f3n de aditivos para concreto (reductor de agua \/ plastificante)<\/p>\n<\/div><\/div><\/div><\/div><div class=\"wpb_column vc_column_container\"><div class=\"vc_column-inner\"><div class=\"w-image align_none\"><div class=\"w-image-h\"><img decoding=\"async\" width=\"1024\" height=\"683\" src=\"https:\/\/kemindustries.com\/wp-content\/uploads\/2020\/06\/aditamentos-para-concreto-industria-construccion-kem-industries-1024x683.jpg\" class=\"attachment-large size-large\" alt=\"Proveedor de Lignosulfonato de Sodio, utilizado como aditivo para concreto.\" loading=\"lazy\" srcset=\"https:\/\/kemindustries.com\/wp-content\/uploads\/2020\/06\/aditamentos-para-concreto-industria-construccion-kem-industries-1024x683.jpg 1024w, https:\/\/kemindustries.com\/wp-content\/uploads\/2020\/06\/aditamentos-para-concreto-industria-construccion-kem-industries-300x200.jpg 300w, https:\/\/kemindustries.com\/wp-content\/uploads\/2020\/06\/aditamentos-para-concreto-industria-construccion-kem-industries-1536x1025.jpg 1536w, https:\/\/kemindustries.com\/wp-content\/uploads\/2020\/06\/aditamentos-para-concreto-industria-construccion-kem-industries.jpg 1904w\" sizes=\"auto, (max-width: 1024px) 100vw, 1024px\" \/><\/div><\/div><\/div><\/div><\/div><div class=\"w-separator size_medium\"><\/div><div class=\"g-cols wpb_row via_grid cols_2 laptops-cols_inherit tablets-cols_inherit mobiles-cols_1 valign_top type_default stacking_default\" style=\"--columns-gap:3rem;\" id=\"agricultura\"><div class=\"wpb_column vc_column_container\"><div class=\"vc_column-inner\"><div class=\"wpb_text_column\"><div class=\"wpb_wrapper\"><h3><strong>LIGNOSULFONATOS DE SODIO L\u00cdQUIDO EN LA AGRICULTURA<\/strong><\/h3>\n<p>Dispersante en fertilizantes<\/p>\n<\/div><\/div><\/div><\/div><div class=\"wpb_column vc_column_container\"><div class=\"vc_column-inner\"><div class=\"w-image align_none\"><div class=\"w-image-h\"><img decoding=\"async\" width=\"1024\" height=\"683\" src=\"https:\/\/kemindustries.com\/wp-content\/uploads\/2020\/06\/aditamentos-para-la-agricultura-kem-industries-1024x683.jpg\" class=\"attachment-large size-large\" alt=\"Una de las aplicaciones de los lignosulfonatos en la agricultura es su funci\u00f3n como dispersante en pesticidas.\" loading=\"lazy\" srcset=\"https:\/\/kemindustries.com\/wp-content\/uploads\/2020\/06\/aditamentos-para-la-agricultura-kem-industries-1024x683.jpg 1024w, https:\/\/kemindustries.com\/wp-content\/uploads\/2020\/06\/aditamentos-para-la-agricultura-kem-industries-300x200.jpg 300w, https:\/\/kemindustries.com\/wp-content\/uploads\/2020\/06\/aditamentos-para-la-agricultura-kem-industries.jpg 1200w\" sizes=\"auto, (max-width: 1024px) 100vw, 1024px\" \/><\/div><\/div><\/div><\/div><\/div><div class=\"w-separator size_medium\"><\/div><div class=\"g-cols wpb_row via_grid cols_2 laptops-cols_inherit tablets-cols_inherit mobiles-cols_1 valign_top type_default stacking_default\" style=\"--columns-gap:3rem;\" id=\"mineria\"><div class=\"wpb_column vc_column_container\"><div class=\"vc_column-inner\"><div class=\"wpb_text_column\"><div class=\"wpb_wrapper\"><h3><strong>LIGNOSULFONATOS DE SODIO L\u00cdQUIDO COMO ADITAMENTOS QU\u00cdMICOS PARA MINER\u00cdA<\/strong><\/h3>\n<ul>\n<li>Supresi\u00f3n de polvos<\/li>\n<li>Dispersante en diferentes procesos<\/li>\n<\/ul>\n<\/div><\/div><\/div><\/div><div class=\"wpb_column vc_column_container\"><div class=\"vc_column-inner\"><div class=\"w-image align_none\"><div class=\"w-image-h\"><img decoding=\"async\" width=\"1024\" height=\"683\" src=\"https:\/\/kemindustries.com\/wp-content\/uploads\/2020\/07\/13994646232_2a7dc11f72_b.jpg\" class=\"attachment-large size-large\" alt=\"\" loading=\"lazy\" srcset=\"https:\/\/kemindustries.com\/wp-content\/uploads\/2020\/07\/13994646232_2a7dc11f72_b.jpg 1024w, https:\/\/kemindustries.com\/wp-content\/uploads\/2020\/07\/13994646232_2a7dc11f72_b-300x200.jpg 300w\" sizes=\"auto, (max-width: 1024px) 100vw, 1024px\" \/><\/div><\/div><\/div><\/div><\/div><div class=\"w-separator size_medium\"><\/div><div class=\"g-cols wpb_row via_grid cols_2 laptops-cols_inherit tablets-cols_inherit mobiles-cols_1 valign_top type_default stacking_default\" style=\"--columns-gap:3rem;\" id=\"ceramica\"><div class=\"wpb_column vc_column_container\"><div class=\"vc_column-inner\"><div class=\"wpb_text_column\"><div class=\"wpb_wrapper\"><h3><strong>LIGNOSULFONATES <\/strong><strong>RAW MATERIAL FOR CERAMICS AND REFRACTORIES<\/strong><\/h3>\n<p>Lignosulfonates are used in the ceramic and refractory industry as plasticizers, reducing the amount of water, improving its manageability and fluidity. Its adhesive properties reduce the appearance of cracks in the final product.<\/p>\n<p>Some of the benefits are:<\/p>\n<ul>\n<li>Mejora la trabajabilidad.<\/li>\n<li>Reducci\u00f3n de viscosidad<\/li>\n<li>Menor consumo de agua<\/li>\n<li>Disminuye agrietamientos y deformaciones<\/li>\n<\/ul>\n<\/div><\/div><\/div><\/div><div class=\"wpb_column vc_column_container\"><div class=\"vc_column-inner\"><div class=\"w-image align_none\"><div class=\"w-image-h\"><img decoding=\"async\" width=\"444\" height=\"266\" src=\"https:\/\/kemindustries.com\/wp-content\/uploads\/2020\/06\/CERAMICAS-Y-REFRACTARIOS@2x.png\" class=\"attachment-large size-large\" alt=\"\" loading=\"lazy\" srcset=\"https:\/\/kemindustries.com\/wp-content\/uploads\/2020\/06\/CERAMICAS-Y-REFRACTARIOS@2x.png 444w, https:\/\/kemindustries.com\/wp-content\/uploads\/2020\/06\/CERAMICAS-Y-REFRACTARIOS@2x-300x180.png 300w\" sizes=\"auto, (max-width: 444px) 100vw, 444px\" \/><\/div><\/div><\/div><\/div><\/div><\/div><\/div><\/div><\/div><\/section>","protected":false},"excerpt":{"rendered":"PROVEEDORES DE LIGNOSULFONATO DE SODIO L\u00cdQUIDO Soluci\u00f3n eficiente, vers\u00e1til y adaptable para m\u00faltiples industrias. El lignosulfonato de sodio l\u00edquido es un aditivo de origen natural derivado de la industria de la madera, presentado en forma l\u00edquida para facilitar su manejo, dosificaci\u00f3n y desempe\u00f1o en aplicaciones industriales. Presentaciones disponibles: IBC Tote de 1,000 litros Tambo de...","protected":false},"author":1,"featured_media":860,"parent":0,"menu_order":0,"comment_status":"closed","ping_status":"closed","template":"","meta":{"footnotes":""},"class_list":["post-817","page","type-page","status-publish","has-post-thumbnail","hentry"],"yoast_head":"<!-- This site is optimized with the Yoast SEO plugin v25.6 - https:\/\/yoast.com\/wordpress\/plugins\/seo\/ -->\n<title>Lignosulfonato de Sodio L\u00edquido - kemindustries<\/title>\n<meta name=\"robots\" content=\"index, follow, max-snippet:-1, max-image-preview:large, max-video-preview:-1\" \/>\n<link rel=\"canonical\" href=\"https:\/\/kemindustries.com\/en\/lignosulfonato-de-sodio-liquido\/\" \/>\n<meta property=\"og:locale\" content=\"en_US\" \/>\n<meta property=\"og:type\" content=\"article\" \/>\n<meta property=\"og:title\" content=\"Lignosulfonato de Sodio L\u00edquido - kemindustries\" \/>\n<meta property=\"og:url\" content=\"https:\/\/kemindustries.com\/en\/lignosulfonato-de-sodio-liquido\/\" \/>\n<meta property=\"og:site_name\" content=\"kemindustries\" \/>\n<meta property=\"article:modified_time\" content=\"2026-05-15T19:36:15+00:00\" \/>\n<meta property=\"og:image\" content=\"https:\/\/kemindustries.com\/wp-content\/uploads\/2026\/05\/lignosulfonate-1.webp\" \/>\n\t<meta property=\"og:image:width\" content=\"1254\" \/>\n\t<meta property=\"og:image:height\" content=\"1254\" \/>\n\t<meta property=\"og:image:type\" content=\"image\/webp\" \/>\n<meta name=\"twitter:card\" content=\"summary_large_image\" \/>\n<meta name=\"twitter:label1\" content=\"Est. reading time\" \/>\n\t<meta name=\"twitter:data1\" content=\"2 minutes\" \/>\n<script type=\"application\/ld+json\" class=\"yoast-schema-graph\">{\"@context\":\"https:\/\/schema.org\",\"@graph\":[{\"@type\":\"WebPage\",\"@id\":\"https:\/\/kemindustries.com\/lignosulfonato-de-sodio-liquido\/\",\"url\":\"https:\/\/kemindustries.com\/lignosulfonato-de-sodio-liquido\/\",\"name\":\"Lignosulfonato de Sodio L\u00edquido - kemindustries\",\"isPartOf\":{\"@id\":\"https:\/\/kemindustries.com\/#website\"},\"primaryImageOfPage\":{\"@id\":\"https:\/\/kemindustries.com\/lignosulfonato-de-sodio-liquido\/#primaryimage\"},\"image\":{\"@id\":\"https:\/\/kemindustries.com\/lignosulfonato-de-sodio-liquido\/#primaryimage\"},\"thumbnailUrl\":\"https:\/\/kemindustries.com\/wp-content\/uploads\/2026\/05\/lignosulfonate-1.webp\",\"datePublished\":\"2026-05-11T22:43:48+00:00\",\"dateModified\":\"2026-05-15T19:36:15+00:00\",\"breadcrumb\":{\"@id\":\"https:\/\/kemindustries.com\/lignosulfonato-de-sodio-liquido\/#breadcrumb\"},\"inLanguage\":\"en-US\",\"potentialAction\":[{\"@type\":\"ReadAction\",\"target\":[\"https:\/\/kemindustries.com\/lignosulfonato-de-sodio-liquido\/\"]}]},{\"@type\":\"ImageObject\",\"inLanguage\":\"en-US\",\"@id\":\"https:\/\/kemindustries.com\/lignosulfonato-de-sodio-liquido\/#primaryimage\",\"url\":\"https:\/\/kemindustries.com\/wp-content\/uploads\/2026\/05\/lignosulfonate-1.webp\",\"contentUrl\":\"https:\/\/kemindustries.com\/wp-content\/uploads\/2026\/05\/lignosulfonate-1.webp\",\"width\":1254,\"height\":1254},{\"@type\":\"BreadcrumbList\",\"@id\":\"https:\/\/kemindustries.com\/lignosulfonato-de-sodio-liquido\/#breadcrumb\",\"itemListElement\":[{\"@type\":\"ListItem\",\"position\":1,\"name\":\"Portada\",\"item\":\"https:\/\/kemindustries.com\/\"},{\"@type\":\"ListItem\",\"position\":2,\"name\":\"Lignosulfonato de Sodio L\u00edquido\"}]},{\"@type\":\"WebSite\",\"@id\":\"https:\/\/kemindustries.com\/#website\",\"url\":\"https:\/\/kemindustries.com\/\",\"name\":\"kemindustries\",\"description\":\"Otro sitio realizado con WordPress\",\"potentialAction\":[{\"@type\":\"SearchAction\",\"target\":{\"@type\":\"EntryPoint\",\"urlTemplate\":\"https:\/\/kemindustries.com\/?s={search_term_string}\"},\"query-input\":{\"@type\":\"PropertyValueSpecification\",\"valueRequired\":true,\"valueName\":\"search_term_string\"}}],\"inLanguage\":\"en-US\"}]}<\/script>\n<!-- \/ Yoast SEO plugin. -->","yoast_head_json":{"title":"Lignosulfonato de Sodio L\u00edquido - kemindustries","robots":{"index":"index","follow":"follow","max-snippet":"max-snippet:-1","max-image-preview":"max-image-preview:large","max-video-preview":"max-video-preview:-1"},"canonical":"https:\/\/kemindustries.com\/en\/lignosulfonato-de-sodio-liquido\/","og_locale":"en_US","og_type":"article","og_title":"Lignosulfonato de Sodio L\u00edquido - kemindustries","og_url":"https:\/\/kemindustries.com\/en\/lignosulfonato-de-sodio-liquido\/","og_site_name":"kemindustries","article_modified_time":"2026-05-15T19:36:15+00:00","og_image":[{"width":1254,"height":1254,"url":"https:\/\/kemindustries.com\/wp-content\/uploads\/2026\/05\/lignosulfonate-1.webp","type":"image\/webp"}],"twitter_card":"summary_large_image","twitter_misc":{"Est. reading time":"2 minutes"},"schema":{"@context":"https:\/\/schema.org","@graph":[{"@type":"WebPage","@id":"https:\/\/kemindustries.com\/lignosulfonato-de-sodio-liquido\/","url":"https:\/\/kemindustries.com\/lignosulfonato-de-sodio-liquido\/","name":"Lignosulfonato de Sodio L\u00edquido - kemindustries","isPartOf":{"@id":"https:\/\/kemindustries.com\/#website"},"primaryImageOfPage":{"@id":"https:\/\/kemindustries.com\/lignosulfonato-de-sodio-liquido\/#primaryimage"},"image":{"@id":"https:\/\/kemindustries.com\/lignosulfonato-de-sodio-liquido\/#primaryimage"},"thumbnailUrl":"https:\/\/kemindustries.com\/wp-content\/uploads\/2026\/05\/lignosulfonate-1.webp","datePublished":"2026-05-11T22:43:48+00:00","dateModified":"2026-05-15T19:36:15+00:00","breadcrumb":{"@id":"https:\/\/kemindustries.com\/lignosulfonato-de-sodio-liquido\/#breadcrumb"},"inLanguage":"en-US","potentialAction":[{"@type":"ReadAction","target":["https:\/\/kemindustries.com\/lignosulfonato-de-sodio-liquido\/"]}]},{"@type":"ImageObject","inLanguage":"en-US","@id":"https:\/\/kemindustries.com\/lignosulfonato-de-sodio-liquido\/#primaryimage","url":"https:\/\/kemindustries.com\/wp-content\/uploads\/2026\/05\/lignosulfonate-1.webp","contentUrl":"https:\/\/kemindustries.com\/wp-content\/uploads\/2026\/05\/lignosulfonate-1.webp","width":1254,"height":1254},{"@type":"BreadcrumbList","@id":"https:\/\/kemindustries.com\/lignosulfonato-de-sodio-liquido\/#breadcrumb","itemListElement":[{"@type":"ListItem","position":1,"name":"Portada","item":"https:\/\/kemindustries.com\/"},{"@type":"ListItem","position":2,"name":"Lignosulfonato de Sodio L\u00edquido"}]},{"@type":"WebSite","@id":"https:\/\/kemindustries.com\/#website","url":"https:\/\/kemindustries.com\/","name":"kemindustries","description":"Otro sitio realizado con WordPress","potentialAction":[{"@type":"SearchAction","target":{"@type":"EntryPoint","urlTemplate":"https:\/\/kemindustries.com\/?s={search_term_string}"},"query-input":{"@type":"PropertyValueSpecification","valueRequired":true,"valueName":"search_term_string"}}],"inLanguage":"en-US"}]}},"_links":{"self":[{"href":"https:\/\/kemindustries.com\/en\/wp-json\/wp\/v2\/pages\/817","targetHints":{"allow":["GET"]}}],"collection":[{"href":"https:\/\/kemindustries.com\/en\/wp-json\/wp\/v2\/pages"}],"about":[{"href":"https:\/\/kemindustries.com\/en\/wp-json\/wp\/v2\/types\/page"}],"author":[{"embeddable":true,"href":"https:\/\/kemindustries.com\/en\/wp-json\/wp\/v2\/users\/1"}],"replies":[{"embeddable":true,"href":"https:\/\/kemindustries.com\/en\/wp-json\/wp\/v2\/comments?post=817"}],"version-history":[{"count":0,"href":"https:\/\/kemindustries.com\/en\/wp-json\/wp\/v2\/pages\/817\/revisions"}],"wp:featuredmedia":[{"embeddable":true,"href":"https:\/\/kemindustries.com\/en\/wp-json\/wp\/v2\/media\/860"}],"wp:attachment":[{"href":"https:\/\/kemindustries.com\/en\/wp-json\/wp\/v2\/media?parent=817"}],"curies":[{"name":"wp","href":"https:\/\/api.w.org\/{rel}","templated":true}]}}