{"id":730,"date":"2023-04-19T13:44:40","date_gmt":"2023-04-19T19:44:40","guid":{"rendered":"https:\/\/kemindustries.com\/?page_id=730"},"modified":"2025-04-11T17:23:02","modified_gmt":"2025-04-11T23:23:02","slug":"naftalen-sulfonato-de-sodio","status":"publish","type":"page","link":"https:\/\/kemindustries.com\/en\/naftalen-sulfonato-de-sodio\/","title":{"rendered":"Sodium Naphthalene Sulfonate"},"content":{"rendered":"<section class=\"l-section wpb_row height_medium\"><div class=\"l-section-h i-cf\"><div class=\"g-cols vc_row via_grid cols_1 laptops-cols_inherit tablets-cols_inherit mobiles-cols_1 valign_top type_default stacking_default\"><div class=\"wpb_column vc_column_container\"><div class=\"vc_column-inner\"><div class=\"g-cols wpb_row via_grid cols_2 laptops-cols_inherit tablets-cols_inherit mobiles-cols_1 valign_middle type_default stacking_default\" style=\"--columns-gap:3rem;\"><div class=\"wpb_column vc_column_container\"><div class=\"vc_column-inner\"><div class=\"wpb_text_column\"><div class=\"wpb_wrapper\"><h3><strong>Proveedores de Naftalen Sulfonato de Sodio<\/strong><\/h3>\n<p><strong>Contamos con presentaci\u00f3n en saco de 25 kg <\/strong>disponible para su entrega inmediata, si necesitan m\u00e1s informaci\u00f3n no dude en ponerse en contacto con nosotros.<\/p>\n<p>Nuestro <strong>Sodium Naphthalene Sulfonate<\/strong> es un compuesto qu\u00edmico derivado del naftaleno. Es un polvo fino color caf\u00e9 completamente soluble en agua con diversas aplicaciones para diferentes industrias, tales como:<\/p>\n<ul>\n<li>Construction (concrete additives)<\/li>\n<li>Agriculture<\/li>\n<li>Water Treatment<\/li>\n<li class=\"translation-block\">Coatings and paints<\/li>\n<li>Textile industry<\/li>\n<\/ul>\n<\/div><\/div><\/div><\/div><div class=\"wpb_column vc_column_container\"><div class=\"vc_column-inner\"><div class=\"w-image us_custom_3c634c4e align_center\"><div class=\"w-image-h\"><img decoding=\"async\" width=\"1024\" height=\"1024\" src=\"https:\/\/kemindustries.com\/wp-content\/uploads\/2023\/04\/naftaleno-1024x1024.webp\" class=\"attachment-large size-large\" alt=\"El Naftalen Sulfonato de Sodio es un compuesto qu\u00edmico derivado del naftaleno. Es un polvo fino color caf\u00e9 completamente soluble en agua con diversas aplicaciones para diferentes industrias\" loading=\"lazy\" srcset=\"https:\/\/kemindustries.com\/wp-content\/uploads\/2023\/04\/naftaleno-1024x1024.webp 1024w, https:\/\/kemindustries.com\/wp-content\/uploads\/2023\/04\/naftaleno-300x300.webp 300w, https:\/\/kemindustries.com\/wp-content\/uploads\/2023\/04\/naftaleno-150x150.webp 150w, https:\/\/kemindustries.com\/wp-content\/uploads\/2023\/04\/naftaleno-12x12.webp 12w, https:\/\/kemindustries.com\/wp-content\/uploads\/2023\/04\/naftaleno-350x350.webp 350w, https:\/\/kemindustries.com\/wp-content\/uploads\/2023\/04\/naftaleno-600x600.webp 600w\" sizes=\"auto, (max-width: 1024px) 100vw, 1024px\" \/><\/div><\/div><\/div><\/div><\/div><div class=\"w-separator size_medium\"><\/div><div class=\"g-cols wpb_row via_grid cols_2 laptops-cols_inherit tablets-cols_inherit mobiles-cols_1 valign_middle type_default stacking_default\" style=\"--columns-gap:3rem;\"><div class=\"wpb_column vc_column_container\"><div class=\"vc_column-inner\"><div class=\"wpb_text_column\"><div class=\"wpb_wrapper\"><h3><strong>SODIUM NAPHTHALENE SULFONATE IN THE CONSTRUCTION INDUSTRY<\/strong><\/h3>\n<div class=\"zw-paragraph\" data-width=\"589.248\" data-textformat=\"{&quot;size&quot;:12}\">\n<div class=\"zw-line-div\">\n<div class=\"zw-line-content\">\n<p>Sodium Naphthalene Sulfonate is used as a concrete additive in the construction industry.<\/p>\n<p>Some of its benefits are:<\/p>\n<ul>\n<li>It works as a highly effective water reducer without affecting the workability of the concrete and increasing its strength.<\/li>\n<li>It acts as a plasticizer, improving the workability of the concrete and facilitating its compaction.<\/li>\n<li>It reduces the segregation and the concrete bleeding during mixing and transportation.<\/li>\n<\/ul>\n<\/div>\n<\/div>\n<\/div>\n<\/div><\/div><\/div><\/div><div class=\"wpb_column vc_column_container\"><div class=\"vc_column-inner\"><div class=\"w-image align_none\"><div class=\"w-image-h\"><img decoding=\"async\" width=\"1024\" height=\"683\" src=\"https:\/\/kemindustries.com\/wp-content\/uploads\/2023\/04\/naftalen-sulfonato-de-sodio-en-la-industria-de-construccion-1024x683.webp\" class=\"attachment-large size-large\" alt=\"naftalen sulfonato de sodio en la industria de construcci\u00f3n\" loading=\"lazy\" srcset=\"https:\/\/kemindustries.com\/wp-content\/uploads\/2023\/04\/naftalen-sulfonato-de-sodio-en-la-industria-de-construccion-1024x683.webp 1024w, https:\/\/kemindustries.com\/wp-content\/uploads\/2023\/04\/naftalen-sulfonato-de-sodio-en-la-industria-de-construccion-300x200.webp 300w, https:\/\/kemindustries.com\/wp-content\/uploads\/2023\/04\/naftalen-sulfonato-de-sodio-en-la-industria-de-construccion-18x12.webp 18w\" sizes=\"auto, (max-width: 1024px) 100vw, 1024px\" \/><\/div><\/div><\/div><\/div><\/div><div class=\"w-separator size_medium\"><\/div><div class=\"g-cols wpb_row via_grid cols_2 laptops-cols_inherit tablets-cols_inherit mobiles-cols_1 valign_middle type_default stacking_default\" style=\"--columns-gap:3rem;\"><div class=\"wpb_column vc_column_container\"><div class=\"vc_column-inner\"><div class=\"wpb_text_column\"><div class=\"wpb_wrapper\"><h3><strong>APLICACI\u00d3N EN LA INDUSTRIA DE AGRICULTURA<\/strong><\/h3>\n<div class=\"zw-paragraph\" data-width=\"589.248\" data-textformat=\"{&quot;size&quot;:12}\">\n<div class=\"zw-line-div\">\n<div class=\"zw-line-content\">\n<p>Sodium Naphthalene Sulfonate is used in the formulation of agrochemicals. It is a biodegradable and non-toxic product.<\/p>\n<p>Some of its benefits are:<\/p>\n<ul>\n<li>It works as a dispersing and emulsifying agent, helping active ingredients to be evenly distributed in the solution and stay suspended during storage and use.<\/li>\n<li>Acting as a wetting and surfactant agent, it helps reduce the surface tension of the liquid, allowing it to spread better on surfaces and thereby improving the effectiveness of the applied products.<\/li>\n<li>It reduces the leaching of nutrients and pesticides in the soil.<\/li>\n<\/ul>\n<\/div>\n<\/div>\n<\/div>\n<\/div><\/div><\/div><\/div><div class=\"wpb_column vc_column_container\"><div class=\"vc_column-inner\"><div class=\"w-image align_none\"><div class=\"w-image-h\"><img decoding=\"async\" width=\"1024\" height=\"683\" src=\"https:\/\/kemindustries.com\/wp-content\/uploads\/2023\/04\/naftalen-sulfonato-de-sodio-en-la-industria-de-agricultura-1024x683.webp\" class=\"attachment-large size-large\" alt=\"naftalen sulfonato de sodio en la industria de agricultura\" loading=\"lazy\" srcset=\"https:\/\/kemindustries.com\/wp-content\/uploads\/2023\/04\/naftalen-sulfonato-de-sodio-en-la-industria-de-agricultura-1024x683.webp 1024w, https:\/\/kemindustries.com\/wp-content\/uploads\/2023\/04\/naftalen-sulfonato-de-sodio-en-la-industria-de-agricultura-300x200.webp 300w, https:\/\/kemindustries.com\/wp-content\/uploads\/2023\/04\/naftalen-sulfonato-de-sodio-en-la-industria-de-agricultura-18x12.webp 18w\" sizes=\"auto, (max-width: 1024px) 100vw, 1024px\" \/><\/div><\/div><\/div><\/div><\/div><div class=\"w-separator size_medium\"><\/div><div class=\"g-cols wpb_row via_grid cols_2 laptops-cols_inherit tablets-cols_inherit mobiles-cols_1 valign_middle type_default stacking_default\" style=\"--columns-gap:3rem;\"><div class=\"wpb_column vc_column_container\"><div class=\"vc_column-inner\"><div class=\"wpb_text_column\"><div class=\"wpb_wrapper\"><h3><strong>APLICACI\u00d3N<\/strong><strong> EN LA INDUSTRIA DE TRATAMIENTO DE AGUAS<\/strong><\/h3>\n<div class=\"zw-paragraph\" data-width=\"589.248\" data-textformat=\"{&quot;size&quot;:12}\">\n<div class=\"zw-line-div\">\n<div class=\"zw-line-content\">\n<p>Sodium Naphthalene Sulfonate is used in the water treatment industry. Some of its benefits are:<\/p>\n<ul>\n<li>It reduces the surface tension of water, increasing the penetration capacity of chemicals in water treatment.<\/li>\n<li>It acts as a dispersing agent, helping to keep particles in suspension.<\/li>\n<li>It can act as a chelating and coagulating agent.<\/li>\n<li>It helps reduce the load of organic pollutants in water, which helps improve water quality.<\/li>\n<\/ul>\n<\/div>\n<\/div>\n<\/div>\n<\/div><\/div><\/div><\/div><div class=\"wpb_column vc_column_container\"><div class=\"vc_column-inner\"><div class=\"w-image align_none\"><div class=\"w-image-h\"><img decoding=\"async\" width=\"1024\" height=\"683\" src=\"https:\/\/kemindustries.com\/wp-content\/uploads\/2023\/04\/naftalen-sulfonato-de-sodio-en-la-industria-de-tratamiento-de-aguas-1024x683.webp\" class=\"attachment-large size-large\" alt=\"naftalen sulfonato de sodio en la industria de tratamiento de aguas\" loading=\"lazy\" srcset=\"https:\/\/kemindustries.com\/wp-content\/uploads\/2023\/04\/naftalen-sulfonato-de-sodio-en-la-industria-de-tratamiento-de-aguas-1024x683.webp 1024w, https:\/\/kemindustries.com\/wp-content\/uploads\/2023\/04\/naftalen-sulfonato-de-sodio-en-la-industria-de-tratamiento-de-aguas-300x200.webp 300w, https:\/\/kemindustries.com\/wp-content\/uploads\/2023\/04\/naftalen-sulfonato-de-sodio-en-la-industria-de-tratamiento-de-aguas-18x12.webp 18w\" sizes=\"auto, (max-width: 1024px) 100vw, 1024px\" \/><\/div><\/div><\/div><\/div><\/div><div class=\"w-separator size_medium\"><\/div><div class=\"g-cols wpb_row via_grid cols_2 laptops-cols_inherit tablets-cols_inherit mobiles-cols_1 valign_middle type_default stacking_default\" style=\"--columns-gap:3rem;\"><div class=\"wpb_column vc_column_container\"><div class=\"vc_column-inner\"><div class=\"wpb_text_column\"><div class=\"wpb_wrapper\"><h3><strong>APLICACI\u00d3N<\/strong><strong> EN LA INDUSTRIA DE REVESTIMIENTOS Y PINTURAS<\/strong><\/h3>\n<div class=\"zw-paragraph\" data-width=\"589.248\" data-textformat=\"{&quot;size&quot;:12}\">\n<div class=\"zw-line-div\">\n<div class=\"zw-line-content\">\n<p>Sodium Naphthalene Sulfonate is used as a dispersing and wetting agent in the production of pigments and inks. Some of its benefits are:<\/p>\n<ul>\n<li>It disperses pigments in the solution, achieving a uniform distribution.<\/li>\n<li>It increases the wetting of the surfaces to be coated and prevents foam formation during production.<\/li>\n<li>It acts as an antifoaming agent, avoiding the formation of bubbles on the surface of the paint during its application.<\/li>\n<\/ul>\n<\/div>\n<\/div>\n<\/div>\n<\/div><\/div><\/div><\/div><div class=\"wpb_column vc_column_container\"><div class=\"vc_column-inner\"><div class=\"w-image align_none\"><div class=\"w-image-h\"><img decoding=\"async\" width=\"1024\" height=\"683\" src=\"https:\/\/kemindustries.com\/wp-content\/uploads\/2023\/04\/naftalen-sulfonato-de-sodio-en-la-industria-de-revestimientos-y-pinturas-1024x683.webp\" class=\"attachment-large size-large\" alt=\"naftalen sulfonato de sodio en la industria de revestimientos y pinturas\" loading=\"lazy\" srcset=\"https:\/\/kemindustries.com\/wp-content\/uploads\/2023\/04\/naftalen-sulfonato-de-sodio-en-la-industria-de-revestimientos-y-pinturas-1024x683.webp 1024w, https:\/\/kemindustries.com\/wp-content\/uploads\/2023\/04\/naftalen-sulfonato-de-sodio-en-la-industria-de-revestimientos-y-pinturas-300x200.webp 300w, https:\/\/kemindustries.com\/wp-content\/uploads\/2023\/04\/naftalen-sulfonato-de-sodio-en-la-industria-de-revestimientos-y-pinturas-18x12.webp 18w\" sizes=\"auto, (max-width: 1024px) 100vw, 1024px\" \/><\/div><\/div><\/div><\/div><\/div><div class=\"w-separator size_medium\"><\/div><div class=\"g-cols wpb_row via_grid cols_2 laptops-cols_inherit tablets-cols_inherit mobiles-cols_1 valign_middle type_default stacking_default\" style=\"--columns-gap:3rem;\"><div class=\"wpb_column vc_column_container\"><div class=\"vc_column-inner\"><div class=\"wpb_text_column\"><div class=\"wpb_wrapper\"><h3><strong>APLICACI\u00d3N<\/strong><strong> EN LA INDUSTRIA TEXTIL<\/strong><\/h3>\n<div class=\"zw-paragraph\" data-width=\"589.248\" data-textformat=\"{&quot;size&quot;:12}\">\n<div class=\"zw-line-div\">\n<div class=\"zw-line-content\">\n<p>Sodium Naphthalene Sulfonate is used in the textile industry. Some of its benefits are:<\/p>\n<ul>\n<li>It functions as a dispersing agent for dyes and pigments in the solution, achieving a uniform distribution in the fabric and improving the quality and durability of the color.<\/li>\n<li>It reduces viscosity in the solution, achieving a faster and more efficient dyeing process.<\/li>\n<li>It functions as a water reducer in the dyeing process.<\/li>\n<\/ul>\n<p><strong>Somos proveedores de Naftalen Sulfonato de Sodio.\u00a0<\/strong><\/p>\n<\/div>\n<\/div>\n<\/div>\n<\/div><\/div><div class=\"w-separator size_medium\"><\/div><div class=\"w-btn-wrapper align_left\"><a class=\"w-btn us-btn-style_1\" href=\"#contacto\"><span class=\"w-btn-label\">Cotiza ahora<\/span><\/a><\/div><\/div><\/div><div class=\"wpb_column vc_column_container\"><div class=\"vc_column-inner\"><div class=\"w-image align_none\"><div class=\"w-image-h\"><img decoding=\"async\" width=\"1024\" height=\"683\" src=\"https:\/\/kemindustries.com\/wp-content\/uploads\/2023\/04\/naftalen-sulfonato-de-sodio-en-la-industria-textil-1024x683.webp\" class=\"attachment-large size-large\" alt=\"naftalen sulfonato de sodio en la industria textil\" loading=\"lazy\" srcset=\"https:\/\/kemindustries.com\/wp-content\/uploads\/2023\/04\/naftalen-sulfonato-de-sodio-en-la-industria-textil-1024x683.webp 1024w, https:\/\/kemindustries.com\/wp-content\/uploads\/2023\/04\/naftalen-sulfonato-de-sodio-en-la-industria-textil-300x200.webp 300w, https:\/\/kemindustries.com\/wp-content\/uploads\/2023\/04\/naftalen-sulfonato-de-sodio-en-la-industria-textil-18x12.webp 18w\" sizes=\"auto, (max-width: 1024px) 100vw, 1024px\" \/><\/div><\/div><\/div><\/div><\/div><\/div><\/div><\/div><\/div><\/section>","protected":false},"excerpt":{"rendered":"Proveedores de Naftalen Sulfonato de Sodio Contamos con presentaci\u00f3n en saco de 25 kg disponible para su entrega inmediata, si necesitan m\u00e1s informaci\u00f3n no dude en ponerse en contacto con nosotros. Nuestro Naftalen Sulfonato de Sodio es un compuesto qu\u00edmico derivado del naftaleno. Es un polvo fino color caf\u00e9 completamente soluble en agua con diversas...","protected":false},"author":2,"featured_media":744,"parent":0,"menu_order":0,"comment_status":"closed","ping_status":"closed","template":"","meta":{"footnotes":""},"class_list":["post-730","page","type-page","status-publish","has-post-thumbnail","hentry"],"yoast_head":"<!-- This site is optimized with the Yoast SEO plugin v25.6 - https:\/\/yoast.com\/wordpress\/plugins\/seo\/ -->\n<title>Proveedores de Naftalen Sulfonato de Sodio en M\u00e9xico<\/title>\n<meta name=\"description\" content=\"Proveedores de Naftalen Sulfonato de Sodio presentaciones de 25kg Ideal para aplicaciones en agricultura, tratamiento de aguas residuales.\" \/>\n<meta name=\"robots\" content=\"index, follow, max-snippet:-1, max-image-preview:large, max-video-preview:-1\" \/>\n<link rel=\"canonical\" href=\"https:\/\/kemindustries.com\/en\/naftalen-sulfonato-de-sodio\/\" \/>\n<meta property=\"og:locale\" content=\"en_US\" \/>\n<meta property=\"og:type\" content=\"article\" \/>\n<meta property=\"og:title\" content=\"Proveedores de Naftalen Sulfonato de Sodio en M\u00e9xico\" \/>\n<meta property=\"og:description\" content=\"Proveedores de Naftalen Sulfonato de Sodio presentaciones de 25kg Ideal para aplicaciones en agricultura, tratamiento de aguas residuales.\" \/>\n<meta property=\"og:url\" content=\"https:\/\/kemindustries.com\/en\/naftalen-sulfonato-de-sodio\/\" \/>\n<meta property=\"og:site_name\" content=\"kemindustries\" \/>\n<meta property=\"article:modified_time\" content=\"2025-04-11T23:23:02+00:00\" \/>\n<meta property=\"og:image\" content=\"https:\/\/kemindustries.com\/wp-content\/uploads\/2023\/04\/naftaleno-scaled.webp\" \/>\n\t<meta property=\"og:image:width\" content=\"2560\" \/>\n\t<meta property=\"og:image:height\" content=\"2560\" \/>\n\t<meta property=\"og:image:type\" content=\"image\/webp\" \/>\n<meta name=\"twitter:card\" content=\"summary_large_image\" \/>\n<meta name=\"twitter:label1\" content=\"Est. reading time\" \/>\n\t<meta name=\"twitter:data1\" content=\"3 minutes\" \/>\n<script type=\"application\/ld+json\" class=\"yoast-schema-graph\">{\"@context\":\"https:\/\/schema.org\",\"@graph\":[{\"@type\":\"WebPage\",\"@id\":\"https:\/\/kemindustries.com\/naftalen-sulfonato-de-sodio\/\",\"url\":\"https:\/\/kemindustries.com\/naftalen-sulfonato-de-sodio\/\",\"name\":\"Proveedores de Naftalen Sulfonato de Sodio en M\u00e9xico\",\"isPartOf\":{\"@id\":\"https:\/\/kemindustries.com\/#website\"},\"primaryImageOfPage\":{\"@id\":\"https:\/\/kemindustries.com\/naftalen-sulfonato-de-sodio\/#primaryimage\"},\"image\":{\"@id\":\"https:\/\/kemindustries.com\/naftalen-sulfonato-de-sodio\/#primaryimage\"},\"thumbnailUrl\":\"https:\/\/kemindustries.com\/wp-content\/uploads\/2023\/04\/naftaleno-scaled.webp\",\"datePublished\":\"2023-04-19T19:44:40+00:00\",\"dateModified\":\"2025-04-11T23:23:02+00:00\",\"description\":\"Proveedores de Naftalen Sulfonato de Sodio presentaciones de 25kg Ideal para aplicaciones en agricultura, tratamiento de aguas residuales.\",\"breadcrumb\":{\"@id\":\"https:\/\/kemindustries.com\/naftalen-sulfonato-de-sodio\/#breadcrumb\"},\"inLanguage\":\"en-US\",\"potentialAction\":[{\"@type\":\"ReadAction\",\"target\":[\"https:\/\/kemindustries.com\/naftalen-sulfonato-de-sodio\/\"]}]},{\"@type\":\"ImageObject\",\"inLanguage\":\"en-US\",\"@id\":\"https:\/\/kemindustries.com\/naftalen-sulfonato-de-sodio\/#primaryimage\",\"url\":\"https:\/\/kemindustries.com\/wp-content\/uploads\/2023\/04\/naftaleno-scaled.webp\",\"contentUrl\":\"https:\/\/kemindustries.com\/wp-content\/uploads\/2023\/04\/naftaleno-scaled.webp\",\"width\":2560,\"height\":2560,\"caption\":\"El Naftalen Sulfonato de Sodio es un compuesto qu\u00edmico derivado del naftaleno. Es un polvo fino color caf\u00e9 completamente soluble en agua con diversas aplicaciones para diferentes industrias\"},{\"@type\":\"BreadcrumbList\",\"@id\":\"https:\/\/kemindustries.com\/naftalen-sulfonato-de-sodio\/#breadcrumb\",\"itemListElement\":[{\"@type\":\"ListItem\",\"position\":1,\"name\":\"Portada\",\"item\":\"https:\/\/kemindustries.com\/\"},{\"@type\":\"ListItem\",\"position\":2,\"name\":\"Naftalen Sulfonato de Sodio\"}]},{\"@type\":\"WebSite\",\"@id\":\"https:\/\/kemindustries.com\/#website\",\"url\":\"https:\/\/kemindustries.com\/\",\"name\":\"kemindustries\",\"description\":\"Otro sitio realizado con WordPress\",\"potentialAction\":[{\"@type\":\"SearchAction\",\"target\":{\"@type\":\"EntryPoint\",\"urlTemplate\":\"https:\/\/kemindustries.com\/?s={search_term_string}\"},\"query-input\":{\"@type\":\"PropertyValueSpecification\",\"valueRequired\":true,\"valueName\":\"search_term_string\"}}],\"inLanguage\":\"en-US\"}]}<\/script>\n<!-- \/ Yoast SEO plugin. -->","yoast_head_json":{"title":"Proveedores de Naftalen Sulfonato de Sodio en M\u00e9xico","description":"Proveedores de Naftalen Sulfonato de Sodio presentaciones de 25kg Ideal para aplicaciones en agricultura, tratamiento de aguas residuales.","robots":{"index":"index","follow":"follow","max-snippet":"max-snippet:-1","max-image-preview":"max-image-preview:large","max-video-preview":"max-video-preview:-1"},"canonical":"https:\/\/kemindustries.com\/en\/naftalen-sulfonato-de-sodio\/","og_locale":"en_US","og_type":"article","og_title":"Proveedores de Naftalen Sulfonato de Sodio en M\u00e9xico","og_description":"Proveedores de Naftalen Sulfonato de Sodio presentaciones de 25kg Ideal para aplicaciones en agricultura, tratamiento de aguas residuales.","og_url":"https:\/\/kemindustries.com\/en\/naftalen-sulfonato-de-sodio\/","og_site_name":"kemindustries","article_modified_time":"2025-04-11T23:23:02+00:00","og_image":[{"width":2560,"height":2560,"url":"https:\/\/kemindustries.com\/wp-content\/uploads\/2023\/04\/naftaleno-scaled.webp","type":"image\/webp"}],"twitter_card":"summary_large_image","twitter_misc":{"Est. reading time":"3 minutes"},"schema":{"@context":"https:\/\/schema.org","@graph":[{"@type":"WebPage","@id":"https:\/\/kemindustries.com\/naftalen-sulfonato-de-sodio\/","url":"https:\/\/kemindustries.com\/naftalen-sulfonato-de-sodio\/","name":"Proveedores de Naftalen Sulfonato de Sodio en M\u00e9xico","isPartOf":{"@id":"https:\/\/kemindustries.com\/#website"},"primaryImageOfPage":{"@id":"https:\/\/kemindustries.com\/naftalen-sulfonato-de-sodio\/#primaryimage"},"image":{"@id":"https:\/\/kemindustries.com\/naftalen-sulfonato-de-sodio\/#primaryimage"},"thumbnailUrl":"https:\/\/kemindustries.com\/wp-content\/uploads\/2023\/04\/naftaleno-scaled.webp","datePublished":"2023-04-19T19:44:40+00:00","dateModified":"2025-04-11T23:23:02+00:00","description":"Proveedores de Naftalen Sulfonato de Sodio presentaciones de 25kg Ideal para aplicaciones en agricultura, tratamiento de aguas residuales.","breadcrumb":{"@id":"https:\/\/kemindustries.com\/naftalen-sulfonato-de-sodio\/#breadcrumb"},"inLanguage":"en-US","potentialAction":[{"@type":"ReadAction","target":["https:\/\/kemindustries.com\/naftalen-sulfonato-de-sodio\/"]}]},{"@type":"ImageObject","inLanguage":"en-US","@id":"https:\/\/kemindustries.com\/naftalen-sulfonato-de-sodio\/#primaryimage","url":"https:\/\/kemindustries.com\/wp-content\/uploads\/2023\/04\/naftaleno-scaled.webp","contentUrl":"https:\/\/kemindustries.com\/wp-content\/uploads\/2023\/04\/naftaleno-scaled.webp","width":2560,"height":2560,"caption":"El Naftalen Sulfonato de Sodio es un compuesto qu\u00edmico derivado del naftaleno. Es un polvo fino color caf\u00e9 completamente soluble en agua con diversas aplicaciones para diferentes industrias"},{"@type":"BreadcrumbList","@id":"https:\/\/kemindustries.com\/naftalen-sulfonato-de-sodio\/#breadcrumb","itemListElement":[{"@type":"ListItem","position":1,"name":"Portada","item":"https:\/\/kemindustries.com\/"},{"@type":"ListItem","position":2,"name":"Naftalen Sulfonato de Sodio"}]},{"@type":"WebSite","@id":"https:\/\/kemindustries.com\/#website","url":"https:\/\/kemindustries.com\/","name":"kemindustries","description":"Otro sitio realizado con WordPress","potentialAction":[{"@type":"SearchAction","target":{"@type":"EntryPoint","urlTemplate":"https:\/\/kemindustries.com\/?s={search_term_string}"},"query-input":{"@type":"PropertyValueSpecification","valueRequired":true,"valueName":"search_term_string"}}],"inLanguage":"en-US"}]}},"_links":{"self":[{"href":"https:\/\/kemindustries.com\/en\/wp-json\/wp\/v2\/pages\/730","targetHints":{"allow":["GET"]}}],"collection":[{"href":"https:\/\/kemindustries.com\/en\/wp-json\/wp\/v2\/pages"}],"about":[{"href":"https:\/\/kemindustries.com\/en\/wp-json\/wp\/v2\/types\/page"}],"author":[{"embeddable":true,"href":"https:\/\/kemindustries.com\/en\/wp-json\/wp\/v2\/users\/2"}],"replies":[{"embeddable":true,"href":"https:\/\/kemindustries.com\/en\/wp-json\/wp\/v2\/comments?post=730"}],"version-history":[{"count":0,"href":"https:\/\/kemindustries.com\/en\/wp-json\/wp\/v2\/pages\/730\/revisions"}],"wp:featuredmedia":[{"embeddable":true,"href":"https:\/\/kemindustries.com\/en\/wp-json\/wp\/v2\/media\/744"}],"wp:attachment":[{"href":"https:\/\/kemindustries.com\/en\/wp-json\/wp\/v2\/media?parent=730"}],"curies":[{"name":"wp","href":"https:\/\/api.w.org\/{rel}","templated":true}]}}