{"id":675,"date":"2023-01-19T21:12:40","date_gmt":"2023-01-20T03:12:40","guid":{"rendered":"https:\/\/kemindustries.com\/?page_id=675"},"modified":"2025-04-23T12:24:47","modified_gmt":"2025-04-23T18:24:47","slug":"gluconato-de-sodio","status":"publish","type":"page","link":"https:\/\/kemindustries.com\/en\/gluconato-de-sodio\/","title":{"rendered":"Sodium gluconate"},"content":{"rendered":"<section class=\"l-section wpb_row height_medium\"><div class=\"l-section-h i-cf\"><div class=\"g-cols vc_row via_grid cols_1 laptops-cols_inherit tablets-cols_inherit mobiles-cols_1 valign_top type_boxes stacking_default\"><div class=\"wpb_column vc_column_container\"><div class=\"vc_column-inner\"><div class=\"g-cols wpb_row via_grid cols_2 laptops-cols_inherit tablets-cols_inherit mobiles-cols_1 valign_top type_default stacking_default\" style=\"--columns-gap:3rem;\"><div class=\"wpb_column vc_column_container\"><div class=\"vc_column-inner\"><div class=\"wpb_text_column\"><div class=\"wpb_wrapper\"><h2><strong>Sodium gluconate<\/strong><\/h2>\n<p>En <strong>Kem Industries somos proveedores de Gluconato de Sodio <\/strong><span>contamos con presentaci\u00f3n en\u00a0<\/span><strong>Sacos de 25 kg<\/strong><span> para entrega inmediata, ofrecemos materias primas de alta calidad, nuestros productos cumplen los m\u00e1s altos est\u00e1ndares.<\/span><\/p>\n<p class=\"p3\">Nuestro gluconato de sodio es una sal obtenida del \u00e1cido gluc\u00f3nico. Es un polvo cristalino blanco muy soluble en agua <span class=\"s1\">with several applications for different industries, such as:<\/span><\/p>\n<ul class=\"ul1\">\n<li class=\"li3\">Construction (concrete additives)<\/li>\n<li class=\"li3\">Textile industry<\/li>\n<li class=\"li3\">Agriculture<\/li>\n<li class=\"li3\">Water Treatment<\/li>\n<li class=\"li3\">Cosmetic Industry<\/li>\n<li class=\"li3\">Metalworking Industry<\/li>\n<\/ul>\n<\/div><\/div><\/div><\/div><div class=\"wpb_column vc_column_container\"><div class=\"vc_column-inner\"><div class=\"w-image align_none\"><div class=\"w-image-h\"><img decoding=\"async\" width=\"499\" height=\"500\" src=\"https:\/\/kemindustries.com\/wp-content\/uploads\/2023\/01\/extracto-algas-agricultura-kem-industris-seaweed-2023.webp\" class=\"attachment-large size-large\" alt=\"\" loading=\"lazy\" \/><\/div><\/div><\/div><\/div><\/div><div class=\"w-separator size_medium\"><\/div><div class=\"g-cols wpb_row via_grid cols_2 laptops-cols_inherit tablets-cols_inherit mobiles-cols_1 valign_top type_default stacking_default\" style=\"--columns-gap:3rem;\"><div class=\"wpb_column vc_column_container\"><div class=\"vc_column-inner\"><div class=\"wpb_text_column\"><div class=\"wpb_wrapper\"><h3 class=\"p3\"><b>Sodium gluconate as concrete additive<\/b><\/h3>\n<p class=\"p3\">The sodium gluconate is used as an additive for concrete formulation.<span class=\"Apple-converted-space\">\u00a0<\/span><\/p>\n<p class=\"p3\">Some of its benefits are:<\/p>\n<ul class=\"ul1\">\n<li class=\"li3\">It works as a retardant in the setting process.<\/li>\n<li class=\"li3\">It is an agent that disperses and moistens the concrete ingredients, which provides greater stability, allows it to have greater adherence to metal reinforcements and reduces corrosion.<\/li>\n<\/ul>\n<\/div><\/div><\/div><\/div><div class=\"wpb_column vc_column_container\"><div class=\"vc_column-inner\"><div class=\"w-image align_none\"><div class=\"w-image-h\"><img decoding=\"async\" width=\"1024\" height=\"682\" src=\"https:\/\/kemindustries.com\/wp-content\/uploads\/2023\/01\/Gluconato-de-sodio-industria-de-la-construccion-Kem-Industries-2023-1024x682.jpeg\" class=\"attachment-large size-large\" alt=\"El gluconato de sodio se utiliza como aditivo para concreto.\" loading=\"lazy\" srcset=\"https:\/\/kemindustries.com\/wp-content\/uploads\/2023\/01\/Gluconato-de-sodio-industria-de-la-construccion-Kem-Industries-2023-1024x682.jpeg 1024w, https:\/\/kemindustries.com\/wp-content\/uploads\/2023\/01\/Gluconato-de-sodio-industria-de-la-construccion-Kem-Industries-2023-300x200.jpeg 300w, https:\/\/kemindustries.com\/wp-content\/uploads\/2023\/01\/Gluconato-de-sodio-industria-de-la-construccion-Kem-Industries-2023-18x12.jpeg 18w, https:\/\/kemindustries.com\/wp-content\/uploads\/2023\/01\/Gluconato-de-sodio-industria-de-la-construccion-Kem-Industries-2023.jpeg 1280w\" sizes=\"auto, (max-width: 1024px) 100vw, 1024px\" \/><\/div><\/div><\/div><\/div><\/div><div class=\"w-separator size_medium\"><\/div><div class=\"g-cols wpb_row via_grid cols_2 laptops-cols_inherit tablets-cols_inherit mobiles-cols_1 valign_top type_default stacking_default\" style=\"--columns-gap:3rem;\"><div class=\"wpb_column vc_column_container\"><div class=\"vc_column-inner\"><div class=\"wpb_text_column\"><div class=\"wpb_wrapper\"><h3 class=\"p3\"><b>Sodium gluconate in textile<\/b><\/h3>\n<p class=\"p3\">The sodium gluconate is a chelating agent used for the stabilization of concentrated alkaline solutions for the bleaching of textiles. Its solutions resist oxidation and reduction at high temperatures.<\/p>\n<p class=\"p3\">The sodium gluconate also inactivates metal ions through the formation of soluble complexes, which helps on:<\/p>\n<ul class=\"ul1\">\n<li class=\"li3\">The shades and yields of direct dyes.<\/li>\n<li class=\"li3\">The shades and yields of chromic-based acid dyes.<\/li>\n<li class=\"li3\">Favoring uniform dyeing.<\/li>\n<li class=\"li3\">Increasing resistance to friction.<\/li>\n<\/ul>\n<\/div><\/div><\/div><\/div><div class=\"wpb_column vc_column_container\"><div class=\"vc_column-inner\"><div class=\"w-image align_none\"><div class=\"w-image-h\"><img decoding=\"async\" width=\"1024\" height=\"683\" src=\"https:\/\/kemindustries.com\/wp-content\/uploads\/2023\/01\/gluconato-de-sodio-industria-textil.webp\" class=\"attachment-large size-large\" alt=\"El gluconato de sodio en la industria textil se utiliza para favorecer los te\u00f1idos uniformes y mejora la resistencia a la fricci\u00f3n.\" loading=\"lazy\" \/><\/div><\/div><\/div><\/div><\/div><div class=\"w-separator size_medium\"><\/div><div class=\"g-cols wpb_row via_grid cols_2 laptops-cols_inherit tablets-cols_inherit mobiles-cols_1 valign_top type_default stacking_default\" style=\"--columns-gap:3rem;\"><div class=\"wpb_column vc_column_container\"><div class=\"vc_column-inner\"><div class=\"wpb_text_column\"><div class=\"wpb_wrapper\"><h3 class=\"p3\"><b>Sodium gluconate in agriculture<\/b><\/h3>\n<p class=\"p3\">Some of the benefits of the sodium gluconate in fertilizer formulations are:<\/p>\n<ul class=\"ul1\">\n<li class=\"li3\">It works as a chelating agent for the essential metals involved in the nutrition and growth of the plants.<\/li>\n<li class=\"li3\">The electrical charge of its molecules is neutral or slightly negative, which causes as consequence a quick absortion by the plants.<\/li>\n<\/ul>\n<\/div><\/div><\/div><\/div><div class=\"wpb_column vc_column_container\"><div class=\"vc_column-inner\"><div class=\"w-image align_none\"><div class=\"w-image-h\"><img decoding=\"async\" width=\"1024\" height=\"683\" src=\"https:\/\/kemindustries.com\/wp-content\/uploads\/2023\/01\/gluconato-de-sodio-en-la-agricultura.webp\" class=\"attachment-large size-large\" alt=\"\" loading=\"lazy\" \/><\/div><\/div><\/div><\/div><\/div><div class=\"w-separator size_medium\"><\/div><div class=\"g-cols wpb_row via_grid cols_2 laptops-cols_inherit tablets-cols_inherit mobiles-cols_1 valign_top type_default stacking_default\" style=\"--columns-gap:3rem;\"><div class=\"wpb_column vc_column_container\"><div class=\"vc_column-inner\"><div class=\"wpb_text_column\"><div class=\"wpb_wrapper\"><h3 class=\"p6\"><b>Sodium gluconate for water treatment<\/b><\/h3>\n<p class=\"p6\">The sodium gluconate is an effective softener for industrial waters because in alkaline solutions, it works as a calcium, iron, aluminum, and zinc sequestrant.<\/p>\n<p class=\"p6\">Another of the sodium gluconate benefits for water treatment is its effect as a corrosion inhibitor. Compared to other corrosion inhibitors, its inhibitory effect increases as the temperature increases.<\/p>\n<p class=\"p6\">On the other hand, the chelating agent, creates stable metal ion complexes in neutral media and especially in alkaline media, which causes its purifying effect.<\/p>\n<\/div><\/div><\/div><\/div><div class=\"wpb_column vc_column_container\"><div class=\"vc_column-inner\"><div class=\"w-image align_none\"><div class=\"w-image-h\"><img decoding=\"async\" width=\"1024\" height=\"683\" src=\"https:\/\/kemindustries.com\/wp-content\/uploads\/2023\/01\/gluconato-de-sodio-tratamiento-de-aguas-kem-industries.webp\" class=\"attachment-large size-large\" alt=\"\" loading=\"lazy\" \/><\/div><\/div><\/div><\/div><\/div><div class=\"w-separator size_medium\"><\/div><div class=\"g-cols wpb_row via_grid cols_2 laptops-cols_inherit tablets-cols_inherit mobiles-cols_1 valign_top type_default stacking_default\" style=\"--columns-gap:3rem;\"><div class=\"wpb_column vc_column_container\"><div class=\"vc_column-inner\"><div class=\"wpb_text_column\"><div class=\"wpb_wrapper\"><h3 class=\"p6\"><b>Sodium gluconate in cosmetic industry <\/b><\/h3>\n<p class=\"p6\">The sodium gluconate is used to make cosmetic and personal care products. As it is a chelating agent, it associates with metal ions forming stable complexes, providing the following benefits in cosmetics:<\/p>\n<ul class=\"ul1\">\n<li class=\"li3\"><span class=\"s1\">Prevents rancidity.<\/span><\/li>\n<li class=\"li3\"><span class=\"s1\">Preserves the components.<\/span><\/li>\n<li class=\"li3\"><span class=\"s1\">Helps stabilize the color.<\/span><\/li>\n<li class=\"li3\"><span class=\"s1\">Works as a wetting agent.<\/span><\/li>\n<\/ul>\n<\/div><\/div><\/div><\/div><div class=\"wpb_column vc_column_container\"><div class=\"vc_column-inner\"><div class=\"w-image align_none\"><div class=\"w-image-h\"><img decoding=\"async\" width=\"1024\" height=\"683\" src=\"https:\/\/kemindustries.com\/wp-content\/uploads\/2023\/01\/Gluconato-de-sodio-en-cosmetica.webp\" class=\"attachment-large size-large\" alt=\"\" loading=\"lazy\" \/><\/div><\/div><\/div><\/div><\/div><div class=\"w-separator size_medium\"><\/div><div class=\"g-cols wpb_row via_grid cols_2 laptops-cols_inherit tablets-cols_inherit mobiles-cols_1 valign_top type_default stacking_default\" style=\"--columns-gap:3rem;\"><div class=\"wpb_column vc_column_container\"><div class=\"vc_column-inner\"><div class=\"wpb_text_column\"><div class=\"wpb_wrapper\"><h3 class=\"p6\"><b>Sodium gluconate for metal mechanic industry<\/b><\/h3>\n<p class=\"p6\">As it is a chelating agent, the sodium gluconate isolates the calcium, iron, aluminum and zinc in alkaline solutions. It is used to formulate cleaning products for steel surfaces, where it removes rust and other corrosive substances on steel.<\/p>\n<p class=\"p6\">Due to its effectiveness on iron in sodium hydroxide solutions, it is the preferred sequestering agent for alkaline stripping.<\/p>\n<\/div><\/div><\/div><\/div><div class=\"wpb_column vc_column_container\"><div class=\"vc_column-inner\"><div class=\"w-image align_none\"><div class=\"w-image-h\"><img decoding=\"async\" width=\"1024\" height=\"683\" src=\"https:\/\/kemindustries.com\/wp-content\/uploads\/2023\/01\/gluconato-de-sodio-industria-metal-mecanica.webp\" class=\"attachment-large size-large\" alt=\"\" loading=\"lazy\" \/><\/div><\/div><\/div><\/div><\/div><\/div><\/div><\/div><\/div><\/section>","protected":false},"excerpt":{"rendered":"Gluconato de Sodio En Kem Industries somos proveedores de Gluconato de Sodio contamos con presentaci\u00f3n en\u00a0Sacos de 25 kg para entrega inmediata, ofrecemos materias primas de alta calidad, nuestros productos cumplen los m\u00e1s altos est\u00e1ndares. Nuestro gluconato de sodio es una sal obtenida del \u00e1cido gluc\u00f3nico. Es un polvo cristalino blanco muy soluble en agua...","protected":false},"author":2,"featured_media":686,"parent":0,"menu_order":0,"comment_status":"closed","ping_status":"closed","template":"","meta":{"footnotes":""},"class_list":["post-675","page","type-page","status-publish","has-post-thumbnail","hentry"],"yoast_head":"<!-- This site is optimized with the Yoast SEO plugin v25.6 - https:\/\/yoast.com\/wordpress\/plugins\/seo\/ -->\n<title>Proveedores de Gluconato de Sodio en M\u00e9xico | Kem Industries<\/title>\n<meta name=\"description\" content=\"Disponible en saco de 25 kg. Nuestros productos cumplen con los m\u00e1s altos est\u00e1ndares en calidad. Somos proveedores en la Rep\u00fablica Mexicana.\" \/>\n<meta name=\"robots\" content=\"index, follow, max-snippet:-1, max-image-preview:large, max-video-preview:-1\" \/>\n<link rel=\"canonical\" href=\"https:\/\/kemindustries.com\/en\/gluconato-de-sodio\/\" \/>\n<meta property=\"og:locale\" content=\"en_US\" \/>\n<meta property=\"og:type\" content=\"article\" \/>\n<meta property=\"og:title\" content=\"Proveedores de Gluconato de Sodio en M\u00e9xico | Kem Industries\" \/>\n<meta property=\"og:description\" content=\"Disponible en saco de 25 kg. Nuestros productos cumplen con los m\u00e1s altos est\u00e1ndares en calidad. Somos proveedores en la Rep\u00fablica Mexicana.\" \/>\n<meta property=\"og:url\" content=\"https:\/\/kemindustries.com\/en\/gluconato-de-sodio\/\" \/>\n<meta property=\"og:site_name\" content=\"kemindustries\" \/>\n<meta property=\"article:modified_time\" content=\"2025-04-23T18:24:47+00:00\" \/>\n<meta property=\"og:image\" content=\"https:\/\/kemindustries.com\/wp-content\/uploads\/2023\/01\/gluconato-de-sodio-kem-industries.webp\" \/>\n\t<meta property=\"og:image:width\" content=\"640\" \/>\n\t<meta property=\"og:image:height\" content=\"641\" \/>\n\t<meta property=\"og:image:type\" content=\"image\/webp\" \/>\n<meta name=\"twitter:card\" content=\"summary_large_image\" \/>\n<meta name=\"twitter:label1\" content=\"Est. reading time\" \/>\n\t<meta name=\"twitter:data1\" content=\"3 minutes\" \/>\n<script type=\"application\/ld+json\" class=\"yoast-schema-graph\">{\"@context\":\"https:\/\/schema.org\",\"@graph\":[{\"@type\":\"WebPage\",\"@id\":\"https:\/\/kemindustries.com\/gluconato-de-sodio\/\",\"url\":\"https:\/\/kemindustries.com\/gluconato-de-sodio\/\",\"name\":\"Proveedores de Gluconato de Sodio en M\u00e9xico | Kem Industries\",\"isPartOf\":{\"@id\":\"https:\/\/kemindustries.com\/#website\"},\"primaryImageOfPage\":{\"@id\":\"https:\/\/kemindustries.com\/gluconato-de-sodio\/#primaryimage\"},\"image\":{\"@id\":\"https:\/\/kemindustries.com\/gluconato-de-sodio\/#primaryimage\"},\"thumbnailUrl\":\"https:\/\/kemindustries.com\/wp-content\/uploads\/2023\/01\/gluconato-de-sodio-kem-industries.webp\",\"datePublished\":\"2023-01-20T03:12:40+00:00\",\"dateModified\":\"2025-04-23T18:24:47+00:00\",\"description\":\"Disponible en saco de 25 kg. Nuestros productos cumplen con los m\u00e1s altos est\u00e1ndares en calidad. Somos proveedores en la Rep\u00fablica Mexicana.\",\"breadcrumb\":{\"@id\":\"https:\/\/kemindustries.com\/gluconato-de-sodio\/#breadcrumb\"},\"inLanguage\":\"en-US\",\"potentialAction\":[{\"@type\":\"ReadAction\",\"target\":[\"https:\/\/kemindustries.com\/gluconato-de-sodio\/\"]}]},{\"@type\":\"ImageObject\",\"inLanguage\":\"en-US\",\"@id\":\"https:\/\/kemindustries.com\/gluconato-de-sodio\/#primaryimage\",\"url\":\"https:\/\/kemindustries.com\/wp-content\/uploads\/2023\/01\/gluconato-de-sodio-kem-industries.webp\",\"contentUrl\":\"https:\/\/kemindustries.com\/wp-content\/uploads\/2023\/01\/gluconato-de-sodio-kem-industries.webp\",\"width\":640,\"height\":641,\"caption\":\"Gluconato de sodio en polvo, cristalino blanco muy soluble en agua con diversas aplicaciones como aditivos de concreto, textil, agricultura, tratamiento de aguas, industria cosm\u00e9tica e industria metal-mec\u00e1nica.\"},{\"@type\":\"BreadcrumbList\",\"@id\":\"https:\/\/kemindustries.com\/gluconato-de-sodio\/#breadcrumb\",\"itemListElement\":[{\"@type\":\"ListItem\",\"position\":1,\"name\":\"Portada\",\"item\":\"https:\/\/kemindustries.com\/\"},{\"@type\":\"ListItem\",\"position\":2,\"name\":\"Gluconato de Sodio\"}]},{\"@type\":\"WebSite\",\"@id\":\"https:\/\/kemindustries.com\/#website\",\"url\":\"https:\/\/kemindustries.com\/\",\"name\":\"kemindustries\",\"description\":\"Otro sitio realizado con WordPress\",\"potentialAction\":[{\"@type\":\"SearchAction\",\"target\":{\"@type\":\"EntryPoint\",\"urlTemplate\":\"https:\/\/kemindustries.com\/?s={search_term_string}\"},\"query-input\":{\"@type\":\"PropertyValueSpecification\",\"valueRequired\":true,\"valueName\":\"search_term_string\"}}],\"inLanguage\":\"en-US\"}]}<\/script>\n<!-- \/ Yoast SEO plugin. -->","yoast_head_json":{"title":"Proveedores de Gluconato de Sodio en M\u00e9xico | Kem Industries","description":"Disponible en saco de 25 kg. Nuestros productos cumplen con los m\u00e1s altos est\u00e1ndares en calidad. Somos proveedores en la Rep\u00fablica Mexicana.","robots":{"index":"index","follow":"follow","max-snippet":"max-snippet:-1","max-image-preview":"max-image-preview:large","max-video-preview":"max-video-preview:-1"},"canonical":"https:\/\/kemindustries.com\/en\/gluconato-de-sodio\/","og_locale":"en_US","og_type":"article","og_title":"Proveedores de Gluconato de Sodio en M\u00e9xico | Kem Industries","og_description":"Disponible en saco de 25 kg. Nuestros productos cumplen con los m\u00e1s altos est\u00e1ndares en calidad. Somos proveedores en la Rep\u00fablica Mexicana.","og_url":"https:\/\/kemindustries.com\/en\/gluconato-de-sodio\/","og_site_name":"kemindustries","article_modified_time":"2025-04-23T18:24:47+00:00","og_image":[{"width":640,"height":641,"url":"https:\/\/kemindustries.com\/wp-content\/uploads\/2023\/01\/gluconato-de-sodio-kem-industries.webp","type":"image\/webp"}],"twitter_card":"summary_large_image","twitter_misc":{"Est. reading time":"3 minutes"},"schema":{"@context":"https:\/\/schema.org","@graph":[{"@type":"WebPage","@id":"https:\/\/kemindustries.com\/gluconato-de-sodio\/","url":"https:\/\/kemindustries.com\/gluconato-de-sodio\/","name":"Proveedores de Gluconato de Sodio en M\u00e9xico | Kem Industries","isPartOf":{"@id":"https:\/\/kemindustries.com\/#website"},"primaryImageOfPage":{"@id":"https:\/\/kemindustries.com\/gluconato-de-sodio\/#primaryimage"},"image":{"@id":"https:\/\/kemindustries.com\/gluconato-de-sodio\/#primaryimage"},"thumbnailUrl":"https:\/\/kemindustries.com\/wp-content\/uploads\/2023\/01\/gluconato-de-sodio-kem-industries.webp","datePublished":"2023-01-20T03:12:40+00:00","dateModified":"2025-04-23T18:24:47+00:00","description":"Disponible en saco de 25 kg. Nuestros productos cumplen con los m\u00e1s altos est\u00e1ndares en calidad. Somos proveedores en la Rep\u00fablica Mexicana.","breadcrumb":{"@id":"https:\/\/kemindustries.com\/gluconato-de-sodio\/#breadcrumb"},"inLanguage":"en-US","potentialAction":[{"@type":"ReadAction","target":["https:\/\/kemindustries.com\/gluconato-de-sodio\/"]}]},{"@type":"ImageObject","inLanguage":"en-US","@id":"https:\/\/kemindustries.com\/gluconato-de-sodio\/#primaryimage","url":"https:\/\/kemindustries.com\/wp-content\/uploads\/2023\/01\/gluconato-de-sodio-kem-industries.webp","contentUrl":"https:\/\/kemindustries.com\/wp-content\/uploads\/2023\/01\/gluconato-de-sodio-kem-industries.webp","width":640,"height":641,"caption":"Gluconato de sodio en polvo, cristalino blanco muy soluble en agua con diversas aplicaciones como aditivos de concreto, textil, agricultura, tratamiento de aguas, industria cosm\u00e9tica e industria metal-mec\u00e1nica."},{"@type":"BreadcrumbList","@id":"https:\/\/kemindustries.com\/gluconato-de-sodio\/#breadcrumb","itemListElement":[{"@type":"ListItem","position":1,"name":"Portada","item":"https:\/\/kemindustries.com\/"},{"@type":"ListItem","position":2,"name":"Gluconato de Sodio"}]},{"@type":"WebSite","@id":"https:\/\/kemindustries.com\/#website","url":"https:\/\/kemindustries.com\/","name":"kemindustries","description":"Otro sitio realizado con WordPress","potentialAction":[{"@type":"SearchAction","target":{"@type":"EntryPoint","urlTemplate":"https:\/\/kemindustries.com\/?s={search_term_string}"},"query-input":{"@type":"PropertyValueSpecification","valueRequired":true,"valueName":"search_term_string"}}],"inLanguage":"en-US"}]}},"_links":{"self":[{"href":"https:\/\/kemindustries.com\/en\/wp-json\/wp\/v2\/pages\/675","targetHints":{"allow":["GET"]}}],"collection":[{"href":"https:\/\/kemindustries.com\/en\/wp-json\/wp\/v2\/pages"}],"about":[{"href":"https:\/\/kemindustries.com\/en\/wp-json\/wp\/v2\/types\/page"}],"author":[{"embeddable":true,"href":"https:\/\/kemindustries.com\/en\/wp-json\/wp\/v2\/users\/2"}],"replies":[{"embeddable":true,"href":"https:\/\/kemindustries.com\/en\/wp-json\/wp\/v2\/comments?post=675"}],"version-history":[{"count":0,"href":"https:\/\/kemindustries.com\/en\/wp-json\/wp\/v2\/pages\/675\/revisions"}],"wp:featuredmedia":[{"embeddable":true,"href":"https:\/\/kemindustries.com\/en\/wp-json\/wp\/v2\/media\/686"}],"wp:attachment":[{"href":"https:\/\/kemindustries.com\/en\/wp-json\/wp\/v2\/media?parent=675"}],"curies":[{"name":"wp","href":"https:\/\/api.w.org\/{rel}","templated":true}]}}