{"id":640,"date":"2021-11-25T10:51:33","date_gmt":"2021-11-25T16:51:33","guid":{"rendered":"https:\/\/kemindustries.com\/?page_id=640"},"modified":"2025-04-21T12:31:04","modified_gmt":"2025-04-21T18:31:04","slug":"aminoacidos-de-origen-vegetal-al-90","status":"publish","type":"page","link":"https:\/\/kemindustries.com\/en\/aminoacidos-de-origen-vegetal-al-90\/","title":{"rendered":"Amino\u00e1cidos de origen vegetal al 90%"},"content":{"rendered":"<section class=\"l-section wpb_row height_medium\"><div class=\"l-section-h i-cf\"><div class=\"g-cols vc_row via_grid cols_2 laptops-cols_inherit tablets-cols_inherit mobiles-cols_1 valign_top type_default stacking_default\"><div class=\"wpb_column vc_column_container\"><div class=\"vc_column-inner\"><div class=\"wpb_text_column\"><div class=\"wpb_wrapper\"><h2><b>Amino\u00e1cidos de origen vegetal 90%<\/b><\/h2>\n<p><span>En\u00a0<\/span><strong>Kem Industries<\/strong><span> somos proveedores en M\u00e9xico de <strong>amino\u00e1cidos de origen vegetal<\/strong><\/span><strong>.<span>\u00a0<\/span><\/strong><span>Contamos con presentaciones en\u00a0<\/span><strong>saco de 20 kg<\/strong><strong>.<span>\u00a0<\/span><\/strong><span>\u00a1Cont\u00e1ctanos!<\/span><\/p>\n<p><span style=\"font-weight: 400;\">The vegetable origin amino acids are 100% soluble in water and other liquids. They are obtained through \u201cExtraction dec and microdry-aw\u201d technology that guarantee optimal preservation of the natural nutrients, safety and low microbiological levels.<\/span><\/p>\n<p><span style=\"font-weight: 400;\">It admits one of the best quality compositions in its natural nutrients, which maintains a unique and essential correlation for nutrition in all its stages, as well as all essential amino acids.<\/span><\/p>\n<p><span style=\"font-weight: 400;\">The amino acids are compatible with any solid or liquid fertilizer and can be applied to the soil or foliar way.<\/span><\/p>\n<\/div><\/div><\/div><\/div><div class=\"wpb_column vc_column_container\"><div class=\"vc_column-inner\"><div class=\"w-image align_none\"><div class=\"w-image-h\"><img decoding=\"async\" width=\"499\" height=\"499\" src=\"https:\/\/kemindustries.com\/wp-content\/uploads\/2020\/06\/amino-acid-powder-kem-industries-y.jpg\" class=\"attachment-large size-large\" alt=\"\" loading=\"lazy\" srcset=\"https:\/\/kemindustries.com\/wp-content\/uploads\/2020\/06\/amino-acid-powder-kem-industries-y.jpg 499w, https:\/\/kemindustries.com\/wp-content\/uploads\/2020\/06\/amino-acid-powder-kem-industries-y-300x300.jpg 300w, https:\/\/kemindustries.com\/wp-content\/uploads\/2020\/06\/amino-acid-powder-kem-industries-y-150x150.jpg 150w, https:\/\/kemindustries.com\/wp-content\/uploads\/2020\/06\/amino-acid-powder-kem-industries-y-350x350.jpg 350w\" sizes=\"auto, (max-width: 499px) 100vw, 499px\" \/><\/div><\/div><\/div><\/div><\/div><\/div><\/section>","protected":false},"excerpt":{"rendered":"Amino\u00e1cidos de origen vegetal 90% En\u00a0Kem Industries somos proveedores en M\u00e9xico de amino\u00e1cidos de origen vegetal.\u00a0Contamos con presentaciones en\u00a0saco de 20 kg.\u00a0\u00a1Cont\u00e1ctanos! Los amino\u00e1cidos de origen vegetal son 100% solubles en agua y en otros l\u00edquidos. Se obtienen por medio de la tecnolog\u00eda \u201cExtracci\u00f3n dec y microdry-aw\u201d que garantiza la conservaci\u00f3n \u00f3ptima de los nutrientes...","protected":false},"author":2,"featured_media":654,"parent":0,"menu_order":0,"comment_status":"closed","ping_status":"closed","template":"","meta":{"footnotes":""},"class_list":["post-640","page","type-page","status-publish","has-post-thumbnail","hentry"],"yoast_head":"<!-- This site is optimized with the Yoast SEO plugin v25.6 - https:\/\/yoast.com\/wordpress\/plugins\/seo\/ -->\n<title>Proveedores de amino\u00e1cidos vegetales | Kem Industries | M\u00e9xico<\/title>\n<meta name=\"description\" content=\"Proveedores en M\u00e9xico de amino\u00e1cidos de origen vegetal. Presentaci\u00f3n en saco de 20 kg. Compatibles con fertilizantes s\u00f3lidos y l\u00edquidos.\" \/>\n<meta name=\"robots\" content=\"index, follow, max-snippet:-1, max-image-preview:large, max-video-preview:-1\" \/>\n<link rel=\"canonical\" href=\"https:\/\/kemindustries.com\/en\/aminoacidos-de-origen-vegetal-al-90\/\" \/>\n<meta property=\"og:locale\" content=\"en_US\" \/>\n<meta property=\"og:type\" content=\"article\" \/>\n<meta property=\"og:title\" content=\"Proveedores de amino\u00e1cidos vegetales | Kem Industries | M\u00e9xico\" \/>\n<meta property=\"og:description\" content=\"Proveedores en M\u00e9xico de amino\u00e1cidos de origen vegetal. Presentaci\u00f3n en saco de 20 kg. Compatibles con fertilizantes s\u00f3lidos y l\u00edquidos.\" \/>\n<meta property=\"og:url\" content=\"https:\/\/kemindustries.com\/en\/aminoacidos-de-origen-vegetal-al-90\/\" \/>\n<meta property=\"og:site_name\" content=\"kemindustries\" \/>\n<meta property=\"article:modified_time\" content=\"2025-04-21T18:31:04+00:00\" \/>\n<meta property=\"og:image\" content=\"https:\/\/kemindustries.com\/wp-content\/uploads\/2020\/06\/amino-acid-powder-kem-industries-y.jpg\" \/>\n\t<meta property=\"og:image:width\" content=\"499\" \/>\n\t<meta property=\"og:image:height\" content=\"499\" \/>\n\t<meta property=\"og:image:type\" content=\"image\/jpeg\" \/>\n<meta name=\"twitter:card\" content=\"summary_large_image\" \/>\n<meta name=\"twitter:label1\" content=\"Est. reading time\" \/>\n\t<meta name=\"twitter:data1\" content=\"1 minute\" \/>\n<script type=\"application\/ld+json\" class=\"yoast-schema-graph\">{\"@context\":\"https:\/\/schema.org\",\"@graph\":[{\"@type\":\"WebPage\",\"@id\":\"https:\/\/kemindustries.com\/aminoacidos-de-origen-vegetal-al-90\/\",\"url\":\"https:\/\/kemindustries.com\/aminoacidos-de-origen-vegetal-al-90\/\",\"name\":\"Proveedores de amino\u00e1cidos vegetales | Kem Industries | M\u00e9xico\",\"isPartOf\":{\"@id\":\"https:\/\/kemindustries.com\/#website\"},\"primaryImageOfPage\":{\"@id\":\"https:\/\/kemindustries.com\/aminoacidos-de-origen-vegetal-al-90\/#primaryimage\"},\"image\":{\"@id\":\"https:\/\/kemindustries.com\/aminoacidos-de-origen-vegetal-al-90\/#primaryimage\"},\"thumbnailUrl\":\"https:\/\/kemindustries.com\/wp-content\/uploads\/2020\/06\/amino-acid-powder-kem-industries-y.jpg\",\"datePublished\":\"2021-11-25T16:51:33+00:00\",\"dateModified\":\"2025-04-21T18:31:04+00:00\",\"description\":\"Proveedores en M\u00e9xico de amino\u00e1cidos de origen vegetal. Presentaci\u00f3n en saco de 20 kg. Compatibles con fertilizantes s\u00f3lidos y l\u00edquidos.\",\"breadcrumb\":{\"@id\":\"https:\/\/kemindustries.com\/aminoacidos-de-origen-vegetal-al-90\/#breadcrumb\"},\"inLanguage\":\"en-US\",\"potentialAction\":[{\"@type\":\"ReadAction\",\"target\":[\"https:\/\/kemindustries.com\/aminoacidos-de-origen-vegetal-al-90\/\"]}]},{\"@type\":\"ImageObject\",\"inLanguage\":\"en-US\",\"@id\":\"https:\/\/kemindustries.com\/aminoacidos-de-origen-vegetal-al-90\/#primaryimage\",\"url\":\"https:\/\/kemindustries.com\/wp-content\/uploads\/2020\/06\/amino-acid-powder-kem-industries-y.jpg\",\"contentUrl\":\"https:\/\/kemindustries.com\/wp-content\/uploads\/2020\/06\/amino-acid-powder-kem-industries-y.jpg\",\"width\":499,\"height\":499},{\"@type\":\"BreadcrumbList\",\"@id\":\"https:\/\/kemindustries.com\/aminoacidos-de-origen-vegetal-al-90\/#breadcrumb\",\"itemListElement\":[{\"@type\":\"ListItem\",\"position\":1,\"name\":\"Portada\",\"item\":\"https:\/\/kemindustries.com\/\"},{\"@type\":\"ListItem\",\"position\":2,\"name\":\"Amino\u00e1cidos de origen vegetal al 90%\"}]},{\"@type\":\"WebSite\",\"@id\":\"https:\/\/kemindustries.com\/#website\",\"url\":\"https:\/\/kemindustries.com\/\",\"name\":\"kemindustries\",\"description\":\"Otro sitio realizado con WordPress\",\"potentialAction\":[{\"@type\":\"SearchAction\",\"target\":{\"@type\":\"EntryPoint\",\"urlTemplate\":\"https:\/\/kemindustries.com\/?s={search_term_string}\"},\"query-input\":{\"@type\":\"PropertyValueSpecification\",\"valueRequired\":true,\"valueName\":\"search_term_string\"}}],\"inLanguage\":\"en-US\"}]}<\/script>\n<!-- \/ Yoast SEO plugin. -->","yoast_head_json":{"title":"Proveedores de amino\u00e1cidos vegetales | Kem Industries | M\u00e9xico","description":"Proveedores en M\u00e9xico de amino\u00e1cidos de origen vegetal. Presentaci\u00f3n en saco de 20 kg. Compatibles con fertilizantes s\u00f3lidos y l\u00edquidos.","robots":{"index":"index","follow":"follow","max-snippet":"max-snippet:-1","max-image-preview":"max-image-preview:large","max-video-preview":"max-video-preview:-1"},"canonical":"https:\/\/kemindustries.com\/en\/aminoacidos-de-origen-vegetal-al-90\/","og_locale":"en_US","og_type":"article","og_title":"Proveedores de amino\u00e1cidos vegetales | Kem Industries | M\u00e9xico","og_description":"Proveedores en M\u00e9xico de amino\u00e1cidos de origen vegetal. Presentaci\u00f3n en saco de 20 kg. Compatibles con fertilizantes s\u00f3lidos y l\u00edquidos.","og_url":"https:\/\/kemindustries.com\/en\/aminoacidos-de-origen-vegetal-al-90\/","og_site_name":"kemindustries","article_modified_time":"2025-04-21T18:31:04+00:00","og_image":[{"width":499,"height":499,"url":"https:\/\/kemindustries.com\/wp-content\/uploads\/2020\/06\/amino-acid-powder-kem-industries-y.jpg","type":"image\/jpeg"}],"twitter_card":"summary_large_image","twitter_misc":{"Est. reading time":"1 minute"},"schema":{"@context":"https:\/\/schema.org","@graph":[{"@type":"WebPage","@id":"https:\/\/kemindustries.com\/aminoacidos-de-origen-vegetal-al-90\/","url":"https:\/\/kemindustries.com\/aminoacidos-de-origen-vegetal-al-90\/","name":"Proveedores de amino\u00e1cidos vegetales | Kem Industries | M\u00e9xico","isPartOf":{"@id":"https:\/\/kemindustries.com\/#website"},"primaryImageOfPage":{"@id":"https:\/\/kemindustries.com\/aminoacidos-de-origen-vegetal-al-90\/#primaryimage"},"image":{"@id":"https:\/\/kemindustries.com\/aminoacidos-de-origen-vegetal-al-90\/#primaryimage"},"thumbnailUrl":"https:\/\/kemindustries.com\/wp-content\/uploads\/2020\/06\/amino-acid-powder-kem-industries-y.jpg","datePublished":"2021-11-25T16:51:33+00:00","dateModified":"2025-04-21T18:31:04+00:00","description":"Proveedores en M\u00e9xico de amino\u00e1cidos de origen vegetal. Presentaci\u00f3n en saco de 20 kg. Compatibles con fertilizantes s\u00f3lidos y l\u00edquidos.","breadcrumb":{"@id":"https:\/\/kemindustries.com\/aminoacidos-de-origen-vegetal-al-90\/#breadcrumb"},"inLanguage":"en-US","potentialAction":[{"@type":"ReadAction","target":["https:\/\/kemindustries.com\/aminoacidos-de-origen-vegetal-al-90\/"]}]},{"@type":"ImageObject","inLanguage":"en-US","@id":"https:\/\/kemindustries.com\/aminoacidos-de-origen-vegetal-al-90\/#primaryimage","url":"https:\/\/kemindustries.com\/wp-content\/uploads\/2020\/06\/amino-acid-powder-kem-industries-y.jpg","contentUrl":"https:\/\/kemindustries.com\/wp-content\/uploads\/2020\/06\/amino-acid-powder-kem-industries-y.jpg","width":499,"height":499},{"@type":"BreadcrumbList","@id":"https:\/\/kemindustries.com\/aminoacidos-de-origen-vegetal-al-90\/#breadcrumb","itemListElement":[{"@type":"ListItem","position":1,"name":"Portada","item":"https:\/\/kemindustries.com\/"},{"@type":"ListItem","position":2,"name":"Amino\u00e1cidos de origen vegetal al 90%"}]},{"@type":"WebSite","@id":"https:\/\/kemindustries.com\/#website","url":"https:\/\/kemindustries.com\/","name":"kemindustries","description":"Otro sitio realizado con WordPress","potentialAction":[{"@type":"SearchAction","target":{"@type":"EntryPoint","urlTemplate":"https:\/\/kemindustries.com\/?s={search_term_string}"},"query-input":{"@type":"PropertyValueSpecification","valueRequired":true,"valueName":"search_term_string"}}],"inLanguage":"en-US"}]}},"_links":{"self":[{"href":"https:\/\/kemindustries.com\/en\/wp-json\/wp\/v2\/pages\/640","targetHints":{"allow":["GET"]}}],"collection":[{"href":"https:\/\/kemindustries.com\/en\/wp-json\/wp\/v2\/pages"}],"about":[{"href":"https:\/\/kemindustries.com\/en\/wp-json\/wp\/v2\/types\/page"}],"author":[{"embeddable":true,"href":"https:\/\/kemindustries.com\/en\/wp-json\/wp\/v2\/users\/2"}],"replies":[{"embeddable":true,"href":"https:\/\/kemindustries.com\/en\/wp-json\/wp\/v2\/comments?post=640"}],"version-history":[{"count":0,"href":"https:\/\/kemindustries.com\/en\/wp-json\/wp\/v2\/pages\/640\/revisions"}],"wp:featuredmedia":[{"embeddable":true,"href":"https:\/\/kemindustries.com\/en\/wp-json\/wp\/v2\/media\/654"}],"wp:attachment":[{"href":"https:\/\/kemindustries.com\/en\/wp-json\/wp\/v2\/media?parent=640"}],"curies":[{"name":"wp","href":"https:\/\/api.w.org\/{rel}","templated":true}]}}