{"id":576,"date":"2021-10-05T15:21:17","date_gmt":"2021-10-05T20:21:17","guid":{"rendered":"https:\/\/kemindustries.com\/?page_id=576"},"modified":"2021-10-07T14:26:22","modified_gmt":"2021-10-07T19:26:22","slug":"lignosulfonato-de-calcio","status":"publish","type":"page","link":"https:\/\/kemindustries.com\/en\/lignosulfonato-de-calcio\/","title":{"rendered":"Calcium Lignosulfonate"},"content":{"rendered":"<section class=\"l-section wpb_row height_medium\"><div class=\"l-section-h i-cf\"><div class=\"g-cols vc_row via_grid cols_1 laptops-cols_inherit tablets-cols_inherit mobiles-cols_1 valign_top type_default stacking_default\"><div class=\"wpb_column vc_column_container\"><div class=\"vc_column-inner\"><div class=\"wpb_text_column\"><div class=\"wpb_wrapper\"><h3><strong>LIGNOSULFONATES<\/strong><\/h3>\n<p>Kem Industries offers high quality raw materials, our lignosulfonates give as a result end products with the highest standards in the following industries:<\/p>\n<ul>\n<li><a href=\"https:\/\/kemindustries.com\/en\/lignosulfonato-de-calcio\/#agricultura\">Agriculture<\/a><\/li>\n<li><a href=\"https:\/\/kemindustries.com\/en\/lignosulfonato-de-calcio\/#aditivos\">Concrete Additives<\/a><\/li>\n<li><a href=\"https:\/\/kemindustries.com\/en\/lignosulfonato-de-calcio\/#tratamiento\">Water Treatment<\/a><\/li>\n<li><a href=\"https:\/\/kemindustries.com\/en\/lignosulfonato-de-calcio\/#mineria\">Mining<\/a><\/li>\n<li><a href=\"https:\/\/kemindustries.com\/en\/lignosulfonato-de-calcio\/#perforacion\">Drilling Mud<\/a><\/li>\n<li><a href=\"https:\/\/kemindustries.com\/en\/lignosulfonato-de-calcio\/#negro\">Carbon Black<\/a><\/li>\n<li><a href=\"https:\/\/kemindustries.com\/en\/lignosulfonato-de-calcio\/#ceramica\">Ceramics and Refractories<\/a><\/li>\n<\/ul>\n<\/div><\/div><div class=\"w-separator size_medium\"><\/div><div class=\"g-cols wpb_row via_grid cols_2 laptops-cols_inherit tablets-cols_inherit mobiles-cols_1 valign_top type_default stacking_default\" style=\"--columns-gap:3rem;\" id=\"agricultura\"><div class=\"wpb_column vc_column_container\"><div class=\"vc_column-inner\"><div class=\"wpb_text_column\"><div class=\"wpb_wrapper\"><h3><strong>LIGNOSULFONATES IN AGRICULTURE<\/strong><\/h3>\n<p>One of the applications of lignosulfonates in agriculture is its function as a dispersant in pesticides. They provide an homogeneous distribution of active agents in liquid solutions and perform as binders and humectants in dry products.<\/p>\n<p>Sodium and calcium lignosulfonates are completely soluble, thus facilitate their absorption by vegetables, therefore they act as micronutrient providers for agricultural soils and directly to the plants via foliar route.<\/p>\n<\/div><\/div><\/div><\/div><div class=\"wpb_column vc_column_container\"><div class=\"vc_column-inner\"><div class=\"w-image align_none\"><div class=\"w-image-h\"><img decoding=\"async\" width=\"1024\" height=\"683\" src=\"https:\/\/kemindustries.com\/wp-content\/uploads\/2020\/06\/aditamentos-para-la-agricultura-kem-industries-1024x683.jpg\" class=\"attachment-large size-large\" alt=\"Una de las aplicaciones de los lignosulfonatos en la agricultura es su funci\u00f3n como dispersante en pesticidas.\" loading=\"lazy\" srcset=\"https:\/\/kemindustries.com\/wp-content\/uploads\/2020\/06\/aditamentos-para-la-agricultura-kem-industries-1024x683.jpg 1024w, https:\/\/kemindustries.com\/wp-content\/uploads\/2020\/06\/aditamentos-para-la-agricultura-kem-industries-300x200.jpg 300w, https:\/\/kemindustries.com\/wp-content\/uploads\/2020\/06\/aditamentos-para-la-agricultura-kem-industries.jpg 1200w\" sizes=\"auto, (max-width: 1024px) 100vw, 1024px\" \/><\/div><\/div><\/div><\/div><\/div><div class=\"w-separator size_medium\"><\/div><div class=\"g-cols wpb_row via_grid cols_2 laptops-cols_inherit tablets-cols_inherit mobiles-cols_1 valign_top type_default stacking_default\" style=\"--columns-gap:3rem;\" id=\"aditivos\"><div class=\"wpb_column vc_column_container\"><div class=\"vc_column-inner\"><div class=\"wpb_text_column\"><div class=\"wpb_wrapper\"><h2><strong>LIGNOSULFONATES AS <\/strong><strong>CONCRETE ADDITIVES<\/strong><\/h2>\n<p>Lignosulfonates are used as a plasticizer additive in the concrete industry, it allows to improve its workability and significantly reduce the amount of mixing water, which causes a greater and faster mechanical resistance of the set product, which is also less permeable, more homogeneous and aesthethic. Sodium and Calcium lignosulfonates are generally used for this application.<\/p>\n<p>Some of the benefits are:<\/p>\n<ul>\n<li>They provide greater strength and durability to concrete.<\/li>\n<li>Reduction of water, increasing the fluidity of the dough, improving the rheological properties.<\/li>\n<li>Retardant effects in concrete admixture.<\/li>\n<\/ul>\n<\/div><\/div><\/div><\/div><div class=\"wpb_column vc_column_container\"><div class=\"vc_column-inner\"><div class=\"w-image align_none\"><div class=\"w-image-h\"><img decoding=\"async\" width=\"1024\" height=\"683\" src=\"https:\/\/kemindustries.com\/wp-content\/uploads\/2020\/06\/aditamentos-para-concreto-industria-construccion-kem-industries-1024x683.jpg\" class=\"attachment-large size-large\" alt=\"Proveedor de Lignosulfonato de Sodio, utilizado como aditivo para concreto.\" loading=\"lazy\" srcset=\"https:\/\/kemindustries.com\/wp-content\/uploads\/2020\/06\/aditamentos-para-concreto-industria-construccion-kem-industries-1024x683.jpg 1024w, https:\/\/kemindustries.com\/wp-content\/uploads\/2020\/06\/aditamentos-para-concreto-industria-construccion-kem-industries-300x200.jpg 300w, https:\/\/kemindustries.com\/wp-content\/uploads\/2020\/06\/aditamentos-para-concreto-industria-construccion-kem-industries-1536x1025.jpg 1536w, https:\/\/kemindustries.com\/wp-content\/uploads\/2020\/06\/aditamentos-para-concreto-industria-construccion-kem-industries.jpg 1904w\" sizes=\"auto, (max-width: 1024px) 100vw, 1024px\" \/><\/div><\/div><\/div><\/div><\/div><div class=\"w-separator size_medium\"><\/div><div class=\"g-cols wpb_row via_grid cols_2 laptops-cols_inherit tablets-cols_inherit mobiles-cols_1 valign_top type_default stacking_default\" style=\"--columns-gap:3rem;\" id=\"tratamiento\"><div class=\"wpb_column vc_column_container\"><div class=\"vc_column-inner\"><div class=\"wpb_text_column\"><div class=\"wpb_wrapper\"><h2><strong>LIGNOSULFONATES <\/strong><strong>FOR WATER TREATMENT<\/strong><\/h2>\n<p>We have raw materials for the formulation of products for water treatment, such as flocculants, suppressors and dispersants.<\/p>\n<p>Lignosulfonates are used in the water treatment products formulation due to their functions as a dispersing-chelating agent in industrial cleaning applications, boiler water and cooling towers. Its action ranges from the prevention of calcareous deposits (dispersion and suspension of carbonates and phosphates) to the inhibition of corrosion by complexing the metal cations.<\/p>\n<\/div><\/div><\/div><\/div><div class=\"wpb_column vc_column_container\"><div class=\"vc_column-inner\"><div class=\"w-image align_none\"><div class=\"w-image-h\"><img decoding=\"async\" width=\"1024\" height=\"683\" src=\"https:\/\/kemindustries.com\/wp-content\/uploads\/2020\/07\/dims-2-1024x683.jpg\" class=\"attachment-large size-large\" alt=\"\" loading=\"lazy\" srcset=\"https:\/\/kemindustries.com\/wp-content\/uploads\/2020\/07\/dims-2-1024x683.jpg 1024w, https:\/\/kemindustries.com\/wp-content\/uploads\/2020\/07\/dims-2-300x200.jpg 300w, https:\/\/kemindustries.com\/wp-content\/uploads\/2020\/07\/dims-2-1536x1024.jpg 1536w, https:\/\/kemindustries.com\/wp-content\/uploads\/2020\/07\/dims-2.jpg 1800w\" sizes=\"auto, (max-width: 1024px) 100vw, 1024px\" \/><\/div><\/div><\/div><\/div><\/div><div class=\"w-separator size_medium\"><\/div><div class=\"g-cols wpb_row via_grid cols_2 laptops-cols_inherit tablets-cols_inherit mobiles-cols_1 valign_top type_default stacking_default\" style=\"--columns-gap:3rem;\" id=\"mineria\"><div class=\"wpb_column vc_column_container\"><div class=\"vc_column-inner\"><div class=\"wpb_text_column\"><div class=\"wpb_wrapper\"><h2><strong>LIGNOSULFONATES AS CHEMICAL ADDITIVES FOR MINING<\/strong><\/h2>\n<p>Our raw materials are used as flotation reagents in mining processes. They perform as dispersants and supressants in different metallic and non-metallic minerals.<\/p>\n<p>One of the lignosulfonates applications in mining is dust suppression. Lignosulfonate plastic properties, help to make a compaction of the soil when it is clayey. The binding action of lignosulfonates is both physical and chemical, it is the result of intermolecular forces between molecules.<\/p>\n<p>Some of the benefits are:<\/p>\n<ul>\n<li>Alta eficiencia en la reducci\u00f3n de polvos.<\/li>\n<li>Reduce el consumo de agua.<\/li>\n<li>Contribuye a la reducci\u00f3n de contaminaci\u00f3n y cumplimiento de normas medio ambientales.<\/li>\n<\/ul>\n<\/div><\/div><\/div><\/div><div class=\"wpb_column vc_column_container\"><div class=\"vc_column-inner\"><div class=\"w-image align_none\"><div class=\"w-image-h\"><img decoding=\"async\" width=\"1024\" height=\"683\" src=\"https:\/\/kemindustries.com\/wp-content\/uploads\/2020\/07\/13994646232_2a7dc11f72_b.jpg\" class=\"attachment-large size-large\" alt=\"\" loading=\"lazy\" srcset=\"https:\/\/kemindustries.com\/wp-content\/uploads\/2020\/07\/13994646232_2a7dc11f72_b.jpg 1024w, https:\/\/kemindustries.com\/wp-content\/uploads\/2020\/07\/13994646232_2a7dc11f72_b-300x200.jpg 300w\" sizes=\"auto, (max-width: 1024px) 100vw, 1024px\" \/><\/div><\/div><\/div><\/div><\/div><div class=\"w-separator size_medium\"><\/div><div class=\"g-cols wpb_row via_grid cols_2 laptops-cols_inherit tablets-cols_inherit mobiles-cols_1 valign_top type_default stacking_default\" style=\"--columns-gap:3rem;\" id=\"perforacion\"><div class=\"wpb_column vc_column_container\"><div class=\"vc_column-inner\"><div class=\"wpb_text_column\"><div class=\"wpb_wrapper\"><h2><strong>LIGNOSULFONATES AS <\/strong><strong>DRILLING MUD ADDITIVES<\/strong><strong>\u00a0<\/strong><\/h2>\n<p>Lignosulfonates are used as lubricant additive for water and clay based muds. They improve the rheological properties, lubricating the drills and avoiding the exhaust of gas, crude oil or water due to the hydrostatic pressure.<\/p>\n<p>Lignosulfonates perform as dispersants for clay particles and other solids, preventing the formation of lumps and helping to preserve fluid homogeneity, thus reducing losses by lateral filtration.<\/p>\n<\/div><\/div><\/div><\/div><div class=\"wpb_column vc_column_container\"><div class=\"vc_column-inner\"><div class=\"w-image align_none\"><div class=\"w-image-h\"><img decoding=\"async\" width=\"670\" height=\"380\" src=\"https:\/\/kemindustries.com\/wp-content\/uploads\/2020\/06\/kem-industries-industra-del-gas-y-petroleo.jpg\" class=\"attachment-large size-large\" alt=\"\" loading=\"lazy\" srcset=\"https:\/\/kemindustries.com\/wp-content\/uploads\/2020\/06\/kem-industries-industra-del-gas-y-petroleo.jpg 670w, https:\/\/kemindustries.com\/wp-content\/uploads\/2020\/06\/kem-industries-industra-del-gas-y-petroleo-300x170.jpg 300w\" sizes=\"auto, (max-width: 670px) 100vw, 670px\" \/><\/div><\/div><\/div><\/div><\/div><div class=\"w-separator size_medium\"><\/div><div class=\"g-cols wpb_row via_grid cols_2 laptops-cols_inherit tablets-cols_inherit mobiles-cols_1 valign_top type_default stacking_default\" style=\"--columns-gap:3rem;\" id=\"negro\"><div class=\"wpb_column vc_column_container\"><div class=\"vc_column-inner\"><div class=\"wpb_text_column\"><div class=\"wpb_wrapper\"><h2><strong>LIGNOSULFONATES <\/strong><strong>CARBON BLACK<\/strong><\/h2>\n<p>Liquid lignosulfonates work as binders for the carbon black fine particles in the pelletezing process and, in turn, as dispersants, achieving an uniform mixture between the pigments.<\/p>\n<p>Some of the benefits are:<\/p>\n<ul>\n<li>Its binding properties reduce the amount of particles in the air coming from the ovens.<\/li>\n<li>It disperse carbon black particles achieving an appropiate and uniform distribution.<\/li>\n<\/ul>\n<\/div><\/div><\/div><\/div><div class=\"wpb_column vc_column_container\"><div class=\"vc_column-inner\"><div class=\"w-image align_none\"><div class=\"w-image-h\"><img decoding=\"async\" width=\"640\" height=\"330\" src=\"https:\/\/kemindustries.com\/wp-content\/uploads\/2020\/06\/polvo_negro_carbon.jpg\" class=\"attachment-large size-large\" alt=\"\" loading=\"lazy\" srcset=\"https:\/\/kemindustries.com\/wp-content\/uploads\/2020\/06\/polvo_negro_carbon.jpg 640w, https:\/\/kemindustries.com\/wp-content\/uploads\/2020\/06\/polvo_negro_carbon-300x155.jpg 300w\" sizes=\"auto, (max-width: 640px) 100vw, 640px\" \/><\/div><\/div><\/div><\/div><\/div><div class=\"w-separator size_medium\"><\/div><div class=\"g-cols wpb_row via_grid cols_2 laptops-cols_inherit tablets-cols_inherit mobiles-cols_1 valign_top type_default stacking_default\" style=\"--columns-gap:3rem;\" id=\"ceramica\"><div class=\"wpb_column vc_column_container\"><div class=\"vc_column-inner\"><div class=\"wpb_text_column\"><div class=\"wpb_wrapper\"><h3><strong>LIGNOSULFONATES <\/strong><strong>RAW MATERIAL FOR CERAMICS AND REFRACTORIES<\/strong><\/h3>\n<p>Lignosulfonates are used in the ceramic and refractory industry as plasticizers, reducing the amount of water, improving its manageability and fluidity. Its adhesive properties reduce the appearance of cracks in the final product.<\/p>\n<p>Some of the benefits are:<\/p>\n<ul>\n<li>They avoid the formation of incrustations in the production equipment.<\/li>\n<li>Improves the mechanical resistance of the final product.<\/li>\n<li>Reduction of water in the processes.<\/li>\n<li>Reduces the need for lubrication.<\/li>\n<\/ul>\n<\/div><\/div><\/div><\/div><div class=\"wpb_column vc_column_container\"><div class=\"vc_column-inner\"><div class=\"w-image align_none\"><div class=\"w-image-h\"><img decoding=\"async\" width=\"444\" height=\"266\" src=\"https:\/\/kemindustries.com\/wp-content\/uploads\/2020\/06\/CERAMICAS-Y-REFRACTARIOS@2x.png\" class=\"attachment-large size-large\" alt=\"\" loading=\"lazy\" srcset=\"https:\/\/kemindustries.com\/wp-content\/uploads\/2020\/06\/CERAMICAS-Y-REFRACTARIOS@2x.png 444w, https:\/\/kemindustries.com\/wp-content\/uploads\/2020\/06\/CERAMICAS-Y-REFRACTARIOS@2x-300x180.png 300w\" sizes=\"auto, (max-width: 444px) 100vw, 444px\" \/><\/div><\/div><\/div><\/div><\/div><\/div><\/div><\/div><\/div><\/section>","protected":false},"excerpt":{"rendered":"LIGNOSULFONATOS En Kem Industries ofrecemos materias primas de alta calidad, nuestros lignosulfonatos dan como resultado productos con los m\u00e1s altos est\u00e1ndares en las siguientes industrias: Agricultura Aditivos de Concreto Tratamiento de Aguas Miner\u00eda Perforaci\u00f3n Negro de Carb\u00f3n Cer\u00e1micas y Refractarios LIGNOSULFONATOS EN LA AGRICULTURA Una de las aplicaciones de los lignosulfonatos en la agricultura es...","protected":false},"author":2,"featured_media":0,"parent":0,"menu_order":0,"comment_status":"closed","ping_status":"closed","template":"","meta":{"footnotes":""},"class_list":["post-576","page","type-page","status-publish","hentry"],"yoast_head":"<!-- This site is optimized with the Yoast SEO plugin v25.6 - https:\/\/yoast.com\/wordpress\/plugins\/seo\/ -->\n<title>Lignosulfonato de Calcio - kemindustries<\/title>\n<meta name=\"robots\" content=\"index, follow, max-snippet:-1, max-image-preview:large, max-video-preview:-1\" \/>\n<link rel=\"canonical\" href=\"https:\/\/kemindustries.com\/en\/lignosulfonato-de-calcio\/\" \/>\n<meta property=\"og:locale\" content=\"en_US\" \/>\n<meta property=\"og:type\" content=\"article\" \/>\n<meta property=\"og:title\" content=\"Lignosulfonato de Calcio - kemindustries\" \/>\n<meta property=\"og:url\" content=\"https:\/\/kemindustries.com\/en\/lignosulfonato-de-calcio\/\" \/>\n<meta property=\"og:site_name\" content=\"kemindustries\" \/>\n<meta property=\"article:modified_time\" content=\"2021-10-07T19:26:22+00:00\" \/>\n<meta name=\"twitter:card\" content=\"summary_large_image\" \/>\n<meta name=\"twitter:label1\" content=\"Est. reading time\" \/>\n\t<meta name=\"twitter:data1\" content=\"4 minutes\" \/>\n<script type=\"application\/ld+json\" class=\"yoast-schema-graph\">{\"@context\":\"https:\/\/schema.org\",\"@graph\":[{\"@type\":\"WebPage\",\"@id\":\"https:\/\/kemindustries.com\/lignosulfonato-de-calcio\/\",\"url\":\"https:\/\/kemindustries.com\/lignosulfonato-de-calcio\/\",\"name\":\"Lignosulfonato de Calcio - kemindustries\",\"isPartOf\":{\"@id\":\"https:\/\/kemindustries.com\/#website\"},\"datePublished\":\"2021-10-05T20:21:17+00:00\",\"dateModified\":\"2021-10-07T19:26:22+00:00\",\"breadcrumb\":{\"@id\":\"https:\/\/kemindustries.com\/lignosulfonato-de-calcio\/#breadcrumb\"},\"inLanguage\":\"en-US\",\"potentialAction\":[{\"@type\":\"ReadAction\",\"target\":[\"https:\/\/kemindustries.com\/lignosulfonato-de-calcio\/\"]}]},{\"@type\":\"BreadcrumbList\",\"@id\":\"https:\/\/kemindustries.com\/lignosulfonato-de-calcio\/#breadcrumb\",\"itemListElement\":[{\"@type\":\"ListItem\",\"position\":1,\"name\":\"Portada\",\"item\":\"https:\/\/kemindustries.com\/\"},{\"@type\":\"ListItem\",\"position\":2,\"name\":\"Lignosulfonato de Calcio\"}]},{\"@type\":\"WebSite\",\"@id\":\"https:\/\/kemindustries.com\/#website\",\"url\":\"https:\/\/kemindustries.com\/\",\"name\":\"kemindustries\",\"description\":\"Otro sitio realizado con WordPress\",\"potentialAction\":[{\"@type\":\"SearchAction\",\"target\":{\"@type\":\"EntryPoint\",\"urlTemplate\":\"https:\/\/kemindustries.com\/?s={search_term_string}\"},\"query-input\":{\"@type\":\"PropertyValueSpecification\",\"valueRequired\":true,\"valueName\":\"search_term_string\"}}],\"inLanguage\":\"en-US\"}]}<\/script>\n<!-- \/ Yoast SEO plugin. -->","yoast_head_json":{"title":"Lignosulfonato de Calcio - kemindustries","robots":{"index":"index","follow":"follow","max-snippet":"max-snippet:-1","max-image-preview":"max-image-preview:large","max-video-preview":"max-video-preview:-1"},"canonical":"https:\/\/kemindustries.com\/en\/lignosulfonato-de-calcio\/","og_locale":"en_US","og_type":"article","og_title":"Lignosulfonato de Calcio - kemindustries","og_url":"https:\/\/kemindustries.com\/en\/lignosulfonato-de-calcio\/","og_site_name":"kemindustries","article_modified_time":"2021-10-07T19:26:22+00:00","twitter_card":"summary_large_image","twitter_misc":{"Est. reading time":"4 minutes"},"schema":{"@context":"https:\/\/schema.org","@graph":[{"@type":"WebPage","@id":"https:\/\/kemindustries.com\/lignosulfonato-de-calcio\/","url":"https:\/\/kemindustries.com\/lignosulfonato-de-calcio\/","name":"Lignosulfonato de Calcio - kemindustries","isPartOf":{"@id":"https:\/\/kemindustries.com\/#website"},"datePublished":"2021-10-05T20:21:17+00:00","dateModified":"2021-10-07T19:26:22+00:00","breadcrumb":{"@id":"https:\/\/kemindustries.com\/lignosulfonato-de-calcio\/#breadcrumb"},"inLanguage":"en-US","potentialAction":[{"@type":"ReadAction","target":["https:\/\/kemindustries.com\/lignosulfonato-de-calcio\/"]}]},{"@type":"BreadcrumbList","@id":"https:\/\/kemindustries.com\/lignosulfonato-de-calcio\/#breadcrumb","itemListElement":[{"@type":"ListItem","position":1,"name":"Portada","item":"https:\/\/kemindustries.com\/"},{"@type":"ListItem","position":2,"name":"Lignosulfonato de Calcio"}]},{"@type":"WebSite","@id":"https:\/\/kemindustries.com\/#website","url":"https:\/\/kemindustries.com\/","name":"kemindustries","description":"Otro sitio realizado con WordPress","potentialAction":[{"@type":"SearchAction","target":{"@type":"EntryPoint","urlTemplate":"https:\/\/kemindustries.com\/?s={search_term_string}"},"query-input":{"@type":"PropertyValueSpecification","valueRequired":true,"valueName":"search_term_string"}}],"inLanguage":"en-US"}]}},"_links":{"self":[{"href":"https:\/\/kemindustries.com\/en\/wp-json\/wp\/v2\/pages\/576","targetHints":{"allow":["GET"]}}],"collection":[{"href":"https:\/\/kemindustries.com\/en\/wp-json\/wp\/v2\/pages"}],"about":[{"href":"https:\/\/kemindustries.com\/en\/wp-json\/wp\/v2\/types\/page"}],"author":[{"embeddable":true,"href":"https:\/\/kemindustries.com\/en\/wp-json\/wp\/v2\/users\/2"}],"replies":[{"embeddable":true,"href":"https:\/\/kemindustries.com\/en\/wp-json\/wp\/v2\/comments?post=576"}],"version-history":[{"count":0,"href":"https:\/\/kemindustries.com\/en\/wp-json\/wp\/v2\/pages\/576\/revisions"}],"wp:attachment":[{"href":"https:\/\/kemindustries.com\/en\/wp-json\/wp\/v2\/media?parent=576"}],"curies":[{"name":"wp","href":"https:\/\/api.w.org\/{rel}","templated":true}]}}