{"id":553,"date":"2021-10-05T12:21:49","date_gmt":"2021-10-05T17:21:49","guid":{"rendered":"https:\/\/kemindustries.com\/?page_id=553"},"modified":"2025-04-21T12:12:57","modified_gmt":"2025-04-21T18:12:57","slug":"lignito-crudo","status":"publish","type":"page","link":"https:\/\/kemindustries.com\/en\/lignito-crudo\/","title":{"rendered":"Leonardite (Lignite)"},"content":{"rendered":"<section class=\"l-section wpb_row height_medium\"><div class=\"l-section-h i-cf\"><div class=\"g-cols vc_row via_grid cols_2 laptops-cols_inherit tablets-cols_inherit mobiles-cols_1 valign_top type_default stacking_default\"><div class=\"wpb_column vc_column_container\"><div class=\"vc_column-inner\"><div class=\"wpb_text_column\"><div class=\"wpb_wrapper\"><h2>Lignito crudo o Leonardita<\/h2>\n<p>En <strong>Kem Industries<\/strong> somos proveedores en M\u00e9xico de<strong> Lignito Crudo<\/strong> o <strong>Leonardita. <\/strong>Contamos con presentaciones en <strong>saco de 22.68 kg<\/strong> y<strong> super saco de 997.92 kg. <\/strong>\u00a1Cont\u00e1ctanos!<\/p>\n<\/div><\/div><div class=\"w-separator size_medium\"><\/div><div class=\"wpb_text_column\"><div class=\"wpb_wrapper\"><h3>LIGNITE IN AGRICULTURE<\/h3>\n<p>Leonardite (lignite) in agriculture is outlined as an ideal fertilizer for agricultural crops. It is a product with a high content of humic acids, humus base, soil organic matter, which facilitates the plants nutrients absorption.<\/p>\n<p>The main feature of the lignite, is its soil conditioning action; achieves land rehabilitation and stimulates for a better water retention and penetration. Humic acids positively influence the soil fertility, favoring microbial activity, helping to improve the structure of clay soils, improving their permeability and increasing aeration at the root level of the plants. In sandy soils, they help to increase the cation exchange of macronutrients and micronutrients, improving the water retention capacity thus avoiding loss of nutrients by leaching.<\/p>\n<\/div><\/div><\/div><\/div><div class=\"wpb_column vc_column_container\"><div class=\"vc_column-inner\"><div class=\"w-image align_none\"><div class=\"w-image-h\"><img decoding=\"async\" width=\"1024\" height=\"683\" src=\"https:\/\/kemindustries.com\/wp-content\/uploads\/2020\/06\/aditamentos-para-la-agricultura-kem-industries-1024x683.jpg\" class=\"attachment-large size-large\" alt=\"Una de las aplicaciones de los lignosulfonatos en la agricultura es su funci\u00f3n como dispersante en pesticidas.\" loading=\"lazy\" srcset=\"https:\/\/kemindustries.com\/wp-content\/uploads\/2020\/06\/aditamentos-para-la-agricultura-kem-industries-1024x683.jpg 1024w, https:\/\/kemindustries.com\/wp-content\/uploads\/2020\/06\/aditamentos-para-la-agricultura-kem-industries-300x200.jpg 300w, https:\/\/kemindustries.com\/wp-content\/uploads\/2020\/06\/aditamentos-para-la-agricultura-kem-industries.jpg 1200w\" sizes=\"auto, (max-width: 1024px) 100vw, 1024px\" \/><\/div><\/div><\/div><\/div><\/div><\/div><\/section><section class=\"l-section wpb_row height_medium\"><div class=\"l-section-h i-cf\"><div class=\"g-cols vc_row via_grid cols_2 laptops-cols_inherit tablets-cols_inherit mobiles-cols_1 valign_top type_default stacking_default\"><div class=\"wpb_column vc_column_container\"><div class=\"vc_column-inner\"><div class=\"wpb_text_column\"><div class=\"wpb_wrapper\"><h3>DRILLING MUD ADDITIVES<\/h3>\n<p>Lignite is a soluble product with a high content of humic acids. Its components work as deflocculants, helping to reduce the viscosity of the fluid and stabilize the mud rheological properties at high temperatures.<\/p>\n<p>Some of the benefits are:<\/p>\n<ul>\n<li>Improves filtration control.<\/li>\n<li>Extends the temperatura range at which fluids remain stable.<\/li>\n<li>Works as emulsion stabilizer.<\/li>\n<\/ul>\n<\/div><\/div><\/div><\/div><div class=\"wpb_column vc_column_container\"><div class=\"vc_column-inner\"><div class=\"w-image align_none\"><div class=\"w-image-h\"><img decoding=\"async\" width=\"670\" height=\"380\" src=\"https:\/\/kemindustries.com\/wp-content\/uploads\/2020\/06\/kem-industries-industra-del-gas-y-petroleo.jpg\" class=\"attachment-large size-large\" alt=\"\" loading=\"lazy\" srcset=\"https:\/\/kemindustries.com\/wp-content\/uploads\/2020\/06\/kem-industries-industra-del-gas-y-petroleo.jpg 670w, https:\/\/kemindustries.com\/wp-content\/uploads\/2020\/06\/kem-industries-industra-del-gas-y-petroleo-300x170.jpg 300w\" sizes=\"auto, (max-width: 670px) 100vw, 670px\" \/><\/div><\/div><\/div><\/div><\/div><\/div><\/section>","protected":false},"excerpt":{"rendered":"Lignito crudo o Leonardita En Kem Industries somos proveedores en M\u00e9xico de Lignito Crudo o Leonardita. Contamos con presentaciones en saco de 22.68 kg y super saco de 997.92 kg. \u00a1Cont\u00e1ctanos! LIGNITO EN LA AGRICULTURA La Leonardita (Lignito Crudo) se perfila como fertilizante ideal para cultivos agr\u00edcolas. Es un producto con alto contenido de \u00e1cidos...","protected":false},"author":2,"featured_media":388,"parent":0,"menu_order":0,"comment_status":"closed","ping_status":"closed","template":"","meta":{"footnotes":""},"class_list":["post-553","page","type-page","status-publish","has-post-thumbnail","hentry"],"yoast_head":"<!-- This site is optimized with the Yoast SEO plugin v25.6 - https:\/\/yoast.com\/wordpress\/plugins\/seo\/ -->\n<title>Proveedores de Lignito Crudo en M\u00e9xico | Kem Industries<\/title>\n<meta name=\"description\" content=\"Proveedores de lignito crudo en M\u00e9xico. Presentaciones en saco de 22.68 kg y super saco de 997.92 kg. Para agricultura y aditivo para lodos.\" \/>\n<meta name=\"robots\" content=\"index, follow, max-snippet:-1, max-image-preview:large, max-video-preview:-1\" \/>\n<link rel=\"canonical\" href=\"https:\/\/kemindustries.com\/en\/lignito-crudo\/\" \/>\n<meta property=\"og:locale\" content=\"en_US\" \/>\n<meta property=\"og:type\" content=\"article\" \/>\n<meta property=\"og:title\" content=\"Proveedores de Lignito Crudo en M\u00e9xico | Kem Industries\" \/>\n<meta property=\"og:description\" content=\"Proveedores de lignito crudo en M\u00e9xico. Presentaciones en saco de 22.68 kg y super saco de 997.92 kg. Para agricultura y aditivo para lodos.\" \/>\n<meta property=\"og:url\" content=\"https:\/\/kemindustries.com\/en\/lignito-crudo\/\" \/>\n<meta property=\"og:site_name\" content=\"kemindustries\" \/>\n<meta property=\"article:modified_time\" content=\"2025-04-21T18:12:57+00:00\" \/>\n<meta property=\"og:image\" content=\"https:\/\/kemindustries.com\/wp-content\/uploads\/2020\/07\/aditamentos-para-la-industria-del-petroleo-mexico-kem-industries.jpg\" \/>\n\t<meta property=\"og:image:width\" content=\"1900\" \/>\n\t<meta property=\"og:image:height\" content=\"1266\" \/>\n\t<meta property=\"og:image:type\" content=\"image\/jpeg\" \/>\n<meta name=\"twitter:card\" content=\"summary_large_image\" \/>\n<meta name=\"twitter:label1\" content=\"Est. reading time\" \/>\n\t<meta name=\"twitter:data1\" content=\"2 minutes\" \/>\n<script type=\"application\/ld+json\" class=\"yoast-schema-graph\">{\"@context\":\"https:\/\/schema.org\",\"@graph\":[{\"@type\":\"WebPage\",\"@id\":\"https:\/\/kemindustries.com\/lignito-crudo\/\",\"url\":\"https:\/\/kemindustries.com\/lignito-crudo\/\",\"name\":\"Proveedores de Lignito Crudo en M\u00e9xico | Kem Industries\",\"isPartOf\":{\"@id\":\"https:\/\/kemindustries.com\/#website\"},\"primaryImageOfPage\":{\"@id\":\"https:\/\/kemindustries.com\/lignito-crudo\/#primaryimage\"},\"image\":{\"@id\":\"https:\/\/kemindustries.com\/lignito-crudo\/#primaryimage\"},\"thumbnailUrl\":\"https:\/\/kemindustries.com\/wp-content\/uploads\/2020\/07\/aditamentos-para-la-industria-del-petroleo-mexico-kem-industries.jpg\",\"datePublished\":\"2021-10-05T17:21:49+00:00\",\"dateModified\":\"2025-04-21T18:12:57+00:00\",\"description\":\"Proveedores de lignito crudo en M\u00e9xico. Presentaciones en saco de 22.68 kg y super saco de 997.92 kg. Para agricultura y aditivo para lodos.\",\"breadcrumb\":{\"@id\":\"https:\/\/kemindustries.com\/lignito-crudo\/#breadcrumb\"},\"inLanguage\":\"en-US\",\"potentialAction\":[{\"@type\":\"ReadAction\",\"target\":[\"https:\/\/kemindustries.com\/lignito-crudo\/\"]}]},{\"@type\":\"ImageObject\",\"inLanguage\":\"en-US\",\"@id\":\"https:\/\/kemindustries.com\/lignito-crudo\/#primaryimage\",\"url\":\"https:\/\/kemindustries.com\/wp-content\/uploads\/2020\/07\/aditamentos-para-la-industria-del-petroleo-mexico-kem-industries.jpg\",\"contentUrl\":\"https:\/\/kemindustries.com\/wp-content\/uploads\/2020\/07\/aditamentos-para-la-industria-del-petroleo-mexico-kem-industries.jpg\",\"width\":1900,\"height\":1266},{\"@type\":\"BreadcrumbList\",\"@id\":\"https:\/\/kemindustries.com\/lignito-crudo\/#breadcrumb\",\"itemListElement\":[{\"@type\":\"ListItem\",\"position\":1,\"name\":\"Portada\",\"item\":\"https:\/\/kemindustries.com\/\"},{\"@type\":\"ListItem\",\"position\":2,\"name\":\"Leonardita (Lignito Crudo)\"}]},{\"@type\":\"WebSite\",\"@id\":\"https:\/\/kemindustries.com\/#website\",\"url\":\"https:\/\/kemindustries.com\/\",\"name\":\"kemindustries\",\"description\":\"Otro sitio realizado con WordPress\",\"potentialAction\":[{\"@type\":\"SearchAction\",\"target\":{\"@type\":\"EntryPoint\",\"urlTemplate\":\"https:\/\/kemindustries.com\/?s={search_term_string}\"},\"query-input\":{\"@type\":\"PropertyValueSpecification\",\"valueRequired\":true,\"valueName\":\"search_term_string\"}}],\"inLanguage\":\"en-US\"}]}<\/script>\n<!-- \/ Yoast SEO plugin. -->","yoast_head_json":{"title":"Proveedores de Lignito Crudo en M\u00e9xico | Kem Industries","description":"Proveedores de lignito crudo en M\u00e9xico. Presentaciones en saco de 22.68 kg y super saco de 997.92 kg. Para agricultura y aditivo para lodos.","robots":{"index":"index","follow":"follow","max-snippet":"max-snippet:-1","max-image-preview":"max-image-preview:large","max-video-preview":"max-video-preview:-1"},"canonical":"https:\/\/kemindustries.com\/en\/lignito-crudo\/","og_locale":"en_US","og_type":"article","og_title":"Proveedores de Lignito Crudo en M\u00e9xico | Kem Industries","og_description":"Proveedores de lignito crudo en M\u00e9xico. Presentaciones en saco de 22.68 kg y super saco de 997.92 kg. Para agricultura y aditivo para lodos.","og_url":"https:\/\/kemindustries.com\/en\/lignito-crudo\/","og_site_name":"kemindustries","article_modified_time":"2025-04-21T18:12:57+00:00","og_image":[{"width":1900,"height":1266,"url":"https:\/\/kemindustries.com\/wp-content\/uploads\/2020\/07\/aditamentos-para-la-industria-del-petroleo-mexico-kem-industries.jpg","type":"image\/jpeg"}],"twitter_card":"summary_large_image","twitter_misc":{"Est. reading time":"2 minutes"},"schema":{"@context":"https:\/\/schema.org","@graph":[{"@type":"WebPage","@id":"https:\/\/kemindustries.com\/lignito-crudo\/","url":"https:\/\/kemindustries.com\/lignito-crudo\/","name":"Proveedores de Lignito Crudo en M\u00e9xico | Kem Industries","isPartOf":{"@id":"https:\/\/kemindustries.com\/#website"},"primaryImageOfPage":{"@id":"https:\/\/kemindustries.com\/lignito-crudo\/#primaryimage"},"image":{"@id":"https:\/\/kemindustries.com\/lignito-crudo\/#primaryimage"},"thumbnailUrl":"https:\/\/kemindustries.com\/wp-content\/uploads\/2020\/07\/aditamentos-para-la-industria-del-petroleo-mexico-kem-industries.jpg","datePublished":"2021-10-05T17:21:49+00:00","dateModified":"2025-04-21T18:12:57+00:00","description":"Proveedores de lignito crudo en M\u00e9xico. Presentaciones en saco de 22.68 kg y super saco de 997.92 kg. Para agricultura y aditivo para lodos.","breadcrumb":{"@id":"https:\/\/kemindustries.com\/lignito-crudo\/#breadcrumb"},"inLanguage":"en-US","potentialAction":[{"@type":"ReadAction","target":["https:\/\/kemindustries.com\/lignito-crudo\/"]}]},{"@type":"ImageObject","inLanguage":"en-US","@id":"https:\/\/kemindustries.com\/lignito-crudo\/#primaryimage","url":"https:\/\/kemindustries.com\/wp-content\/uploads\/2020\/07\/aditamentos-para-la-industria-del-petroleo-mexico-kem-industries.jpg","contentUrl":"https:\/\/kemindustries.com\/wp-content\/uploads\/2020\/07\/aditamentos-para-la-industria-del-petroleo-mexico-kem-industries.jpg","width":1900,"height":1266},{"@type":"BreadcrumbList","@id":"https:\/\/kemindustries.com\/lignito-crudo\/#breadcrumb","itemListElement":[{"@type":"ListItem","position":1,"name":"Portada","item":"https:\/\/kemindustries.com\/"},{"@type":"ListItem","position":2,"name":"Leonardita (Lignito Crudo)"}]},{"@type":"WebSite","@id":"https:\/\/kemindustries.com\/#website","url":"https:\/\/kemindustries.com\/","name":"kemindustries","description":"Otro sitio realizado con WordPress","potentialAction":[{"@type":"SearchAction","target":{"@type":"EntryPoint","urlTemplate":"https:\/\/kemindustries.com\/?s={search_term_string}"},"query-input":{"@type":"PropertyValueSpecification","valueRequired":true,"valueName":"search_term_string"}}],"inLanguage":"en-US"}]}},"_links":{"self":[{"href":"https:\/\/kemindustries.com\/en\/wp-json\/wp\/v2\/pages\/553","targetHints":{"allow":["GET"]}}],"collection":[{"href":"https:\/\/kemindustries.com\/en\/wp-json\/wp\/v2\/pages"}],"about":[{"href":"https:\/\/kemindustries.com\/en\/wp-json\/wp\/v2\/types\/page"}],"author":[{"embeddable":true,"href":"https:\/\/kemindustries.com\/en\/wp-json\/wp\/v2\/users\/2"}],"replies":[{"embeddable":true,"href":"https:\/\/kemindustries.com\/en\/wp-json\/wp\/v2\/comments?post=553"}],"version-history":[{"count":0,"href":"https:\/\/kemindustries.com\/en\/wp-json\/wp\/v2\/pages\/553\/revisions"}],"wp:featuredmedia":[{"embeddable":true,"href":"https:\/\/kemindustries.com\/en\/wp-json\/wp\/v2\/media\/388"}],"wp:attachment":[{"href":"https:\/\/kemindustries.com\/en\/wp-json\/wp\/v2\/media?parent=553"}],"curies":[{"name":"wp","href":"https:\/\/api.w.org\/{rel}","templated":true}]}}