{"id":551,"date":"2021-10-05T12:20:46","date_gmt":"2021-10-05T17:20:46","guid":{"rendered":"https:\/\/kemindustries.com\/?page_id=551"},"modified":"2025-04-21T15:43:24","modified_gmt":"2025-04-21T21:43:24","slug":"gilsonita","status":"publish","type":"page","link":"https:\/\/kemindustries.com\/en\/gilsonita\/","title":{"rendered":"Gilsonite"},"content":{"rendered":"<section class=\"l-section wpb_row height_medium\"><div class=\"l-section-h i-cf\"><div class=\"g-cols vc_row via_grid cols_2 laptops-cols_inherit tablets-cols_inherit mobiles-cols_1 valign_top type_default stacking_default\"><div class=\"wpb_column vc_column_container\"><div class=\"vc_column-inner\"><div class=\"wpb_text_column\"><div class=\"wpb_wrapper\"><h2>Gilsonite<\/h2>\n<p><span>En\u00a0<\/span><strong>Kem Industries<\/strong><span>\u00a0somos proveedores en M\u00e9xico de\u00a0<strong>gilsonita.<\/strong><\/span><strong><span>\u00a0<\/span><\/strong><span>Contamos con presentaciones en\u00a0<\/span><strong>saco de 22.68 kg<\/strong><strong>.<span>\u00a0<\/span><\/strong><span>\u00a1Cont\u00e1ctanos!<\/span><\/p>\n<p>Gilsonite is an hydrocarbon resin with properties that improve the performance of various applications in different industries. Gilsonite is used as an ingredient to produce inks with superior gloss and adhesion properties. Also, they are used as additives in paints and varnishes.<\/p>\n<p>Gilsonite is also used as a dispersing agent in carbon black.<\/p>\n<h3>Some of the benefits are:<\/h3>\n<ul>\n<li>They improve the roughness, gloss, chemical and climatic resistance of inks, paints and varnishes.<\/li>\n<li>Provides superior binding properties for high performance inks.<\/li>\n<li>In terms of wood stains, its unique properties protect the wood and provide a deep color that does not fade over time.<\/li>\n<li>Estabilidad antes rayos UV.<\/li>\n<\/ul>\n<\/div><\/div><\/div><\/div><div class=\"wpb_column vc_column_container\"><div class=\"vc_column-inner\"><div class=\"w-image align_none\"><div class=\"w-image-h\"><img decoding=\"async\" width=\"500\" height=\"424\" src=\"https:\/\/kemindustries.com\/wp-content\/uploads\/2021\/10\/Gilsonite.jpg\" class=\"attachment-large size-large\" alt=\"\" loading=\"lazy\" srcset=\"https:\/\/kemindustries.com\/wp-content\/uploads\/2021\/10\/Gilsonite.jpg 500w, https:\/\/kemindustries.com\/wp-content\/uploads\/2021\/10\/Gilsonite-300x254.jpg 300w\" sizes=\"auto, (max-width: 500px) 100vw, 500px\" \/><\/div><\/div><\/div><\/div><\/div><\/div><\/section>","protected":false},"excerpt":{"rendered":"Gilsonita En\u00a0Kem Industries\u00a0somos proveedores en M\u00e9xico de\u00a0gilsonita.\u00a0Contamos con presentaciones en\u00a0saco de 22.68 kg.\u00a0\u00a1Cont\u00e1ctanos! La gilsonita es una resina de hidrocarburo con propiedades que mejoran el desempe\u00f1o de diversas aplicaciones en diferentes industrias. La gilsonita se utiliza como ingrediente para fabricar tintas con propiedades de brillo y adherencia superiores. Tambi\u00e9n, son utilizadas como aditivos en pinturas...","protected":false},"author":2,"featured_media":597,"parent":0,"menu_order":0,"comment_status":"closed","ping_status":"closed","template":"","meta":{"footnotes":""},"class_list":["post-551","page","type-page","status-publish","has-post-thumbnail","hentry"],"yoast_head":"<!-- This site is optimized with the Yoast SEO plugin v25.6 - https:\/\/yoast.com\/wordpress\/plugins\/seo\/ -->\n<title>Proveedores de Gilsonita | Kem Industries | M\u00e9xico<\/title>\n<meta name=\"description\" content=\"Contamos con sacos de 22.68 kg. Utilizado en la fabricaci\u00f3n de tintas y como aditivo de barnices y pinturas. Somos Proveedores en M\u00e9xico.\" \/>\n<meta name=\"robots\" content=\"index, follow, max-snippet:-1, max-image-preview:large, max-video-preview:-1\" \/>\n<link rel=\"canonical\" href=\"https:\/\/kemindustries.com\/en\/gilsonita\/\" \/>\n<meta property=\"og:locale\" content=\"en_US\" \/>\n<meta property=\"og:type\" content=\"article\" \/>\n<meta property=\"og:title\" content=\"Proveedores de Gilsonita | Kem Industries | M\u00e9xico\" \/>\n<meta property=\"og:description\" content=\"Contamos con sacos de 22.68 kg. Utilizado en la fabricaci\u00f3n de tintas y como aditivo de barnices y pinturas. Somos Proveedores en M\u00e9xico.\" \/>\n<meta property=\"og:url\" content=\"https:\/\/kemindustries.com\/en\/gilsonita\/\" \/>\n<meta property=\"og:site_name\" content=\"kemindustries\" \/>\n<meta property=\"article:modified_time\" content=\"2025-04-21T21:43:24+00:00\" \/>\n<meta property=\"og:image\" content=\"https:\/\/kemindustries.com\/wp-content\/uploads\/2021\/10\/Gilsonite.jpg\" \/>\n\t<meta property=\"og:image:width\" content=\"500\" \/>\n\t<meta property=\"og:image:height\" content=\"424\" \/>\n\t<meta property=\"og:image:type\" content=\"image\/jpeg\" \/>\n<meta name=\"twitter:card\" content=\"summary_large_image\" \/>\n<meta name=\"twitter:label1\" content=\"Est. reading time\" \/>\n\t<meta name=\"twitter:data1\" content=\"1 minute\" \/>\n<script type=\"application\/ld+json\" class=\"yoast-schema-graph\">{\"@context\":\"https:\/\/schema.org\",\"@graph\":[{\"@type\":\"WebPage\",\"@id\":\"https:\/\/kemindustries.com\/gilsonita\/\",\"url\":\"https:\/\/kemindustries.com\/gilsonita\/\",\"name\":\"Proveedores de Gilsonita | Kem Industries | M\u00e9xico\",\"isPartOf\":{\"@id\":\"https:\/\/kemindustries.com\/#website\"},\"primaryImageOfPage\":{\"@id\":\"https:\/\/kemindustries.com\/gilsonita\/#primaryimage\"},\"image\":{\"@id\":\"https:\/\/kemindustries.com\/gilsonita\/#primaryimage\"},\"thumbnailUrl\":\"https:\/\/kemindustries.com\/wp-content\/uploads\/2021\/10\/Gilsonite.jpg\",\"datePublished\":\"2021-10-05T17:20:46+00:00\",\"dateModified\":\"2025-04-21T21:43:24+00:00\",\"description\":\"Contamos con sacos de 22.68 kg. Utilizado en la fabricaci\u00f3n de tintas y como aditivo de barnices y pinturas. Somos Proveedores en M\u00e9xico.\",\"breadcrumb\":{\"@id\":\"https:\/\/kemindustries.com\/gilsonita\/#breadcrumb\"},\"inLanguage\":\"en-US\",\"potentialAction\":[{\"@type\":\"ReadAction\",\"target\":[\"https:\/\/kemindustries.com\/gilsonita\/\"]}]},{\"@type\":\"ImageObject\",\"inLanguage\":\"en-US\",\"@id\":\"https:\/\/kemindustries.com\/gilsonita\/#primaryimage\",\"url\":\"https:\/\/kemindustries.com\/wp-content\/uploads\/2021\/10\/Gilsonite.jpg\",\"contentUrl\":\"https:\/\/kemindustries.com\/wp-content\/uploads\/2021\/10\/Gilsonite.jpg\",\"width\":500,\"height\":424},{\"@type\":\"BreadcrumbList\",\"@id\":\"https:\/\/kemindustries.com\/gilsonita\/#breadcrumb\",\"itemListElement\":[{\"@type\":\"ListItem\",\"position\":1,\"name\":\"Portada\",\"item\":\"https:\/\/kemindustries.com\/\"},{\"@type\":\"ListItem\",\"position\":2,\"name\":\"Gilsonita\"}]},{\"@type\":\"WebSite\",\"@id\":\"https:\/\/kemindustries.com\/#website\",\"url\":\"https:\/\/kemindustries.com\/\",\"name\":\"kemindustries\",\"description\":\"Otro sitio realizado con WordPress\",\"potentialAction\":[{\"@type\":\"SearchAction\",\"target\":{\"@type\":\"EntryPoint\",\"urlTemplate\":\"https:\/\/kemindustries.com\/?s={search_term_string}\"},\"query-input\":{\"@type\":\"PropertyValueSpecification\",\"valueRequired\":true,\"valueName\":\"search_term_string\"}}],\"inLanguage\":\"en-US\"}]}<\/script>\n<!-- \/ Yoast SEO plugin. -->","yoast_head_json":{"title":"Proveedores de Gilsonita | Kem Industries | M\u00e9xico","description":"Contamos con sacos de 22.68 kg. Utilizado en la fabricaci\u00f3n de tintas y como aditivo de barnices y pinturas. Somos Proveedores en M\u00e9xico.","robots":{"index":"index","follow":"follow","max-snippet":"max-snippet:-1","max-image-preview":"max-image-preview:large","max-video-preview":"max-video-preview:-1"},"canonical":"https:\/\/kemindustries.com\/en\/gilsonita\/","og_locale":"en_US","og_type":"article","og_title":"Proveedores de Gilsonita | Kem Industries | M\u00e9xico","og_description":"Contamos con sacos de 22.68 kg. Utilizado en la fabricaci\u00f3n de tintas y como aditivo de barnices y pinturas. Somos Proveedores en M\u00e9xico.","og_url":"https:\/\/kemindustries.com\/en\/gilsonita\/","og_site_name":"kemindustries","article_modified_time":"2025-04-21T21:43:24+00:00","og_image":[{"width":500,"height":424,"url":"https:\/\/kemindustries.com\/wp-content\/uploads\/2021\/10\/Gilsonite.jpg","type":"image\/jpeg"}],"twitter_card":"summary_large_image","twitter_misc":{"Est. reading time":"1 minute"},"schema":{"@context":"https:\/\/schema.org","@graph":[{"@type":"WebPage","@id":"https:\/\/kemindustries.com\/gilsonita\/","url":"https:\/\/kemindustries.com\/gilsonita\/","name":"Proveedores de Gilsonita | Kem Industries | M\u00e9xico","isPartOf":{"@id":"https:\/\/kemindustries.com\/#website"},"primaryImageOfPage":{"@id":"https:\/\/kemindustries.com\/gilsonita\/#primaryimage"},"image":{"@id":"https:\/\/kemindustries.com\/gilsonita\/#primaryimage"},"thumbnailUrl":"https:\/\/kemindustries.com\/wp-content\/uploads\/2021\/10\/Gilsonite.jpg","datePublished":"2021-10-05T17:20:46+00:00","dateModified":"2025-04-21T21:43:24+00:00","description":"Contamos con sacos de 22.68 kg. Utilizado en la fabricaci\u00f3n de tintas y como aditivo de barnices y pinturas. Somos Proveedores en M\u00e9xico.","breadcrumb":{"@id":"https:\/\/kemindustries.com\/gilsonita\/#breadcrumb"},"inLanguage":"en-US","potentialAction":[{"@type":"ReadAction","target":["https:\/\/kemindustries.com\/gilsonita\/"]}]},{"@type":"ImageObject","inLanguage":"en-US","@id":"https:\/\/kemindustries.com\/gilsonita\/#primaryimage","url":"https:\/\/kemindustries.com\/wp-content\/uploads\/2021\/10\/Gilsonite.jpg","contentUrl":"https:\/\/kemindustries.com\/wp-content\/uploads\/2021\/10\/Gilsonite.jpg","width":500,"height":424},{"@type":"BreadcrumbList","@id":"https:\/\/kemindustries.com\/gilsonita\/#breadcrumb","itemListElement":[{"@type":"ListItem","position":1,"name":"Portada","item":"https:\/\/kemindustries.com\/"},{"@type":"ListItem","position":2,"name":"Gilsonita"}]},{"@type":"WebSite","@id":"https:\/\/kemindustries.com\/#website","url":"https:\/\/kemindustries.com\/","name":"kemindustries","description":"Otro sitio realizado con WordPress","potentialAction":[{"@type":"SearchAction","target":{"@type":"EntryPoint","urlTemplate":"https:\/\/kemindustries.com\/?s={search_term_string}"},"query-input":{"@type":"PropertyValueSpecification","valueRequired":true,"valueName":"search_term_string"}}],"inLanguage":"en-US"}]}},"_links":{"self":[{"href":"https:\/\/kemindustries.com\/en\/wp-json\/wp\/v2\/pages\/551","targetHints":{"allow":["GET"]}}],"collection":[{"href":"https:\/\/kemindustries.com\/en\/wp-json\/wp\/v2\/pages"}],"about":[{"href":"https:\/\/kemindustries.com\/en\/wp-json\/wp\/v2\/types\/page"}],"author":[{"embeddable":true,"href":"https:\/\/kemindustries.com\/en\/wp-json\/wp\/v2\/users\/2"}],"replies":[{"embeddable":true,"href":"https:\/\/kemindustries.com\/en\/wp-json\/wp\/v2\/comments?post=551"}],"version-history":[{"count":0,"href":"https:\/\/kemindustries.com\/en\/wp-json\/wp\/v2\/pages\/551\/revisions"}],"wp:featuredmedia":[{"embeddable":true,"href":"https:\/\/kemindustries.com\/en\/wp-json\/wp\/v2\/media\/597"}],"wp:attachment":[{"href":"https:\/\/kemindustries.com\/en\/wp-json\/wp\/v2\/media?parent=551"}],"curies":[{"name":"wp","href":"https:\/\/api.w.org\/{rel}","templated":true}]}}