{"id":547,"date":"2021-10-05T12:10:12","date_gmt":"2021-10-05T17:10:12","guid":{"rendered":"https:\/\/kemindustries.com\/?page_id=547"},"modified":"2025-04-14T13:53:14","modified_gmt":"2025-04-14T19:53:14","slug":"acido-humico-en-cristal-al-75-soluble","status":"publish","type":"page","link":"https:\/\/kemindustries.com\/en\/acido-humico-en-cristal-al-75-soluble\/","title":{"rendered":"\u00c1cido H\u00famico en cristal al 75% &#8211; Soluble"},"content":{"rendered":"<section class=\"l-section wpb_row height_medium\"><div class=\"l-section-h i-cf\"><div class=\"g-cols vc_row via_grid cols_2 laptops-cols_inherit tablets-cols_inherit mobiles-cols_1 valign_top type_default reversed stacking_default\"><div class=\"wpb_column vc_column_container\"><div class=\"vc_column-inner\"><div class=\"wpb_text_column\"><div class=\"wpb_wrapper\"><h2>Proveedor de \u00c1cido H\u00famico Cristal al 75% &#8211; Soluble<\/h2>\n<\/div><\/div><div class=\"w-separator size_small\"><\/div><div class=\"wpb_text_column\"><div class=\"wpb_wrapper\"><h3><strong>Somos proveedores de \u00e1cidos h\u00famicos en M\u00e9xico. \u00a1Cont\u00e1ctanos!<\/strong><\/h3>\n<p>En <strong>Kem Industries<\/strong> contamos con productos de calidad, tenemos presentaci\u00f3n de<strong> saco de 20 kg.<\/strong><\/p>\n<p>El \u00e1cido h\u00famico en cristal al 75%, es una materia org\u00e1nica en forma de cristales altamente solubles. El producto se encuentra concentrado y humidificado, posee sustancias h\u00famicas derivadas de la leonardita. Mejora los suelos f\u00edsica, qu\u00edmica y biol\u00f3gicamente, favoreciendo el desarrollo y crecimiento de las plantas. Cuenta con la capacidad de hacer que se obtenga una mayor cantidad y calidad de frutos. Se puede aplicar solo o en conjunto con otros fertilizantes en forma foliar o directa al suelo.<\/p>\n<h3>Some of its benefits are:<\/h3>\n<ul>\n<li>Increases the efficiency of nutrient assimilation, providing a fast and effective nutrition.<\/li>\n<li>High cation chelating power.<\/li>\n<li>Avoid cracks and root suffocation.<\/li>\n<li>Transports nutrients from the soil to the roots and foliage.<\/li>\n<li>Increases the permeability of cell membranes, accelerating the penetration of systemic products<\/li>\n<li>Stimulates root and general growth of plants.<\/li>\n<li>Provides greater and better vegetative growth.<\/li>\n<li>It grants precocity of maturity.<\/li>\n<li>Extends the accumulation of biomass, granting a higher performance.<\/li>\n<li>Improves the size, quantity and weight of fruits.<\/li>\n<\/ul>\n<h3>Soil benefits:<\/h3>\n<ul>\n<li>Improves physical, chemical and biological properties of the soil.<\/li>\n<li>Retains moisture in the soil.<\/li>\n<li>Improves the structure, salinity, aeration and porosity of the soil.<\/li>\n<li>Reduces soil compaction.<\/li>\n<li>It encourages the microbiological activity of soils.<\/li>\n<\/ul>\n<\/div><\/div><\/div><\/div><div class=\"wpb_column vc_column_container\"><div class=\"vc_column-inner\"><div class=\"w-image align_none\"><div class=\"w-image-h\"><img decoding=\"async\" width=\"400\" height=\"300\" src=\"https:\/\/kemindustries.com\/wp-content\/uploads\/2021\/10\/\u00e1cido-h\u00famico-cristal.jpg\" class=\"attachment-large size-large\" alt=\"\u00e1cidos h\u00famicos en cristal al 75%, solubles en agua.\" loading=\"lazy\" srcset=\"https:\/\/kemindustries.com\/wp-content\/uploads\/2021\/10\/\u00e1cido-h\u00famico-cristal.jpg 400w, https:\/\/kemindustries.com\/wp-content\/uploads\/2021\/10\/\u00e1cido-h\u00famico-cristal-300x225.jpg 300w\" sizes=\"auto, (max-width: 400px) 100vw, 400px\" \/><\/div><\/div><\/div><\/div><\/div><\/div><\/section>","protected":false},"excerpt":{"rendered":"Proveedor de \u00c1cido H\u00famico Cristal al 75% &#8211; Soluble Somos proveedores de \u00e1cidos h\u00famicos en M\u00e9xico. \u00a1Cont\u00e1ctanos! En Kem Industries contamos con productos de calidad, tenemos presentaci\u00f3n de saco de 20 kg. El \u00e1cido h\u00famico en cristal al 75%, es una materia org\u00e1nica en forma de cristales altamente solubles. El producto se encuentra concentrado y...","protected":false},"author":2,"featured_media":585,"parent":0,"menu_order":0,"comment_status":"closed","ping_status":"closed","template":"","meta":{"footnotes":""},"class_list":["post-547","page","type-page","status-publish","has-post-thumbnail","hentry"],"yoast_head":"<!-- This site is optimized with the Yoast SEO plugin v25.6 - https:\/\/yoast.com\/wordpress\/plugins\/seo\/ -->\n<title>Proveedor de \u00c1cido H\u00famico Cristal al 75% | Kem Industries<\/title>\n<meta name=\"description\" content=\"Somos proveedores de \u00c1cidos H\u00famicos en M\u00e9xico. Contamos con presentaci\u00f3n de saco de 20 kg. Favorece el crecimiento y desarrollo de plantas.\" \/>\n<meta name=\"robots\" content=\"index, follow, max-snippet:-1, max-image-preview:large, max-video-preview:-1\" \/>\n<link rel=\"canonical\" href=\"https:\/\/kemindustries.com\/en\/acido-humico-en-cristal-al-75-soluble\/\" \/>\n<meta property=\"og:locale\" content=\"en_US\" \/>\n<meta property=\"og:type\" content=\"article\" \/>\n<meta property=\"og:title\" content=\"Proveedor de \u00c1cido H\u00famico Cristal al 75% | Kem Industries\" \/>\n<meta property=\"og:description\" content=\"Somos proveedores de \u00c1cidos H\u00famicos en M\u00e9xico. Contamos con presentaci\u00f3n de saco de 20 kg. Favorece el crecimiento y desarrollo de plantas.\" \/>\n<meta property=\"og:url\" content=\"https:\/\/kemindustries.com\/en\/acido-humico-en-cristal-al-75-soluble\/\" \/>\n<meta property=\"og:site_name\" content=\"kemindustries\" \/>\n<meta property=\"article:modified_time\" content=\"2025-04-14T19:53:14+00:00\" \/>\n<meta property=\"og:image\" content=\"https:\/\/kemindustries.com\/wp-content\/uploads\/2021\/10\/\u00e1cido-h\u00famico-cristal.jpg\" \/>\n\t<meta property=\"og:image:width\" content=\"400\" \/>\n\t<meta property=\"og:image:height\" content=\"300\" \/>\n\t<meta property=\"og:image:type\" content=\"image\/jpeg\" \/>\n<meta name=\"twitter:card\" content=\"summary_large_image\" \/>\n<meta name=\"twitter:label1\" content=\"Est. reading time\" \/>\n\t<meta name=\"twitter:data1\" content=\"2 minutes\" \/>\n<script type=\"application\/ld+json\" class=\"yoast-schema-graph\">{\"@context\":\"https:\/\/schema.org\",\"@graph\":[{\"@type\":\"WebPage\",\"@id\":\"https:\/\/kemindustries.com\/acido-humico-en-cristal-al-75-soluble\/\",\"url\":\"https:\/\/kemindustries.com\/acido-humico-en-cristal-al-75-soluble\/\",\"name\":\"Proveedor de \u00c1cido H\u00famico Cristal al 75% | Kem Industries\",\"isPartOf\":{\"@id\":\"https:\/\/kemindustries.com\/#website\"},\"primaryImageOfPage\":{\"@id\":\"https:\/\/kemindustries.com\/acido-humico-en-cristal-al-75-soluble\/#primaryimage\"},\"image\":{\"@id\":\"https:\/\/kemindustries.com\/acido-humico-en-cristal-al-75-soluble\/#primaryimage\"},\"thumbnailUrl\":\"https:\/\/kemindustries.com\/wp-content\/uploads\/2021\/10\/\u00e1cido-h\u00famico-cristal.jpg\",\"datePublished\":\"2021-10-05T17:10:12+00:00\",\"dateModified\":\"2025-04-14T19:53:14+00:00\",\"description\":\"Somos proveedores de \u00c1cidos H\u00famicos en M\u00e9xico. Contamos con presentaci\u00f3n de saco de 20 kg. Favorece el crecimiento y desarrollo de plantas.\",\"breadcrumb\":{\"@id\":\"https:\/\/kemindustries.com\/acido-humico-en-cristal-al-75-soluble\/#breadcrumb\"},\"inLanguage\":\"en-US\",\"potentialAction\":[{\"@type\":\"ReadAction\",\"target\":[\"https:\/\/kemindustries.com\/acido-humico-en-cristal-al-75-soluble\/\"]}]},{\"@type\":\"ImageObject\",\"inLanguage\":\"en-US\",\"@id\":\"https:\/\/kemindustries.com\/acido-humico-en-cristal-al-75-soluble\/#primaryimage\",\"url\":\"https:\/\/kemindustries.com\/wp-content\/uploads\/2021\/10\/\u00e1cido-h\u00famico-cristal.jpg\",\"contentUrl\":\"https:\/\/kemindustries.com\/wp-content\/uploads\/2021\/10\/\u00e1cido-h\u00famico-cristal.jpg\",\"width\":400,\"height\":300,\"caption\":\"\u00e1cidos h\u00famicos en cristal al 75%, solubles en agua.\"},{\"@type\":\"BreadcrumbList\",\"@id\":\"https:\/\/kemindustries.com\/acido-humico-en-cristal-al-75-soluble\/#breadcrumb\",\"itemListElement\":[{\"@type\":\"ListItem\",\"position\":1,\"name\":\"Portada\",\"item\":\"https:\/\/kemindustries.com\/\"},{\"@type\":\"ListItem\",\"position\":2,\"name\":\"\u00c1cido H\u00famico en cristal al 75% &#8211; Soluble\"}]},{\"@type\":\"WebSite\",\"@id\":\"https:\/\/kemindustries.com\/#website\",\"url\":\"https:\/\/kemindustries.com\/\",\"name\":\"kemindustries\",\"description\":\"Otro sitio realizado con WordPress\",\"potentialAction\":[{\"@type\":\"SearchAction\",\"target\":{\"@type\":\"EntryPoint\",\"urlTemplate\":\"https:\/\/kemindustries.com\/?s={search_term_string}\"},\"query-input\":{\"@type\":\"PropertyValueSpecification\",\"valueRequired\":true,\"valueName\":\"search_term_string\"}}],\"inLanguage\":\"en-US\"}]}<\/script>\n<!-- \/ Yoast SEO plugin. -->","yoast_head_json":{"title":"Proveedor de \u00c1cido H\u00famico Cristal al 75% | Kem Industries","description":"Somos proveedores de \u00c1cidos H\u00famicos en M\u00e9xico. Contamos con presentaci\u00f3n de saco de 20 kg. Favorece el crecimiento y desarrollo de plantas.","robots":{"index":"index","follow":"follow","max-snippet":"max-snippet:-1","max-image-preview":"max-image-preview:large","max-video-preview":"max-video-preview:-1"},"canonical":"https:\/\/kemindustries.com\/en\/acido-humico-en-cristal-al-75-soluble\/","og_locale":"en_US","og_type":"article","og_title":"Proveedor de \u00c1cido H\u00famico Cristal al 75% | Kem Industries","og_description":"Somos proveedores de \u00c1cidos H\u00famicos en M\u00e9xico. Contamos con presentaci\u00f3n de saco de 20 kg. Favorece el crecimiento y desarrollo de plantas.","og_url":"https:\/\/kemindustries.com\/en\/acido-humico-en-cristal-al-75-soluble\/","og_site_name":"kemindustries","article_modified_time":"2025-04-14T19:53:14+00:00","og_image":[{"width":400,"height":300,"url":"https:\/\/kemindustries.com\/wp-content\/uploads\/2021\/10\/\u00e1cido-h\u00famico-cristal.jpg","type":"image\/jpeg"}],"twitter_card":"summary_large_image","twitter_misc":{"Est. reading time":"2 minutes"},"schema":{"@context":"https:\/\/schema.org","@graph":[{"@type":"WebPage","@id":"https:\/\/kemindustries.com\/acido-humico-en-cristal-al-75-soluble\/","url":"https:\/\/kemindustries.com\/acido-humico-en-cristal-al-75-soluble\/","name":"Proveedor de \u00c1cido H\u00famico Cristal al 75% | Kem Industries","isPartOf":{"@id":"https:\/\/kemindustries.com\/#website"},"primaryImageOfPage":{"@id":"https:\/\/kemindustries.com\/acido-humico-en-cristal-al-75-soluble\/#primaryimage"},"image":{"@id":"https:\/\/kemindustries.com\/acido-humico-en-cristal-al-75-soluble\/#primaryimage"},"thumbnailUrl":"https:\/\/kemindustries.com\/wp-content\/uploads\/2021\/10\/\u00e1cido-h\u00famico-cristal.jpg","datePublished":"2021-10-05T17:10:12+00:00","dateModified":"2025-04-14T19:53:14+00:00","description":"Somos proveedores de \u00c1cidos H\u00famicos en M\u00e9xico. Contamos con presentaci\u00f3n de saco de 20 kg. Favorece el crecimiento y desarrollo de plantas.","breadcrumb":{"@id":"https:\/\/kemindustries.com\/acido-humico-en-cristal-al-75-soluble\/#breadcrumb"},"inLanguage":"en-US","potentialAction":[{"@type":"ReadAction","target":["https:\/\/kemindustries.com\/acido-humico-en-cristal-al-75-soluble\/"]}]},{"@type":"ImageObject","inLanguage":"en-US","@id":"https:\/\/kemindustries.com\/acido-humico-en-cristal-al-75-soluble\/#primaryimage","url":"https:\/\/kemindustries.com\/wp-content\/uploads\/2021\/10\/\u00e1cido-h\u00famico-cristal.jpg","contentUrl":"https:\/\/kemindustries.com\/wp-content\/uploads\/2021\/10\/\u00e1cido-h\u00famico-cristal.jpg","width":400,"height":300,"caption":"\u00e1cidos h\u00famicos en cristal al 75%, solubles en agua."},{"@type":"BreadcrumbList","@id":"https:\/\/kemindustries.com\/acido-humico-en-cristal-al-75-soluble\/#breadcrumb","itemListElement":[{"@type":"ListItem","position":1,"name":"Portada","item":"https:\/\/kemindustries.com\/"},{"@type":"ListItem","position":2,"name":"\u00c1cido H\u00famico en cristal al 75% &#8211; Soluble"}]},{"@type":"WebSite","@id":"https:\/\/kemindustries.com\/#website","url":"https:\/\/kemindustries.com\/","name":"kemindustries","description":"Otro sitio realizado con WordPress","potentialAction":[{"@type":"SearchAction","target":{"@type":"EntryPoint","urlTemplate":"https:\/\/kemindustries.com\/?s={search_term_string}"},"query-input":{"@type":"PropertyValueSpecification","valueRequired":true,"valueName":"search_term_string"}}],"inLanguage":"en-US"}]}},"_links":{"self":[{"href":"https:\/\/kemindustries.com\/en\/wp-json\/wp\/v2\/pages\/547","targetHints":{"allow":["GET"]}}],"collection":[{"href":"https:\/\/kemindustries.com\/en\/wp-json\/wp\/v2\/pages"}],"about":[{"href":"https:\/\/kemindustries.com\/en\/wp-json\/wp\/v2\/types\/page"}],"author":[{"embeddable":true,"href":"https:\/\/kemindustries.com\/en\/wp-json\/wp\/v2\/users\/2"}],"replies":[{"embeddable":true,"href":"https:\/\/kemindustries.com\/en\/wp-json\/wp\/v2\/comments?post=547"}],"version-history":[{"count":0,"href":"https:\/\/kemindustries.com\/en\/wp-json\/wp\/v2\/pages\/547\/revisions"}],"wp:featuredmedia":[{"embeddable":true,"href":"https:\/\/kemindustries.com\/en\/wp-json\/wp\/v2\/media\/585"}],"wp:attachment":[{"href":"https:\/\/kemindustries.com\/en\/wp-json\/wp\/v2\/media?parent=547"}],"curies":[{"name":"wp","href":"https:\/\/api.w.org\/{rel}","templated":true}]}}