{"id":544,"date":"2021-10-05T12:08:49","date_gmt":"2021-10-05T17:08:49","guid":{"rendered":"https:\/\/kemindustries.com\/?page_id=544"},"modified":"2025-04-09T11:39:21","modified_gmt":"2025-04-09T17:39:21","slug":"acido-humico-en-polvo-al-50","status":"publish","type":"page","link":"https:\/\/kemindustries.com\/en\/acido-humico-en-polvo-al-50\/","title":{"rendered":"\u00c1cido H\u00famico en polvo al 50%"},"content":{"rendered":"<section class=\"l-section wpb_row height_medium\"><div class=\"l-section-h i-cf\"><div class=\"g-cols vc_row via_grid cols_2 laptops-cols_inherit tablets-cols_inherit mobiles-cols_1 valign_top type_default stacking_default\"><div class=\"wpb_column vc_column_container\"><div class=\"vc_column-inner\"><div class=\"wpb_text_column\"><div class=\"wpb_wrapper\"><h2><strong>Proveedores de \u00c1cidos H\u00famicos en polvo al 50%<\/strong><\/h2>\n<h3><strong>Somos proveedores de \u00e1cidos h\u00famicos en M\u00e9xico. Contamos con presentaci\u00f3n en saco de 20 kg.<\/strong><\/h3>\n<p>El \u00e1cido h\u00famico en polvo al 50% es una materia org\u00e1nica s\u00f3lida, concentrada y humidificada. Mejora los suelos de manera f\u00edsica, qu\u00edmica y biol\u00f3gica. Se puede aplicar con fertilizantes s\u00f3lidos o l\u00edquidos.<\/p>\n<h3>Some of its benefits are:<\/h3>\n<ul>\n<li>Increases the efficiency of nutrient assimilation, providing a fast and effective nutrition.<\/li>\n<li>High cation chelating power.<\/li>\n<li>Avoid cracks and root suffocation.<\/li>\n<li>Transports nutrients from the soil to the roots and foliage.<\/li>\n<li>Increases the permeability of cell membranes, accelerating the penetration of systemic products<\/li>\n<li>Stimulates root and general growth of plants.<\/li>\n<li>Provides greater and better vegetative growth.<\/li>\n<li>It grants precocity of maturity.<\/li>\n<li>Extends the accumulation of biomass, granting a higher performance.<\/li>\n<li>Improves the size, quantity and weight of fruits.<\/li>\n<\/ul>\n<h3>Soil benefits:<\/h3>\n<ul>\n<li>Improves physical, chemical and biological properties of the soil.<\/li>\n<li>Retains moisture in the soil.<\/li>\n<li>Improves the structure, salinity, aeration and porosity of the soil.<\/li>\n<li>Reduces soil compaction.<\/li>\n<li>It encourages the microbiological activity of soils.<\/li>\n<\/ul>\n<\/div><\/div><\/div><\/div><div class=\"wpb_column vc_column_container\"><div class=\"vc_column-inner\"><div class=\"w-image align_none\"><div class=\"w-image-h\"><img decoding=\"async\" width=\"400\" height=\"300\" src=\"https:\/\/kemindustries.com\/wp-content\/uploads\/2021\/10\/\u00e1cido-h\u00famico-polvo.jpg\" class=\"attachment-large size-large\" alt=\"\" loading=\"lazy\" srcset=\"https:\/\/kemindustries.com\/wp-content\/uploads\/2021\/10\/\u00e1cido-h\u00famico-polvo.jpg 400w, https:\/\/kemindustries.com\/wp-content\/uploads\/2021\/10\/\u00e1cido-h\u00famico-polvo-300x225.jpg 300w\" sizes=\"auto, (max-width: 400px) 100vw, 400px\" \/><\/div><\/div><div class=\"w-separator size_medium\"><\/div><div class=\"w-btn-wrapper align_left\"><a class=\"w-btn us-btn-style_1\" href=\"#contacto\"><span class=\"w-btn-label\">Cotiza ahora<\/span><\/a><\/div><\/div><\/div><\/div><\/div><\/section>","protected":false},"excerpt":{"rendered":"Proveedores de \u00c1cidos H\u00famicos en polvo al 50% Somos proveedores de \u00e1cidos h\u00famicos en M\u00e9xico. Contamos con presentaci\u00f3n en saco de 20 kg. El \u00e1cido h\u00famico en polvo al 50% es una materia org\u00e1nica s\u00f3lida, concentrada y humidificada. Mejora los suelos de manera f\u00edsica, qu\u00edmica y biol\u00f3gica. Se puede aplicar con fertilizantes s\u00f3lidos o l\u00edquidos....","protected":false},"author":2,"featured_media":586,"parent":0,"menu_order":0,"comment_status":"closed","ping_status":"closed","template":"","meta":{"footnotes":""},"class_list":["post-544","page","type-page","status-publish","has-post-thumbnail","hentry"],"yoast_head":"<!-- This site is optimized with the Yoast SEO plugin v25.6 - https:\/\/yoast.com\/wordpress\/plugins\/seo\/ -->\n<title>Proveedores de \u00c1cidos H\u00famicos en polvo al 50% | Kem Industries<\/title>\n<meta name=\"description\" content=\"Somos proveedores de \u00c1cidos H\u00famicos en M\u00e9xico. Contamos con sacos de 20kg. Se puede aplicar con fertilizantes s\u00f3lidos o l\u00edquidos.\" \/>\n<meta name=\"robots\" content=\"index, follow, max-snippet:-1, max-image-preview:large, max-video-preview:-1\" \/>\n<link rel=\"canonical\" href=\"https:\/\/kemindustries.com\/en\/acido-humico-en-polvo-al-50\/\" \/>\n<meta property=\"og:locale\" content=\"en_US\" \/>\n<meta property=\"og:type\" content=\"article\" \/>\n<meta property=\"og:title\" content=\"Proveedores de \u00c1cidos H\u00famicos en polvo al 50% | Kem Industries\" \/>\n<meta property=\"og:description\" content=\"Somos proveedores de \u00c1cidos H\u00famicos en M\u00e9xico. Contamos con sacos de 20kg. Se puede aplicar con fertilizantes s\u00f3lidos o l\u00edquidos.\" \/>\n<meta property=\"og:url\" content=\"https:\/\/kemindustries.com\/en\/acido-humico-en-polvo-al-50\/\" \/>\n<meta property=\"og:site_name\" content=\"kemindustries\" \/>\n<meta property=\"article:modified_time\" content=\"2025-04-09T17:39:21+00:00\" \/>\n<meta property=\"og:image\" content=\"https:\/\/kemindustries.com\/wp-content\/uploads\/2021\/10\/\u00e1cido-h\u00famico-polvo.jpg\" \/>\n\t<meta property=\"og:image:width\" content=\"400\" \/>\n\t<meta property=\"og:image:height\" content=\"300\" \/>\n\t<meta property=\"og:image:type\" content=\"image\/jpeg\" \/>\n<meta name=\"twitter:card\" content=\"summary_large_image\" \/>\n<meta name=\"twitter:label1\" content=\"Est. reading time\" \/>\n\t<meta name=\"twitter:data1\" content=\"2 minutes\" \/>\n<script type=\"application\/ld+json\" class=\"yoast-schema-graph\">{\"@context\":\"https:\/\/schema.org\",\"@graph\":[{\"@type\":\"WebPage\",\"@id\":\"https:\/\/kemindustries.com\/acido-humico-en-polvo-al-50\/\",\"url\":\"https:\/\/kemindustries.com\/acido-humico-en-polvo-al-50\/\",\"name\":\"Proveedores de \u00c1cidos H\u00famicos en polvo al 50% | Kem Industries\",\"isPartOf\":{\"@id\":\"https:\/\/kemindustries.com\/#website\"},\"primaryImageOfPage\":{\"@id\":\"https:\/\/kemindustries.com\/acido-humico-en-polvo-al-50\/#primaryimage\"},\"image\":{\"@id\":\"https:\/\/kemindustries.com\/acido-humico-en-polvo-al-50\/#primaryimage\"},\"thumbnailUrl\":\"https:\/\/kemindustries.com\/wp-content\/uploads\/2021\/10\/\u00e1cido-h\u00famico-polvo.jpg\",\"datePublished\":\"2021-10-05T17:08:49+00:00\",\"dateModified\":\"2025-04-09T17:39:21+00:00\",\"description\":\"Somos proveedores de \u00c1cidos H\u00famicos en M\u00e9xico. Contamos con sacos de 20kg. Se puede aplicar con fertilizantes s\u00f3lidos o l\u00edquidos.\",\"breadcrumb\":{\"@id\":\"https:\/\/kemindustries.com\/acido-humico-en-polvo-al-50\/#breadcrumb\"},\"inLanguage\":\"en-US\",\"potentialAction\":[{\"@type\":\"ReadAction\",\"target\":[\"https:\/\/kemindustries.com\/acido-humico-en-polvo-al-50\/\"]}]},{\"@type\":\"ImageObject\",\"inLanguage\":\"en-US\",\"@id\":\"https:\/\/kemindustries.com\/acido-humico-en-polvo-al-50\/#primaryimage\",\"url\":\"https:\/\/kemindustries.com\/wp-content\/uploads\/2021\/10\/\u00e1cido-h\u00famico-polvo.jpg\",\"contentUrl\":\"https:\/\/kemindustries.com\/wp-content\/uploads\/2021\/10\/\u00e1cido-h\u00famico-polvo.jpg\",\"width\":400,\"height\":300},{\"@type\":\"BreadcrumbList\",\"@id\":\"https:\/\/kemindustries.com\/acido-humico-en-polvo-al-50\/#breadcrumb\",\"itemListElement\":[{\"@type\":\"ListItem\",\"position\":1,\"name\":\"Portada\",\"item\":\"https:\/\/kemindustries.com\/\"},{\"@type\":\"ListItem\",\"position\":2,\"name\":\"\u00c1cido H\u00famico en polvo al 50%\"}]},{\"@type\":\"WebSite\",\"@id\":\"https:\/\/kemindustries.com\/#website\",\"url\":\"https:\/\/kemindustries.com\/\",\"name\":\"kemindustries\",\"description\":\"Otro sitio realizado con WordPress\",\"potentialAction\":[{\"@type\":\"SearchAction\",\"target\":{\"@type\":\"EntryPoint\",\"urlTemplate\":\"https:\/\/kemindustries.com\/?s={search_term_string}\"},\"query-input\":{\"@type\":\"PropertyValueSpecification\",\"valueRequired\":true,\"valueName\":\"search_term_string\"}}],\"inLanguage\":\"en-US\"}]}<\/script>\n<!-- \/ Yoast SEO plugin. -->","yoast_head_json":{"title":"Proveedores de \u00c1cidos H\u00famicos en polvo al 50% | Kem Industries","description":"Somos proveedores de \u00c1cidos H\u00famicos en M\u00e9xico. Contamos con sacos de 20kg. Se puede aplicar con fertilizantes s\u00f3lidos o l\u00edquidos.","robots":{"index":"index","follow":"follow","max-snippet":"max-snippet:-1","max-image-preview":"max-image-preview:large","max-video-preview":"max-video-preview:-1"},"canonical":"https:\/\/kemindustries.com\/en\/acido-humico-en-polvo-al-50\/","og_locale":"en_US","og_type":"article","og_title":"Proveedores de \u00c1cidos H\u00famicos en polvo al 50% | Kem Industries","og_description":"Somos proveedores de \u00c1cidos H\u00famicos en M\u00e9xico. Contamos con sacos de 20kg. Se puede aplicar con fertilizantes s\u00f3lidos o l\u00edquidos.","og_url":"https:\/\/kemindustries.com\/en\/acido-humico-en-polvo-al-50\/","og_site_name":"kemindustries","article_modified_time":"2025-04-09T17:39:21+00:00","og_image":[{"width":400,"height":300,"url":"https:\/\/kemindustries.com\/wp-content\/uploads\/2021\/10\/\u00e1cido-h\u00famico-polvo.jpg","type":"image\/jpeg"}],"twitter_card":"summary_large_image","twitter_misc":{"Est. reading time":"2 minutes"},"schema":{"@context":"https:\/\/schema.org","@graph":[{"@type":"WebPage","@id":"https:\/\/kemindustries.com\/acido-humico-en-polvo-al-50\/","url":"https:\/\/kemindustries.com\/acido-humico-en-polvo-al-50\/","name":"Proveedores de \u00c1cidos H\u00famicos en polvo al 50% | Kem Industries","isPartOf":{"@id":"https:\/\/kemindustries.com\/#website"},"primaryImageOfPage":{"@id":"https:\/\/kemindustries.com\/acido-humico-en-polvo-al-50\/#primaryimage"},"image":{"@id":"https:\/\/kemindustries.com\/acido-humico-en-polvo-al-50\/#primaryimage"},"thumbnailUrl":"https:\/\/kemindustries.com\/wp-content\/uploads\/2021\/10\/\u00e1cido-h\u00famico-polvo.jpg","datePublished":"2021-10-05T17:08:49+00:00","dateModified":"2025-04-09T17:39:21+00:00","description":"Somos proveedores de \u00c1cidos H\u00famicos en M\u00e9xico. Contamos con sacos de 20kg. Se puede aplicar con fertilizantes s\u00f3lidos o l\u00edquidos.","breadcrumb":{"@id":"https:\/\/kemindustries.com\/acido-humico-en-polvo-al-50\/#breadcrumb"},"inLanguage":"en-US","potentialAction":[{"@type":"ReadAction","target":["https:\/\/kemindustries.com\/acido-humico-en-polvo-al-50\/"]}]},{"@type":"ImageObject","inLanguage":"en-US","@id":"https:\/\/kemindustries.com\/acido-humico-en-polvo-al-50\/#primaryimage","url":"https:\/\/kemindustries.com\/wp-content\/uploads\/2021\/10\/\u00e1cido-h\u00famico-polvo.jpg","contentUrl":"https:\/\/kemindustries.com\/wp-content\/uploads\/2021\/10\/\u00e1cido-h\u00famico-polvo.jpg","width":400,"height":300},{"@type":"BreadcrumbList","@id":"https:\/\/kemindustries.com\/acido-humico-en-polvo-al-50\/#breadcrumb","itemListElement":[{"@type":"ListItem","position":1,"name":"Portada","item":"https:\/\/kemindustries.com\/"},{"@type":"ListItem","position":2,"name":"\u00c1cido H\u00famico en polvo al 50%"}]},{"@type":"WebSite","@id":"https:\/\/kemindustries.com\/#website","url":"https:\/\/kemindustries.com\/","name":"kemindustries","description":"Otro sitio realizado con WordPress","potentialAction":[{"@type":"SearchAction","target":{"@type":"EntryPoint","urlTemplate":"https:\/\/kemindustries.com\/?s={search_term_string}"},"query-input":{"@type":"PropertyValueSpecification","valueRequired":true,"valueName":"search_term_string"}}],"inLanguage":"en-US"}]}},"_links":{"self":[{"href":"https:\/\/kemindustries.com\/en\/wp-json\/wp\/v2\/pages\/544","targetHints":{"allow":["GET"]}}],"collection":[{"href":"https:\/\/kemindustries.com\/en\/wp-json\/wp\/v2\/pages"}],"about":[{"href":"https:\/\/kemindustries.com\/en\/wp-json\/wp\/v2\/types\/page"}],"author":[{"embeddable":true,"href":"https:\/\/kemindustries.com\/en\/wp-json\/wp\/v2\/users\/2"}],"replies":[{"embeddable":true,"href":"https:\/\/kemindustries.com\/en\/wp-json\/wp\/v2\/comments?post=544"}],"version-history":[{"count":0,"href":"https:\/\/kemindustries.com\/en\/wp-json\/wp\/v2\/pages\/544\/revisions"}],"wp:featuredmedia":[{"embeddable":true,"href":"https:\/\/kemindustries.com\/en\/wp-json\/wp\/v2\/media\/586"}],"wp:attachment":[{"href":"https:\/\/kemindustries.com\/en\/wp-json\/wp\/v2\/media?parent=544"}],"curies":[{"name":"wp","href":"https:\/\/api.w.org\/{rel}","templated":true}]}}